{"id":2069,"date":"2023-07-26T23:47:27","date_gmt":"2023-07-26T21:47:27","guid":{"rendered":"https:\/\/alasiberia.com\/web\/present\/"},"modified":"2023-09-20T13:17:26","modified_gmt":"2023-09-20T11:17:26","slug":"present","status":"publish","type":"page","link":"https:\/\/alasiberia.com\/web\/fr\/present\/","title":{"rendered":"Pr\u00e9sent"},"content":{"rendered":"<div class=\"fusion-fullwidth fullwidth-box fusion-builder-row-1 fusion-flex-container has-pattern-background has-mask-background nonhundred-percent-fullwidth non-hundred-percent-height-scrolling\" style=\"--awb-border-radius-top-left:0px;--awb-border-radius-top-right:0px;--awb-border-radius-bottom-right:0px;--awb-border-radius-bottom-left:0px;--awb-margin-top:130px;--awb-flex-wrap:wrap;\" ><div class=\"fusion-builder-row fusion-row fusion-flex-align-items-flex-start fusion-flex-content-wrap\" style=\"max-width:1248px;margin-left: calc(-4% \/ 2 );margin-right: calc(-4% \/ 2 );\"><div class=\"fusion-layout-column fusion_builder_column fusion-builder-column-0 fusion_builder_column_2_3 2_3 fusion-flex-column\" style=\"--awb-bg-size:cover;--awb-width-large:66.666666666667%;--awb-margin-top-large:0px;--awb-spacing-right-large:2.88%;--awb-margin-bottom-large:20px;--awb-spacing-left-large:2.88%;--awb-width-medium:66.666666666667%;--awb-order-medium:0;--awb-spacing-right-medium:2.88%;--awb-spacing-left-medium:2.88%;--awb-width-small:100%;--awb-order-small:0;--awb-spacing-right-small:1.92%;--awb-spacing-left-small:1.92%;\"><div class=\"fusion-column-wrapper fusion-column-has-shadow fusion-flex-justify-content-flex-start fusion-content-layout-column\"><div class=\"fusion-title title fusion-title-1 fusion-sep-none fusion-title-text fusion-title-size-one\" style=\"--awb-margin-top-small:10px;--awb-margin-right-small:0px;--awb-margin-bottom-small:10px;--awb-margin-left-small:0px;\"><h1 class=\"fusion-title-heading title-heading-left\" style=\"margin:0;\">ACTUALIT\u00c9S ALAS IBERIA<\/h1><\/div><div class=\"fusion-separator\" style=\"align-self: flex-start;margin-right:auto;margin-top:30px;margin-bottom:30px;width:100%;max-width:20%;\"><div class=\"fusion-separator-border sep-single sep-solid\" style=\"--awb-height:20px;--awb-amount:20px;--awb-sep-color:var(--awb-color6);border-color:var(--awb-color6);border-top-width:3px;\"><\/div><\/div><div class=\"fusion-blog-shortcode fusion-blog-shortcode-1 fusion-blog-archive fusion-blog-layout-timeline-wrapper fusion-blog-infinite\" style=\"--awb-title-font-size:26PX;--awb-timeline-title-font-size:15PX;--awb-title-font-family:&quot;Barlow Condensed&quot;;--awb-title-font-style:normal;--awb-title-font-weight:400;--awb-timeline-title-font-family:&quot;Barlow Condensed&quot;;--awb-timeline-title-font-style:normal;--awb-timeline-title-font-weight:400;--grid_separator_color:var(--awb-color8);\"><div class=\"fusion-posts-container fusion-posts-container-infinite fusion-posts-container-load-more fusion-no-meta-info fusion-blog-rollover\" data-pages=\"1\"><div class=\"fusion-timeline-icon\"><i class=\"awb-icon-bubbles\" style=\"color:#d6d6d6;\" aria-hidden=\"true\"><\/i><\/div><div class=\"fusion-blog-layout-timeline fusion-clearfix\"><div class=\"fusion-timeline-line\" style=\"border-left:1px solid #d6d6d6;border-right:1px solid #d6d6d6;\"><\/div><h4 class=\"fusion-timeline-date\" style=\"background-color:#d6d6d6;\">ao\u00fbt 2023<\/h4><div class=\"fusion-collapse-month\"><article id=\"blog-1-post-2219\" style=\"border-color:#d6d6d6;\" class=\"fusion-post-timeline fusion-clearfix fusion-left-column post-2219 post type-post status-publish format-standard has-post-thumbnail hentry category-non-classifiee\">\n<div class=\"fusion-post-wrapper\" style=\"background-color:rgba(255,255,255,0);\">\n\n\t\t\t<div class=\"fusion-flexslider flexslider fusion-flexslider-loading fusion-post-slideshow\" style=\"border-color:#d6d6d6;\">\n\t\t<ul class=\"slides\">\n\t\t\t\n\t\t\t\t\t\t\t\t\t\t\t\t\t\t<li><div  class=\"fusion-image-wrapper\" aria-haspopup=\"true\">\n\t\t\t\t<img decoding=\"async\" width=\"1080\" height=\"720\" src=\"https:\/\/alasiberia.com\/web\/wp-content\/uploads\/2023\/08\/alas-iberia-estrenamos-web.jpg\" class=\"attachment-full size-full wp-post-image\" alt=\"\" srcset=\"https:\/\/alasiberia.com\/web\/wp-content\/uploads\/2023\/08\/alas-iberia-estrenamos-web-200x133.jpg 200w, https:\/\/alasiberia.com\/web\/wp-content\/uploads\/2023\/08\/alas-iberia-estrenamos-web-400x267.jpg 400w, https:\/\/alasiberia.com\/web\/wp-content\/uploads\/2023\/08\/alas-iberia-estrenamos-web-600x400.jpg 600w, https:\/\/alasiberia.com\/web\/wp-content\/uploads\/2023\/08\/alas-iberia-estrenamos-web-800x533.jpg 800w, https:\/\/alasiberia.com\/web\/wp-content\/uploads\/2023\/08\/alas-iberia-estrenamos-web.jpg 1080w\" sizes=\"(max-width: 640px) 100vw, 40vw\" \/><div class=\"fusion-rollover\">\n\t<div class=\"fusion-rollover-content\">\n\n\t\t\t\t\t\t\t\t\t\t\t\t\t\t<a class=\"fusion-rollover-link\" href=\"https:\/\/alasiberia.com\/web\/fr\/nous-lancons-un-site-internet\/\">Nous lan\u00e7ons un site Internet<\/a>\n\t\t\t\n\t\t\t\t\t\t\t\t\n\t\t\n\t\t\t\t\t\t\t\t\n\t\t\t\t\t\t\t\t\n\t\t\n\t\t\t\t\t\t<a class=\"fusion-link-wrapper\" href=\"https:\/\/alasiberia.com\/web\/fr\/nous-lancons-un-site-internet\/\" aria-label=\"Nous lan\u00e7ons un site Internet\"><\/a>\n\t<\/div>\n<\/div>\n<\/div>\n<\/li>\n\t\t\t\n\t\t\t\n\t\t\t\t\t\t\t\t\t\t\t\t\t\t\t\t\t\t\t\t\t\t\t\t\t\t\t\t\t\t\t\t\t\t\t\t\t\t\t\t\t\t\t\t\t\t\t\t\t\t\t\t\t\t\t\t\t\t\t\t\t\t\t\t\t\t\t\t<\/ul>\n\t<\/div>\n\t<div class=\"fusion-post-content-wrapper\" style=\"padding:30px 25px 25px 25px;\"><div class=\"fusion-post-content post-content\"><div class=\"fusion-timeline-circle\" style=\"background-color:#d6d6d6;\"><\/div><div class=\"fusion-timeline-arrow\" style=\"color:#d6d6d6;\"><\/div><h3 class=\"blog-shortcode-post-title entry-title\"><a href=\"https:\/\/alasiberia.com\/web\/fr\/nous-lancons-un-site-internet\/\">Nous lan\u00e7ons un site Internet<\/a><\/h3><\/div><\/div><div class=\"fusion-clearfix\"><\/div><\/div>\n<\/article>\n<\/div><h4 class=\"fusion-timeline-date\" style=\"background-color:#d6d6d6;\">juin 2023<\/h4><div class=\"fusion-collapse-month\"><article id=\"blog-1-post-2222\" style=\"border-color:#d6d6d6;\" class=\"fusion-post-timeline fusion-clearfix fusion-right-column post-2222 post type-post status-publish format-standard has-post-thumbnail hentry category-non-classifiee\">\n<div class=\"fusion-post-wrapper\" style=\"background-color:rgba(255,255,255,0);\">\n\n\t\t\t<div class=\"fusion-flexslider flexslider fusion-flexslider-loading fusion-post-slideshow\" style=\"border-color:#d6d6d6;\">\n\t\t<ul class=\"slides\">\n\t\t\t\n\t\t\t\t\t\t\t\t\t\t\t\t\t\t<li><div  class=\"fusion-image-wrapper\" aria-haspopup=\"true\">\n\t\t\t\t<img decoding=\"async\" width=\"1076\" height=\"1094\" src=\"https:\/\/alasiberia.com\/web\/wp-content\/uploads\/2023\/07\/BARANDILLA-DE-VIDRIO-LAMINADO.png\" class=\"attachment-full size-full wp-post-image\" alt=\"\" srcset=\"https:\/\/alasiberia.com\/web\/wp-content\/uploads\/2023\/07\/BARANDILLA-DE-VIDRIO-LAMINADO-200x203.png 200w, https:\/\/alasiberia.com\/web\/wp-content\/uploads\/2023\/07\/BARANDILLA-DE-VIDRIO-LAMINADO-400x407.png 400w, https:\/\/alasiberia.com\/web\/wp-content\/uploads\/2023\/07\/BARANDILLA-DE-VIDRIO-LAMINADO-600x610.png 600w, https:\/\/alasiberia.com\/web\/wp-content\/uploads\/2023\/07\/BARANDILLA-DE-VIDRIO-LAMINADO-800x813.png 800w, https:\/\/alasiberia.com\/web\/wp-content\/uploads\/2023\/07\/BARANDILLA-DE-VIDRIO-LAMINADO.png 1076w\" sizes=\"(max-width: 640px) 100vw, 40vw\" \/><div class=\"fusion-rollover\">\n\t<div class=\"fusion-rollover-content\">\n\n\t\t\t\t\t\t\t\t\t\t\t\t\t\t<a class=\"fusion-rollover-link\" href=\"https:\/\/alasiberia.com\/web\/fr\/alas-infinity-nouveau-systeme-de-garde-corps-en-verre-feuillete-superpose-a-la-menuiserie\/\">ALAS INFINITY, nouveau syst\u00e8me de garde-corps en verre feuillet\u00e9, superpos\u00e9 \u00e0 la menuiserie<\/a>\n\t\t\t\n\t\t\t\t\t\t\t\t\n\t\t\n\t\t\t\t\t\t\t\t\n\t\t\t\t\t\t\t\t\n\t\t\n\t\t\t\t\t\t<a class=\"fusion-link-wrapper\" href=\"https:\/\/alasiberia.com\/web\/fr\/alas-infinity-nouveau-systeme-de-garde-corps-en-verre-feuillete-superpose-a-la-menuiserie\/\" aria-label=\"ALAS INFINITY, nouveau syst\u00e8me de garde-corps en verre feuillet\u00e9, superpos\u00e9 \u00e0 la menuiserie\"><\/a>\n\t<\/div>\n<\/div>\n<\/div>\n<\/li>\n\t\t\t\n\t\t\t\n\t\t\t\t\t\t\t\t\t\t\t\t\t\t\t\t\t\t\t\t\t\t\t\t\t\t\t\t\t\t\t\t\t\t\t\t\t\t\t\t\t\t\t\t\t\t\t\t\t\t\t\t\t\t\t\t\t\t\t\t\t\t\t\t\t\t\t\t<\/ul>\n\t<\/div>\n\t<div class=\"fusion-post-content-wrapper\" style=\"padding:30px 25px 25px 25px;\"><div class=\"fusion-post-content post-content\"><div class=\"fusion-timeline-circle\" style=\"background-color:#d6d6d6;\"><\/div><div class=\"fusion-timeline-arrow\" style=\"color:#d6d6d6;\"><\/div><h3 class=\"blog-shortcode-post-title entry-title\"><a href=\"https:\/\/alasiberia.com\/web\/fr\/alas-infinity-nouveau-systeme-de-garde-corps-en-verre-feuillete-superpose-a-la-menuiserie\/\">ALAS INFINITY, nouveau syst\u00e8me de garde-corps en verre feuillet\u00e9, superpos\u00e9 \u00e0 la menuiserie<\/a><\/h3><\/div><\/div><div class=\"fusion-clearfix\"><\/div><\/div>\n<\/article>\n<\/div><h4 class=\"fusion-timeline-date\" style=\"background-color:#d6d6d6;\">mai 2023<\/h4><div class=\"fusion-collapse-month\"><article id=\"blog-1-post-2225\" style=\"border-color:#d6d6d6;\" class=\"fusion-post-timeline fusion-clearfix fusion-left-column post-2225 post type-post status-publish format-standard has-post-thumbnail hentry category-non-classifiee\">\n<div class=\"fusion-post-wrapper\" style=\"background-color:rgba(255,255,255,0);\">\n\n\t\t\t<div class=\"fusion-flexslider flexslider fusion-flexslider-loading fusion-post-slideshow\" style=\"border-color:#d6d6d6;\">\n\t\t<ul class=\"slides\">\n\t\t\t\n\t\t\t\t\t\t\t\t\t\t\t\t\t\t<li><div  class=\"fusion-image-wrapper\" aria-haspopup=\"true\">\n\t\t\t\t<img decoding=\"async\" width=\"1056\" height=\"920\" src=\"https:\/\/alasiberia.com\/web\/wp-content\/uploads\/2023\/07\/Corredera-minimalista-alas-72.png\" class=\"attachment-full size-full wp-post-image\" alt=\"\" srcset=\"https:\/\/alasiberia.com\/web\/wp-content\/uploads\/2023\/07\/Corredera-minimalista-alas-72-200x174.png 200w, https:\/\/alasiberia.com\/web\/wp-content\/uploads\/2023\/07\/Corredera-minimalista-alas-72-400x348.png 400w, https:\/\/alasiberia.com\/web\/wp-content\/uploads\/2023\/07\/Corredera-minimalista-alas-72-600x523.png 600w, https:\/\/alasiberia.com\/web\/wp-content\/uploads\/2023\/07\/Corredera-minimalista-alas-72-800x697.png 800w, https:\/\/alasiberia.com\/web\/wp-content\/uploads\/2023\/07\/Corredera-minimalista-alas-72.png 1056w\" sizes=\"(max-width: 640px) 100vw, 40vw\" \/><div class=\"fusion-rollover\">\n\t<div class=\"fusion-rollover-content\">\n\n\t\t\t\t\t\t\t\t\t\t\t\t\t\t<a class=\"fusion-rollover-link\" href=\"https:\/\/alasiberia.com\/web\/fr\/alas-72-nouveau-toboggan-elevateur-minimaliste\/\">ALAS 72, nouveau toboggan \u00e9l\u00e9vateur minimaliste<\/a>\n\t\t\t\n\t\t\t\t\t\t\t\t\n\t\t\n\t\t\t\t\t\t\t\t\n\t\t\t\t\t\t\t\t\n\t\t\n\t\t\t\t\t\t<a class=\"fusion-link-wrapper\" href=\"https:\/\/alasiberia.com\/web\/fr\/alas-72-nouveau-toboggan-elevateur-minimaliste\/\" aria-label=\"ALAS 72, nouveau toboggan \u00e9l\u00e9vateur minimaliste\"><\/a>\n\t<\/div>\n<\/div>\n<\/div>\n<\/li>\n\t\t\t\n\t\t\t\n\t\t\t\t\t\t\t\t\t\t\t\t\t\t\t\t\t\t\t\t\t\t\t\t\t\t\t\t\t\t\t\t\t\t\t\t\t\t\t\t\t\t\t\t\t\t\t\t\t\t\t\t\t\t\t\t\t\t\t\t\t\t\t\t\t\t\t\t<\/ul>\n\t<\/div>\n\t<div class=\"fusion-post-content-wrapper\" style=\"padding:30px 25px 25px 25px;\"><div class=\"fusion-post-content post-content\"><div class=\"fusion-timeline-circle\" style=\"background-color:#d6d6d6;\"><\/div><div class=\"fusion-timeline-arrow\" style=\"color:#d6d6d6;\"><\/div><h3 class=\"blog-shortcode-post-title entry-title\"><a href=\"https:\/\/alasiberia.com\/web\/fr\/alas-72-nouveau-toboggan-elevateur-minimaliste\/\">ALAS 72, nouveau toboggan \u00e9l\u00e9vateur minimaliste<\/a><\/h3><\/div><\/div><div class=\"fusion-clearfix\"><\/div><\/div>\n<\/article>\n<\/div><h4 class=\"fusion-timeline-date\" style=\"background-color:#d6d6d6;\">f\u00e9vrier 2023<\/h4><div class=\"fusion-collapse-month\"><article id=\"blog-1-post-2228\" style=\"border-color:#d6d6d6;\" class=\"fusion-post-timeline fusion-clearfix fusion-right-column post-2228 post type-post status-publish format-standard has-post-thumbnail hentry category-non-classifiee\">\n<div class=\"fusion-post-wrapper\" style=\"background-color:rgba(255,255,255,0);\">\n\n\t\t\t<div class=\"fusion-flexslider flexslider fusion-flexslider-loading fusion-post-slideshow\" style=\"border-color:#d6d6d6;\">\n\t\t<ul class=\"slides\">\n\t\t\t\n\t\t\t\t\t\t\t\t\t\t\t\t\t\t<li><div  class=\"fusion-image-wrapper\" aria-haspopup=\"true\">\n\t\t\t\t<img decoding=\"async\" width=\"920\" height=\"986\" src=\"https:\/\/alasiberia.com\/web\/wp-content\/uploads\/2023\/07\/ALAS-infinity-barandilla.png\" class=\"attachment-full size-full wp-post-image\" alt=\"\" srcset=\"https:\/\/alasiberia.com\/web\/wp-content\/uploads\/2023\/07\/ALAS-infinity-barandilla-200x214.png 200w, https:\/\/alasiberia.com\/web\/wp-content\/uploads\/2023\/07\/ALAS-infinity-barandilla-400x429.png 400w, https:\/\/alasiberia.com\/web\/wp-content\/uploads\/2023\/07\/ALAS-infinity-barandilla-600x643.png 600w, https:\/\/alasiberia.com\/web\/wp-content\/uploads\/2023\/07\/ALAS-infinity-barandilla-800x857.png 800w, https:\/\/alasiberia.com\/web\/wp-content\/uploads\/2023\/07\/ALAS-infinity-barandilla.png 920w\" sizes=\"(max-width: 640px) 100vw, 40vw\" \/><div class=\"fusion-rollover\">\n\t<div class=\"fusion-rollover-content\">\n\n\t\t\t\t\t\t\t\t\t\t\t\t\t\t<a class=\"fusion-rollover-link\" href=\"https:\/\/alasiberia.com\/web\/fr\/alas-infinity-garde-corps-en-verre-de-securite-feuillete\/\">ALAS INFINITY Garde-corps en verre de s\u00e9curit\u00e9 feuillet\u00e9<\/a>\n\t\t\t\n\t\t\t\t\t\t\t\t\n\t\t\n\t\t\t\t\t\t\t\t\n\t\t\t\t\t\t\t\t\n\t\t\n\t\t\t\t\t\t<a class=\"fusion-link-wrapper\" href=\"https:\/\/alasiberia.com\/web\/fr\/alas-infinity-garde-corps-en-verre-de-securite-feuillete\/\" aria-label=\"ALAS INFINITY Garde-corps en verre de s\u00e9curit\u00e9 feuillet\u00e9\"><\/a>\n\t<\/div>\n<\/div>\n<\/div>\n<\/li>\n\t\t\t\n\t\t\t\n\t\t\t\t\t\t\t\t\t\t\t\t\t\t\t\t\t\t\t\t\t\t\t\t\t\t\t\t\t\t\t\t\t\t\t\t\t\t\t\t\t\t\t\t\t\t\t\t\t\t\t\t\t\t\t\t\t\t\t\t\t\t\t\t\t\t\t\t<\/ul>\n\t<\/div>\n\t<div class=\"fusion-post-content-wrapper\" style=\"padding:30px 25px 25px 25px;\"><div class=\"fusion-post-content post-content\"><div class=\"fusion-timeline-circle\" style=\"background-color:#d6d6d6;\"><\/div><div class=\"fusion-timeline-arrow\" style=\"color:#d6d6d6;\"><\/div><h3 class=\"blog-shortcode-post-title entry-title\"><a href=\"https:\/\/alasiberia.com\/web\/fr\/alas-infinity-garde-corps-en-verre-de-securite-feuillete\/\">ALAS INFINITY Garde-corps en verre de s\u00e9curit\u00e9 feuillet\u00e9<\/a><\/h3><\/div><\/div><div class=\"fusion-clearfix\"><\/div><\/div>\n<\/article>\n<\/div><\/div><\/div><\/div><\/div><\/div><div class=\"fusion-layout-column fusion_builder_column fusion-builder-column-1 awb-sticky awb-sticky-small awb-sticky-medium awb-sticky-large fusion_builder_column_1_4 1_4 fusion-flex-column fusion-flex-align-self-flex-start\" style=\"--awb-bg-size:cover;--awb-width-large:25%;--awb-margin-top-large:80px;--awb-spacing-right-large:7.68%;--awb-margin-bottom-large:20px;--awb-spacing-left-large:7.68%;--awb-width-medium:25%;--awb-order-medium:0;--awb-spacing-right-medium:7.68%;--awb-spacing-left-medium:7.68%;--awb-width-small:100%;--awb-order-small:0;--awb-spacing-right-small:1.92%;--awb-spacing-left-small:1.92%;--awb-sticky-offset:120PX;\" data-scroll-devices=\"small-visibility,medium-visibility,large-visibility\"><div class=\"fusion-column-wrapper fusion-column-has-shadow fusion-flex-justify-content-flex-end fusion-content-layout-column\"><div style=\"text-align:center;\"><a class=\"fusion-button button-flat fusion-button-default-size button-custom fusion-button-default button-1 fusion-button-span-yes fusion-button-default-type fusion-animated\" style=\"--button_accent_color:var(--awb-color7);--button_border_color:var(--awb-color7);--button_accent_hover_color:var(--awb-color1);--button_border_hover_color:var(--awb-color4);--button_border_width-top:2px;--button_border_width-right:2px;--button_border_width-bottom:2px;--button_border_width-left:2px;--button-border-radius-top-left:90px;--button_gradient_top_color:var(--awb-color3);--button_gradient_bottom_color:var(--awb-color3);--button_gradient_top_color_hover:var(--awb-color4);--button_gradient_bottom_color_hover:var(--awb-color4);--button_font_size:20px;--button_typography-font-family:&quot;Barlow Condensed&quot;;--button_typography-font-style:normal;--button_typography-font-weight:600;--button_margin-bottom:6PX;\" data-animationType=\"fadeInDown\" data-animationDuration=\"0.8\" data-animationDelay=\"0.3\" data-animationOffset=\"top-into-view\" target=\"_self\" title=\"PROCESSUS ALAS IBERIA\" aria-label=\"PROCESSUS ALAS IBERIA\" href=\"https:\/\/alasiberia.com\/web\/fr\/processus\/\"><span class=\"fusion-button-text awb-button__text awb-button__text--default\">PROCESSUS<\/span><\/a><\/div><div style=\"text-align:center;\"><a class=\"fusion-button button-flat fusion-button-default-size button-custom fusion-button-default button-2 fusion-button-span-yes fusion-button-default-type fusion-animated\" style=\"--button_accent_color:var(--awb-color7);--button_border_color:var(--awb-color7);--button_accent_hover_color:var(--awb-color1);--button_border_hover_color:var(--awb-color4);--button_border_width-top:2px;--button_border_width-right:2px;--button_border_width-bottom:2px;--button_border_width-left:2px;--button-border-radius-top-left:0px;--button-border-radius-top-right:0px;--button-border-radius-bottom-right:0px;--button-border-radius-bottom-left:0px;--button_gradient_top_color:var(--awb-color3);--button_gradient_bottom_color:var(--awb-color3);--button_gradient_top_color_hover:var(--awb-color4);--button_gradient_bottom_color_hover:var(--awb-color4);--button_font_size:20px;--button_typography-font-family:&quot;Barlow Condensed&quot;;--button_typography-font-style:normal;--button_typography-font-weight:600;--button_margin-bottom:6PX;\" data-animationType=\"fadeInDown\" data-animationDuration=\"0.8\" data-animationDelay=\"0.6\" data-animationOffset=\"top-into-view\" target=\"_self\" title=\"secteur de l&amp;apos;industrie alas iberia\" aria-label=\"secteur de l&amp;apos;industrie alas iberia\" href=\"https:\/\/alasiberia.com\/web\/fr\/industrie\/\"><span class=\"fusion-button-text awb-button__text awb-button__text--default\">INDUSTRIE<\/span><\/a><\/div><div style=\"text-align:center;\"><a class=\"fusion-button button-flat fusion-button-default-size button-custom fusion-button-default button-3 fusion-button-span-yes fusion-button-default-type fusion-animated\" style=\"--button_accent_color:var(--awb-color7);--button_border_color:var(--awb-color7);--button_accent_hover_color:var(--awb-color1);--button_border_hover_color:var(--awb-color4);--button_border_width-top:2px;--button_border_width-right:2px;--button_border_width-bottom:2px;--button_border_width-left:2px;--button-border-radius-top-left:0px;--button-border-radius-top-right:0px;--button-border-radius-bottom-right:0px;--button-border-radius-bottom-left:0px;--button_gradient_top_color:var(--awb-color3);--button_gradient_bottom_color:var(--awb-color3);--button_gradient_top_color_hover:var(--awb-color4);--button_gradient_bottom_color_hover:var(--awb-color4);--button_font_size:20px;--button_typography-font-family:&quot;Barlow Condensed&quot;;--button_typography-font-style:normal;--button_typography-font-weight:600;--button_margin-bottom:6PX;\" data-animationType=\"fadeInDown\" data-animationDuration=\"0.8\" data-animationDelay=\"0.9\" data-animationOffset=\"top-into-view\" target=\"_self\" title=\"SECTEUR DE L&amp;apos;ARCHITECTURE ALAS IBERIA\" aria-label=\"SECTEUR DE L&amp;apos;ARCHITECTURE ALAS IBERIA\" href=\"https:\/\/alasiberia.com\/web\/fr\/architecture\/\"><span class=\"fusion-button-text awb-button__text awb-button__text--default\">ARCHITECTURE<\/span><\/a><\/div><div style=\"text-align:center;\"><a class=\"fusion-button button-flat fusion-button-default-size button-custom fusion-button-default button-4 fusion-button-span-yes fusion-button-default-type fusion-animated\" style=\"--button_accent_color:var(--awb-color7);--button_border_color:var(--awb-color7);--button_accent_hover_color:var(--awb-color1);--button_border_hover_color:var(--awb-color4);--button_border_width-top:2px;--button_border_width-right:2px;--button_border_width-bottom:2px;--button_border_width-left:2px;--button-border-radius-top-left:0px;--button-border-radius-top-right:0px;--button-border-radius-bottom-right:90PX;--button-border-radius-bottom-left:0px;--button_gradient_top_color:var(--awb-color3);--button_gradient_bottom_color:var(--awb-color3);--button_gradient_top_color_hover:var(--awb-color4);--button_gradient_bottom_color_hover:var(--awb-color4);--button_font_size:20px;--button_typography-font-family:&quot;Barlow Condensed&quot;;--button_typography-font-style:normal;--button_typography-font-weight:600;\" data-animationType=\"fadeInDown\" data-animationDuration=\"0.8\" data-animationDelay=\"1.2\" data-animationOffset=\"top-into-view\" target=\"_self\" title=\"CONTACTA CON ALAS IBERIA\" aria-label=\"CONTACTA CON ALAS IBERIA\" href=\"https:\/\/alasiberia.com\/web\/fr\/contact\/\"><span class=\"fusion-button-text awb-button__text awb-button__text--default\">CONTACT<\/span><\/a><\/div><div class=\"fusion-separator fusion-full-width-sep\" style=\"align-self: center;margin-left: auto;margin-right: auto;margin-top:40PX;width:100%;\"><\/div><\/div><\/div><\/div><\/div>\n","protected":false},"excerpt":{"rendered":"","protected":false},"author":1,"featured_media":0,"parent":0,"menu_order":0,"comment_status":"closed","ping_status":"closed","template":"100-width.php","meta":{"footnotes":""},"class_list":["post-2069","page","type-page","status-publish","hentry"],"_links":{"self":[{"href":"https:\/\/alasiberia.com\/web\/fr\/wp-json\/wp\/v2\/pages\/2069","targetHints":{"allow":["GET"]}}],"collection":[{"href":"https:\/\/alasiberia.com\/web\/fr\/wp-json\/wp\/v2\/pages"}],"about":[{"href":"https:\/\/alasiberia.com\/web\/fr\/wp-json\/wp\/v2\/types\/page"}],"author":[{"embeddable":true,"href":"https:\/\/alasiberia.com\/web\/fr\/wp-json\/wp\/v2\/users\/1"}],"replies":[{"embeddable":true,"href":"https:\/\/alasiberia.com\/web\/fr\/wp-json\/wp\/v2\/comments?post=2069"}],"version-history":[{"count":3,"href":"https:\/\/alasiberia.com\/web\/fr\/wp-json\/wp\/v2\/pages\/2069\/revisions"}],"predecessor-version":[{"id":2382,"href":"https:\/\/alasiberia.com\/web\/fr\/wp-json\/wp\/v2\/pages\/2069\/revisions\/2382"}],"wp:attachment":[{"href":"https:\/\/alasiberia.com\/web\/fr\/wp-json\/wp\/v2\/media?parent=2069"}],"curies":[{"name":"wp","href":"https:\/\/api.w.org\/{rel}","templated":true}]}}