{"id":2159,"date":"2023-06-26T12:00:41","date_gmt":"2023-06-26T10:00:41","guid":{"rendered":"https:\/\/alasiberia.com\/web\/avis-juridique\/"},"modified":"2023-09-20T09:33:59","modified_gmt":"2023-09-20T07:33:59","slug":"avis-juridique","status":"publish","type":"page","link":"https:\/\/alasiberia.com\/web\/fr\/avis-juridique\/","title":{"rendered":"Avis juridique"},"content":{"rendered":"<div class=\"fusion-fullwidth fullwidth-box fusion-builder-row-1 fusion-flex-container has-pattern-background has-mask-background nonhundred-percent-fullwidth non-hundred-percent-height-scrolling\" style=\"--awb-border-radius-top-left:0px;--awb-border-radius-top-right:0px;--awb-border-radius-bottom-right:0px;--awb-border-radius-bottom-left:0px;--awb-margin-top:130px;--awb-flex-wrap:wrap;\" ><div class=\"fusion-builder-row fusion-row fusion-flex-align-items-flex-start fusion-flex-content-wrap\" style=\"max-width:1248px;margin-left: calc(-4% \/ 2 );margin-right: calc(-4% \/ 2 );\"><div class=\"fusion-layout-column fusion_builder_column fusion-builder-column-0 fusion_builder_column_3_5 3_5 fusion-flex-column\" style=\"--awb-bg-size:cover;--awb-width-large:60%;--awb-margin-top-large:0px;--awb-spacing-right-large:3.2%;--awb-margin-bottom-large:20px;--awb-spacing-left-large:3.2%;--awb-width-medium:60%;--awb-order-medium:0;--awb-spacing-right-medium:3.2%;--awb-spacing-left-medium:3.2%;--awb-width-small:100%;--awb-order-small:0;--awb-spacing-right-small:1.92%;--awb-spacing-left-small:1.92%;\"><div class=\"fusion-column-wrapper fusion-column-has-shadow fusion-flex-justify-content-flex-start fusion-content-layout-column\"><div class=\"fusion-title title fusion-title-1 fusion-sep-none fusion-title-text fusion-title-size-one\" style=\"--awb-margin-top-small:10px;--awb-margin-right-small:0px;--awb-margin-bottom-small:10px;--awb-margin-left-small:0px;\"><h1 class=\"fusion-title-heading title-heading-left\" style=\"margin:0;\">AVIS JURIDIQUE<\/h1><\/div><div class=\"fusion-separator\" style=\"align-self: flex-start;margin-right:auto;margin-top:30px;margin-bottom:30px;width:100%;max-width:20%;\"><div class=\"fusion-separator-border sep-single sep-solid\" style=\"--awb-height:20px;--awb-amount:20px;--awb-sep-color:var(--awb-color6);border-color:var(--awb-color6);border-top-width:3px;\"><\/div><\/div><div class=\"fusion-text fusion-text-1\" style=\"--awb-content-alignment:justify;\"><p><strong>Alas Iberia, S.L.U.<\/strong> (ci-apr\u00e8s Alas Iberia) dont l&rsquo;adresse est situ\u00e9e Avenue de Laviana S\/N, 33900 Cia\u00f1o-Langreo, Asturies, Espagne avec CIF B74357922, met \u00e0 disposition sur son site Web alasiberia.com\/web certains contenus informatifs sur ses activit\u00e9s.<\/p>\n<p>Les pr\u00e9sentes conditions g\u00e9n\u00e9rales r\u00e9gissent uniquement et exclusivement l&rsquo;utilisation du site Internet Alas Iberia par les UTILISATEURS qui y acc\u00e8dent. Les pr\u00e9sentes conditions g\u00e9n\u00e9rales sont expos\u00e9es \u00e0 l&rsquo;UTILISATEUR sur le site alasiberia.com\/web sur chacune des pages et chaque fois qu&rsquo;un UTILISATEUR saisit ses donn\u00e9es dans les formulaires existants, afin qu&rsquo;il puisse lire, imprimer, archiver et accepter \u00e0 travers le internet, l&rsquo;UTILISATEUR ne pouvant effectivement saisir ses donn\u00e9es sans que cette acceptation ait eu lieu.<\/p>\n<\/div><div class=\"fusion-title title fusion-title-2 fusion-sep-none fusion-title-text fusion-title-size-two\" style=\"--awb-text-color:var(--awb-color7);--awb-margin-top:40px;--awb-margin-left:20px;--awb-margin-top-small:10px;--awb-margin-right-small:0px;--awb-margin-bottom-small:10px;--awb-margin-left-small:0px;--awb-font-size:22px;\"><h2 class=\"fusion-title-heading title-heading-left\" style=\"margin:0;font-size:1em;\">Alas Iberia, est inscrite au Registre du Commerce des Asturies<br \/>\nVolume 4059, Livre O, Folio 198, Feuille AS-46051, Inscription 1.<\/h2><\/div><div class=\"fusion-separator\" style=\"align-self: flex-start;margin-right:auto;margin-top:30px;margin-bottom:30px;width:100%;max-width:20%;\"><div class=\"fusion-separator-border sep-single sep-solid\" style=\"--awb-height:20px;--awb-amount:20px;--awb-sep-color:var(--awb-color6);border-color:var(--awb-color6);border-top-width:3px;\"><\/div><\/div><div class=\"fusion-text fusion-text-2\" style=\"--awb-content-alignment:justify;\"><p>L&rsquo;acc\u00e8s au site Internet d&rsquo;Alas Iberia implique l&rsquo;acceptation sans r\u00e9serve des pr\u00e9sentes conditions g\u00e9n\u00e9rales d&rsquo;utilisation, que l&rsquo;UTILISATEUR affirme comprendre dans son int\u00e9gralit\u00e9. L&rsquo;UTILISATEUR s&rsquo;engage \u00e0 ne pas utiliser le site Internet et les services qui y sont propos\u00e9s pour mener des activit\u00e9s contraires \u00e0 la loi et \u00e0 respecter \u00e0 tout moment les pr\u00e9sentes conditions g\u00e9n\u00e9rales.<\/p>\n<h3>1er. Conditions d&rsquo;acc\u00e8s et d&rsquo;utilisation<\/h3>\n<p>L&rsquo;utilisation du site Internet d&rsquo;Alas Iberia n&rsquo;entra\u00eene pas d&rsquo;inscription obligatoire pour l&rsquo;UTILISATEUR, sauf si cet UTILISATEUR souhaite utiliser la base de donn\u00e9es d&rsquo;articles existants sur alasiberia.com\/web o\u00f9 il sera n\u00e9cessaire de s&rsquo;inscrire en remplissant un formulaire de base, cet abonnement sera sera r\u00e9gie par les conditions g\u00e9n\u00e9rales particuli\u00e8res. Les conditions d&rsquo;acc\u00e8s et d&rsquo;utilisation de ce site sont strictement r\u00e9gies par la l\u00e9gislation en vigueur et par le principe de bonne foi, l&rsquo;UTILISATEUR s&rsquo;engageant \u00e0 faire bon usage du site. Sont interdits tous les actes portant atteinte \u00e0 la loi, aux droits ou aux int\u00e9r\u00eats de tiers : droit \u00e0 la vie priv\u00e9e, protection des donn\u00e9es, propri\u00e9t\u00e9 intellectuelle, etc. Alas Iberia interdit express\u00e9ment ce qui suit :<\/p>\n<ul>\n<li>R\u00e9aliser des actions susceptibles de causer tout type de dommages aux syst\u00e8mes d&rsquo;Alas Iberia ou \u00e0 des tiers sur le site Web ou \u00e0 travers celui-ci, par quelque moyen que ce soit.<\/li>\n<li>R\u00e9aliser sans autorisation appropri\u00e9e tout type de publicit\u00e9 ou d&rsquo;information commerciale directement ou secr\u00e8tement, en envoyant des e-mails en masse (\u00ab\u00a0spaming\u00a0\u00bb) ou en envoyant des messages volumineux afin de bloquer les serveurs du r\u00e9seau (\u00ab\u00a0mail bombing\u00a0\u00bb).<\/li>\n<\/ul>\n<p>Alas Iberia peut interrompre l&rsquo;acc\u00e8s \u00e0 son site Web \u00e0 tout moment si elle d\u00e9tecte une utilisation contraire \u00e0 la l\u00e9galit\u00e9, \u00e0 la bonne foi ou aux pr\u00e9sentes conditions g\u00e9n\u00e9rales &#8211; voir cinqui\u00e8me clause.<\/p>\n<h3>2\u00e8me. Contenu<\/h3>\n<p>Le contenu int\u00e9gr\u00e9 \u00e0 ce site Web a \u00e9t\u00e9 pr\u00e9par\u00e9 et inclus par :<\/p>\n<ul>\n<li>Alas Iberia utilise des sources internes et externes de telle mani\u00e8re qu&rsquo;Alas Iberia n&rsquo;est responsable que du contenu pr\u00e9par\u00e9 en interne.<\/li>\n<li>Alas Iberia se r\u00e9serve le droit de modifier \u00e0 tout moment le contenu existant sur son site Internet.<\/li>\n<\/ul>\n<h3>3\u00e8me. Droit d&rsquo;auteur et marque d\u00e9pos\u00e9e<\/h3>\n<p>Alas Iberia est une marque d\u00e9pos\u00e9e. L&rsquo;utilisation par des tiers de la marque Alas Iberia, qui comprend \u00e0 la fois le nom et le logo, par quelque moyen que ce soit, est interdite, sans le consentement expr\u00e8s d&rsquo;Alas Iberia. Tous droits r\u00e9serv\u00e9s. En outre, le site Web d&rsquo;Alas Iberia &#8211; son propre contenu, sa programmation et sa conception &#8211; est enti\u00e8rement prot\u00e9g\u00e9 par le droit d&rsquo;auteur, et toute reproduction, communication, distribution et transformation des \u00e9l\u00e9ments prot\u00e9g\u00e9s susmentionn\u00e9s est express\u00e9ment interdite sans le consentement express d&rsquo;Alas Iberia.<\/p>\n<h3>4\u00e8me. Juridiction et droit applicable<\/h3>\n<p>Ces conditions g\u00e9n\u00e9rales sont r\u00e9gies par la l\u00e9gislation espagnole. Les Tribunaux d&rsquo;Oviedo sont comp\u00e9tents pour r\u00e9soudre toute controverse ou conflit d\u00e9coulant des pr\u00e9sentes conditions g\u00e9n\u00e9rales, l&rsquo;UTILISATEUR renon\u00e7ant express\u00e9ment \u00e0 toute autre juridiction qui pourrait s&rsquo;appliquer.<\/p>\n<h3>5\u00e8me.<\/h3>\n<p>Dans le cas o\u00f9 une clause de ce document serait d\u00e9clar\u00e9e nulle, les autres clauses resteront en vigueur et seront interpr\u00e9t\u00e9es en tenant compte de la volont\u00e9 des parties et de l&rsquo;objet m\u00eame des pr\u00e9sentes conditions. Alas Iberia ne pourra exercer aucun des droits et pouvoirs conf\u00e9r\u00e9s dans le pr\u00e9sent document, ce qui n&rsquo;impliquera en aucun cas la renonciation \u00e0 ceux-ci, sauf reconnaissance expresse par Alas Iberia.<\/p>\n<\/div><\/div><\/div><div class=\"fusion-layout-column fusion_builder_column fusion-builder-column-1 fusion_builder_column_2_5 2_5 fusion-flex-column fusion-flex-align-self-flex-end\" style=\"--awb-bg-size:cover;--awb-width-large:40%;--awb-margin-top-large:0px;--awb-spacing-right-large:4.8%;--awb-margin-bottom-large:20px;--awb-spacing-left-large:4.8%;--awb-width-medium:40%;--awb-order-medium:0;--awb-spacing-right-medium:4.8%;--awb-spacing-left-medium:4.8%;--awb-width-small:100%;--awb-order-small:0;--awb-spacing-right-small:1.92%;--awb-spacing-left-small:1.92%;\" data-scroll-devices=\"small-visibility,medium-visibility,large-visibility\"><div class=\"fusion-column-wrapper fusion-column-has-shadow fusion-flex-justify-content-center fusion-content-layout-column\"><\/div><\/div><\/div><\/div>\n","protected":false},"excerpt":{"rendered":"","protected":false},"author":1,"featured_media":0,"parent":0,"menu_order":0,"comment_status":"closed","ping_status":"closed","template":"100-width.php","meta":{"footnotes":""},"class_list":["post-2159","page","type-page","status-publish","hentry"],"_links":{"self":[{"href":"https:\/\/alasiberia.com\/web\/fr\/wp-json\/wp\/v2\/pages\/2159","targetHints":{"allow":["GET"]}}],"collection":[{"href":"https:\/\/alasiberia.com\/web\/fr\/wp-json\/wp\/v2\/pages"}],"about":[{"href":"https:\/\/alasiberia.com\/web\/fr\/wp-json\/wp\/v2\/types\/page"}],"author":[{"embeddable":true,"href":"https:\/\/alasiberia.com\/web\/fr\/wp-json\/wp\/v2\/users\/1"}],"replies":[{"embeddable":true,"href":"https:\/\/alasiberia.com\/web\/fr\/wp-json\/wp\/v2\/comments?post=2159"}],"version-history":[{"count":2,"href":"https:\/\/alasiberia.com\/web\/fr\/wp-json\/wp\/v2\/pages\/2159\/revisions"}],"predecessor-version":[{"id":2161,"href":"https:\/\/alasiberia.com\/web\/fr\/wp-json\/wp\/v2\/pages\/2159\/revisions\/2161"}],"wp:attachment":[{"href":"https:\/\/alasiberia.com\/web\/fr\/wp-json\/wp\/v2\/media?parent=2159"}],"curies":[{"name":"wp","href":"https:\/\/api.w.org\/{rel}","templated":true}]}}