{"id":2183,"date":"2023-06-26T12:29:40","date_gmt":"2023-06-26T10:29:40","guid":{"rendered":"https:\/\/alasiberia.com\/web\/politique-de-cookies\/"},"modified":"2023-09-20T10:09:51","modified_gmt":"2023-09-20T08:09:51","slug":"politique-de-cookies","status":"publish","type":"page","link":"https:\/\/alasiberia.com\/web\/fr\/politique-de-cookies\/","title":{"rendered":"Politique de cookies"},"content":{"rendered":"<div class=\"fusion-fullwidth fullwidth-box fusion-builder-row-1 fusion-flex-container has-pattern-background has-mask-background nonhundred-percent-fullwidth non-hundred-percent-height-scrolling\" style=\"--awb-border-radius-top-left:0px;--awb-border-radius-top-right:0px;--awb-border-radius-bottom-right:0px;--awb-border-radius-bottom-left:0px;--awb-margin-top:130px;--awb-flex-wrap:wrap;\" ><div class=\"fusion-builder-row fusion-row fusion-flex-align-items-flex-start fusion-flex-content-wrap\" style=\"max-width:1248px;margin-left: calc(-4% \/ 2 );margin-right: calc(-4% \/ 2 );\"><div class=\"fusion-layout-column fusion_builder_column fusion-builder-column-0 fusion_builder_column_3_5 3_5 fusion-flex-column\" style=\"--awb-bg-size:cover;--awb-width-large:60%;--awb-margin-top-large:0px;--awb-spacing-right-large:3.2%;--awb-margin-bottom-large:20px;--awb-spacing-left-large:3.2%;--awb-width-medium:60%;--awb-order-medium:0;--awb-spacing-right-medium:3.2%;--awb-spacing-left-medium:3.2%;--awb-width-small:100%;--awb-order-small:0;--awb-spacing-right-small:1.92%;--awb-spacing-left-small:1.92%;\"><div class=\"fusion-column-wrapper fusion-column-has-shadow fusion-flex-justify-content-flex-start fusion-content-layout-column\"><div class=\"fusion-title title fusion-title-1 fusion-sep-none fusion-title-text fusion-title-size-one\" style=\"--awb-margin-top-small:10px;--awb-margin-right-small:0px;--awb-margin-bottom-small:10px;--awb-margin-left-small:0px;\"><h1 class=\"fusion-title-heading title-heading-left\" style=\"margin:0;\">POLITIQUE DE COOKIES<\/h1><\/div><div class=\"fusion-separator\" style=\"align-self: flex-start;margin-right:auto;margin-top:30px;margin-bottom:30px;width:100%;max-width:20%;\"><div class=\"fusion-separator-border sep-single sep-solid\" style=\"--awb-height:20px;--awb-amount:20px;--awb-sep-color:var(--awb-color6);border-color:var(--awb-color6);border-top-width:3px;\"><\/div><\/div><div class=\"fusion-text fusion-text-1\" style=\"--awb-content-alignment:justify;\"><p>Conform\u00e9ment \u00e0 la loi 34\/2002 du 11 juillet relative aux services de la soci\u00e9t\u00e9 de l&rsquo;information et au commerce \u00e9lectronique, nous vous informons que ce site Web, comme la plupart des sites Internet, utilise des cookies pour am\u00e9liorer et optimiser l&rsquo;exp\u00e9rience utilisateur. Vous trouverez ci-dessous des informations d\u00e9taill\u00e9es sur ce que sont les cookies, le type utilis\u00e9 par ce site Web, comment modifier vos param\u00e8tres de cookies et ce qui se passe si vous d\u00e9sactivez les cookies.<\/p>\n<h3>Que sont les cookies ?<\/h3>\n<p>Un cookie est un petit fichier t\u00e9l\u00e9charg\u00e9 sur l&rsquo;ordinateur de l&rsquo;utilisateur dans le but de stocker des donn\u00e9es, qui peuvent \u00eatre mises \u00e0 jour et r\u00e9cup\u00e9r\u00e9es par l&rsquo;entit\u00e9 responsable de son installation.<\/p>\n<h3>Quel type de cookies ce site Web utilise-t-il ?<\/h3>\n<p>Vous trouverez ci-dessous un tableau avec les cookies utilis\u00e9s sur ce site Web :<\/p>\n<\/div><div class=\"fusion-separator\" style=\"align-self: flex-start;margin-right:auto;margin-top:30px;margin-bottom:30px;width:100%;max-width:20%;\"><div class=\"fusion-separator-border sep-single sep-solid\" style=\"--awb-height:20px;--awb-amount:20px;--awb-sep-color:var(--awb-color6);border-color:var(--awb-color6);border-top-width:3px;\"><\/div><\/div><\/div><\/div><div class=\"fusion-layout-column fusion_builder_column fusion-builder-column-1 fusion_builder_column_3_4 3_4 fusion-flex-column\" style=\"--awb-bg-size:cover;--awb-width-large:75%;--awb-margin-top-large:0px;--awb-spacing-right-large:2.56%;--awb-margin-bottom-large:20px;--awb-spacing-left-large:2.56%;--awb-width-medium:75%;--awb-order-medium:0;--awb-spacing-right-medium:2.56%;--awb-spacing-left-medium:2.56%;--awb-width-small:100%;--awb-order-small:0;--awb-spacing-right-small:1.92%;--awb-spacing-left-small:1.92%;\"><div class=\"fusion-column-wrapper fusion-column-has-shadow fusion-flex-justify-content-flex-start fusion-content-layout-column\">\n<div class=\"table-2\">\n<table width=\"100%\">\n<thead>\n<tr>\n<th align=\"left\">Nom<\/th>\n<th align=\"left\">Dur\u00e9e<\/th>\n<th align=\"left\">Descripci\u00f3n<\/th>\n<\/tr>\n<\/thead>\n<tbody>\n<tr>\n<td align=\"left\">__utma<\/td>\n<td align=\"left\">2 ans \u00e0 compter de la cr\u00e9ation\/mise \u00e0 jour<\/td>\n<td align=\"left\"><strong>Google Analytics:<\/strong> Il est utilis\u00e9 pour distinguer les utilisateurs et les sessions. Le cookie est cr\u00e9\u00e9 lorsque la biblioth\u00e8que JavaScript est ex\u00e9cut\u00e9e et qu&rsquo;un cookie <em>__utma<\/em> inexistant existe. Le cookie est mis \u00e0 jour \u00e0 chaque fois que des donn\u00e9es sont envoy\u00e9es \u00e0 Google Analytics.<\/td>\n<\/tr>\n<tr>\n<td align=\"left\">__utmb<\/td>\n<td align=\"left\">30 minutes apr\u00e8s la cr\u00e9ation\/mise \u00e0 jour<\/td>\n<td align=\"left\"><strong>Google Analytics:<\/strong> Utilis\u00e9 pour d\u00e9terminer de nouvelles sessions\/visites. Le cookie est cr\u00e9\u00e9 lorsque la biblioth\u00e8que JavaScript est ex\u00e9cut\u00e9e et qu&rsquo;un cookie <em>__utmb<\/em> inexistant existe. Les cookies sont mis \u00e0 jour \u00e0 chaque fois qu&rsquo;ils ne sont pas envoy\u00e9s \u00e0 Google Analytics.<\/td>\n<\/tr>\n<tr>\n<td align=\"left\">__utmc<\/td>\n<td align=\"left\">A la fin de la s\u00e9ance<\/td>\n<td align=\"left\"><strong>Google Analytics:<\/strong> Non utilis\u00e9 dans <em>ga.js.<\/em> D\u00e9fini pour interagir avec <em>urchin.js.<\/em> Historiquement, ce cookie fonctionnait parall\u00e8lement au cookie <em>__utmb<\/em> pour d\u00e9terminer si l&rsquo;utilisateur \u00e9tait dans une nouvelle session\/visite.<\/td>\n<\/tr>\n<tr>\n<td align=\"left\">__utmz<\/td>\n<td align=\"left\">C60 minutes apr\u00e8s la cr\u00e9ation\/mise \u00e0 jour<\/td>\n<td align=\"left\"><strong>Google Analytics:<\/strong> Stocke la source du trafic ou de la campagne qui identifie la mani\u00e8re dont l&rsquo;utilisateur est arriv\u00e9 sur le site. Le cookie est cr\u00e9\u00e9 par la biblioth\u00e8que JavaScript qui est ex\u00e9cut\u00e9e et mise \u00e0 jour \u00e0 chaque fois que des donn\u00e9es sont envoy\u00e9es \u00e0 Google Analytics.<\/td>\n<\/tr>\n<\/tbody>\n<\/table>\n<\/div>\n<\/div><\/div><div class=\"fusion-layout-column fusion_builder_column fusion-builder-column-2 fusion_builder_column_3_5 3_5 fusion-flex-column\" style=\"--awb-bg-size:cover;--awb-width-large:60%;--awb-margin-top-large:0px;--awb-spacing-right-large:3.2%;--awb-margin-bottom-large:20px;--awb-spacing-left-large:3.2%;--awb-width-medium:60%;--awb-order-medium:0;--awb-spacing-right-medium:3.2%;--awb-spacing-left-medium:3.2%;--awb-width-small:100%;--awb-order-small:0;--awb-spacing-right-small:1.92%;--awb-spacing-left-small:1.92%;\"><div class=\"fusion-column-wrapper fusion-column-has-shadow fusion-flex-justify-content-flex-start fusion-content-layout-column\"><div class=\"fusion-text fusion-text-2\" style=\"--awb-content-alignment:justify;\"><h3>Comment param\u00e9trer vos cookies ?<\/h3>\n<p>En naviguant et en poursuivant sur notre site Web, vous consentez \u00e0 l&rsquo;utilisation de cookies dans les conditions contenues dans la pr\u00e9sente politique de cookies. En tant qu&rsquo;utilisateur, vous avez la possibilit\u00e9 d&rsquo;exercer votre droit de bloquer, supprimer et refuser l&rsquo;utilisation de cookies, \u00e0 tout moment, en modifiant les options de votre navigateur.<\/p>\n<p>Par exemple:<\/p>\n<ul>\n<li><strong>Internet Explorer<\/strong> : Outils&gt; Options Internet &gt;Confidentialit\u00e9 &gt; Param\u00e8tres (Pour plus d&rsquo;informations, vous pouvez consulter le support Microsoft ou l&rsquo;aide du navigateur)<\/li>\n<li><strong>Mozilla Firefox :<\/strong> Outils &gt;Options &gt; Confidentialit\u00e9&gt; Historique &gt;Param\u00e8tres personnalis\u00e9s (Pour plus d&rsquo;informations, vous pouvez consulter le support Mozilla ou l&rsquo;aide du navigateur)<\/li>\n<li><strong>Google Chrome :<\/strong> Param\u00e8tres &gt;Afficher les options avanc\u00e9es &gt;Confidentialit\u00e9 -&gt; Param\u00e8tres de contenu (Pour plus d&rsquo;informations, vous pouvez consulter l&rsquo;assistance Google ou l&rsquo;aide du navigateur)<\/li>\n<li><strong>Safari :<\/strong> Pr\u00e9f\u00e9rences &gt;S\u00e9curit\u00e9 (Pour plus d&rsquo;informations, vous pouvez consulter l&rsquo;assistance Apple ou l&rsquo;aide du navigateur)<\/li>\n<li><strong>Opera :<\/strong> Param\u00e8tres &gt; Options &gt;Cookies &gt;avanc\u00e9s (Pour plus d&rsquo;informations, vous pouvez consulter le support Opera ou l&rsquo;aide du navigateur)<br \/>\nSi vous utilisez un navigateur autre que les pr\u00e9c\u00e9dents, consultez sa politique d&rsquo;installation, d&rsquo;utilisation et de blocage des cookies.<\/li>\n<\/ul>\n<h3>Que se passe-t-il si les cookies sont d\u00e9sactiv\u00e9s ?<\/h3>\n<p>Certaines fonctionnalit\u00e9s des services ou zones de ce site Web peuvent ne pas fonctionner correctement.<\/p>\n<h3>Avons-nous mis \u00e0 jour notre politique en mati\u00e8re de cookies ?<\/h3>\n<p>Il est possible que nous mettions \u00e0 jour la politique en mati\u00e8re de cookies de notre site Web, nous vous recommandons donc de consulter cette politique chaque fois que vous acc\u00e9dez \u00e0 notre site Web afin d&rsquo;\u00eatre correctement inform\u00e9 sur comment et pourquoi nous utilisons des cookies.<\/p>\n<\/div><\/div><\/div><\/div><\/div>\n","protected":false},"excerpt":{"rendered":"","protected":false},"author":1,"featured_media":0,"parent":0,"menu_order":0,"comment_status":"closed","ping_status":"closed","template":"100-width.php","meta":{"footnotes":""},"class_list":["post-2183","page","type-page","status-publish","hentry"],"_links":{"self":[{"href":"https:\/\/alasiberia.com\/web\/fr\/wp-json\/wp\/v2\/pages\/2183","targetHints":{"allow":["GET"]}}],"collection":[{"href":"https:\/\/alasiberia.com\/web\/fr\/wp-json\/wp\/v2\/pages"}],"about":[{"href":"https:\/\/alasiberia.com\/web\/fr\/wp-json\/wp\/v2\/types\/page"}],"author":[{"embeddable":true,"href":"https:\/\/alasiberia.com\/web\/fr\/wp-json\/wp\/v2\/users\/1"}],"replies":[{"embeddable":true,"href":"https:\/\/alasiberia.com\/web\/fr\/wp-json\/wp\/v2\/comments?post=2183"}],"version-history":[{"count":2,"href":"https:\/\/alasiberia.com\/web\/fr\/wp-json\/wp\/v2\/pages\/2183\/revisions"}],"predecessor-version":[{"id":2185,"href":"https:\/\/alasiberia.com\/web\/fr\/wp-json\/wp\/v2\/pages\/2183\/revisions\/2185"}],"wp:attachment":[{"href":"https:\/\/alasiberia.com\/web\/fr\/wp-json\/wp\/v2\/media?parent=2183"}],"curies":[{"name":"wp","href":"https:\/\/api.w.org\/{rel}","templated":true}]}}