{"id":2186,"date":"2023-06-26T12:26:16","date_gmt":"2023-06-26T10:26:16","guid":{"rendered":"https:\/\/alasiberia.com\/web\/politique-de-confidentialite\/"},"modified":"2023-09-20T10:14:34","modified_gmt":"2023-09-20T08:14:34","slug":"politique-de-confidentialite","status":"publish","type":"page","link":"https:\/\/alasiberia.com\/web\/fr\/politique-de-confidentialite\/","title":{"rendered":"Politique de confidentialit\u00e9"},"content":{"rendered":"<div class=\"fusion-fullwidth fullwidth-box fusion-builder-row-1 fusion-flex-container has-pattern-background has-mask-background nonhundred-percent-fullwidth non-hundred-percent-height-scrolling\" style=\"--awb-border-radius-top-left:0px;--awb-border-radius-top-right:0px;--awb-border-radius-bottom-right:0px;--awb-border-radius-bottom-left:0px;--awb-margin-top:130px;--awb-flex-wrap:wrap;\" ><div class=\"fusion-builder-row fusion-row fusion-flex-align-items-flex-start fusion-flex-content-wrap\" style=\"max-width:1248px;margin-left: calc(-4% \/ 2 );margin-right: calc(-4% \/ 2 );\"><div class=\"fusion-layout-column fusion_builder_column fusion-builder-column-0 fusion_builder_column_3_5 3_5 fusion-flex-column\" style=\"--awb-bg-size:cover;--awb-width-large:60%;--awb-margin-top-large:0px;--awb-spacing-right-large:3.2%;--awb-margin-bottom-large:20px;--awb-spacing-left-large:3.2%;--awb-width-medium:60%;--awb-order-medium:0;--awb-spacing-right-medium:3.2%;--awb-spacing-left-medium:3.2%;--awb-width-small:100%;--awb-order-small:0;--awb-spacing-right-small:1.92%;--awb-spacing-left-small:1.92%;\"><div class=\"fusion-column-wrapper fusion-column-has-shadow fusion-flex-justify-content-flex-start fusion-content-layout-column\"><div class=\"fusion-title title fusion-title-1 fusion-sep-none fusion-title-text fusion-title-size-one\" style=\"--awb-margin-top-small:10px;--awb-margin-right-small:0px;--awb-margin-bottom-small:10px;--awb-margin-left-small:0px;\"><h1 class=\"fusion-title-heading title-heading-left\" style=\"margin:0;\">POLITIQUE DE CONFIDENTIALIT\u00c9<\/h1><\/div><div class=\"fusion-separator\" style=\"align-self: flex-start;margin-right:auto;margin-top:30px;margin-bottom:30px;width:100%;max-width:20%;\"><div class=\"fusion-separator-border sep-single sep-solid\" style=\"--awb-height:20px;--awb-amount:20px;--awb-sep-color:var(--awb-color6);border-color:var(--awb-color6);border-top-width:3px;\"><\/div><\/div><div class=\"fusion-text fusion-text-1\" style=\"--awb-content-alignment:justify;\"><p>ALAS IBERA S.A.U. met \u00e0 votre disposition les informations relatives au traitement des donn\u00e9es effectu\u00e9 via son site Internet conform\u00e9ment aux dispositions du r\u00e8glement (UE) 2016\/679 sur la protection des donn\u00e9es et de la loi organique 3\/2018 du 5 d\u00e9cembre sur la protection des donn\u00e9es personnelles et la garantie du num\u00e9rique. Droits.<\/p>\n<h3>Finalit\u00e9 pour laquelle nous traitons vos donn\u00e9es personnelles<\/h3>\n<p>Chez ALAS IBERIA, nous traitons les donn\u00e9es personnelles que vous nous fournissez aux fins suivantes :<\/p>\n<ol>\n<li>Gestion de la relation client, facturation et encaissement dans le respect du contrat \u00e9tabli entre les deux parties.<\/li>\n<li>Gestion des relations avec les fournisseurs, facturation et paiement dans le respect du contrat \u00e9tabli entre les deux parties.<\/li>\n<li>Traitement des demandes d&rsquo;informations ou de communications sur la base du consentement accord\u00e9 dans la demande, de l&rsquo;int\u00e9r\u00eat l\u00e9gitime d&rsquo;Alas Iberia \u00e0 r\u00e9pondre \u00e0 votre demande.<\/li>\n<li>Envoi de communications commerciales \u00e0 nos clients afin de les tenir inform\u00e9s de nos produits, sur la base de la relation contractuelle pr\u00e9existante entre les parties.<\/li>\n<li>Traitement des curriculum vitae des candidats potentiels sur la base de leur consentement protest\u00e9.<\/li>\n<li>R\u00e9pondre aux demandes d&rsquo;exercice des droits des propri\u00e9taires de donn\u00e9es, dans le respect de l&rsquo;obligation l\u00e9gale correspondante<\/li>\n<\/ol>\n<h3>L\u00e9gitimation<\/h3>\n<p>Le traitement de vos donn\u00e9es personnelles est effectu\u00e9 sur la base du respect des obligations l\u00e9gales et contractuelles correspondantes, dans le respect de l&rsquo;int\u00e9r\u00eat l\u00e9gitime d&rsquo;ALAS IBERIA et, dans les cas o\u00f9 cela est n\u00e9cessaire, avec votre consentement expr\u00e8s.<\/p>\n<h3>Dur\u00e9e de conservation des donn\u00e9es<\/h3>\n<p>Les donn\u00e9es personnelles fournies seront conserv\u00e9es pendant le temps n\u00e9cessaire pour atteindre la finalit\u00e9 pour laquelle elles sont demand\u00e9es et jusqu&rsquo;\u00e0 la fin du terme l\u00e9gal des \u00e9ventuelles responsabilit\u00e9s pouvant d\u00e9couler de la finalit\u00e9 du traitement, ainsi que pour respecter les autres conditions d&rsquo;archivage et de conservation. obligations pr\u00e9vues par la loi.<\/p>\n<h3>Communication de donn\u00e9es<\/h3>\n<p>ALAS IBERIA vous informe qu&rsquo;elle ne transf\u00e9rera pas vos donn\u00e9es \u00e0 des tiers sauf dans les cas suivants :<\/p>\n<ul>\n<li>Administrations publiques comp\u00e9tentes, y compris les juges et les tribunaux, dans les cas pr\u00e9vus par la loi.<\/li>\n<li>Lorsque cela est n\u00e9cessaire en vertu d&rsquo;un contrat avec les sous-traitants, qui seront tenus, dans tous les cas, de respecter les obligations \u00e9tablies dans le r\u00e8glement (UE) 2016\/679 sur la protection des donn\u00e9es et dans la loi organique 3\/2018 du 5 d\u00e9cembre, Protection des Donn\u00e9es personnelles<\/li>\n<\/ul>\n<p>Aucun transfert international de donn\u00e9es ne sera effectu\u00e9 par ALAS IBERIA.<\/p>\n<h3>Mesure de s\u00e9curit\u00e9<\/h3>\n<p>ALAS IBERIA dispose des mesures de s\u00e9curit\u00e9 n\u00e9cessaires pour prot\u00e9ger vos donn\u00e9es personnelles, adapt\u00e9es \u00e0 la nature des donn\u00e9es et aux traitements effectu\u00e9s.<\/p>\n<h3>Droits des parties int\u00e9ress\u00e9es<\/h3>\n<p>Les titulaires des donn\u00e9es peuvent exercer leurs droits d&rsquo;acc\u00e8s, de rectification, de suppression, de portabilit\u00e9, d&rsquo;opposition et de limitation du traitement de leurs donn\u00e9es, avec les limites d\u00e9riv\u00e9es de l&rsquo;existence de la relation de travail. Pour exercer ces droits, vous pouvez envoyer un courrier postal au Service des Ressources Humaines d&rsquo;Alas Iberia, Avenue de Laviana S\/N, Cia\u00f1o, 33930 Langreo, Asturias, ou par courrier \u00e9lectronique lopd@alasiberia.com\/web<\/p>\n<p>De m\u00eame, lorsque le traitement des donn\u00e9es est bas\u00e9 sur le consentement, vous disposez du droit de le r\u00e9voquer dans les conditions \u00e9tablies par la r\u00e9glementation en vigueur sur la protection des donn\u00e9es.<\/p>\n<p>De m\u00eame, pour demander des informations ou en cas de violation de vos droits, vous \u00eates inform\u00e9 que vous pouvez d\u00e9poser une r\u00e9clamation aupr\u00e8s de l&rsquo;Agence espagnole de protection des donn\u00e9es (www.aepd) \u00e0 Calle Jorge Juan n.\u00ba 6- 28001, Madrid.<\/p>\n<\/div><div class=\"fusion-separator\" style=\"align-self: flex-start;margin-right:auto;margin-top:30px;margin-bottom:30px;width:100%;max-width:20%;\"><div class=\"fusion-separator-border sep-single sep-solid\" style=\"--awb-height:20px;--awb-amount:20px;--awb-sep-color:var(--awb-color6);border-color:var(--awb-color6);border-top-width:3px;\"><\/div><\/div><\/div><\/div><div class=\"fusion-layout-column fusion_builder_column fusion-builder-column-1 fusion_builder_column_2_5 2_5 fusion-flex-column fusion-flex-align-self-flex-start\" style=\"--awb-padding-top:40PX;--awb-padding-left:20PX;--awb-overflow:hidden;--awb-bg-size:cover;--awb-border-color:var(--awb-color7);--awb-border-top:2PX;--awb-border-right:2PX;--awb-border-bottom:2PX;--awb-border-left:2PX;--awb-border-style:solid;--awb-border-radius:90PX 0px 0px 0px;--awb-width-large:40%;--awb-margin-top-large:100PX;--awb-spacing-right-large:4.8%;--awb-margin-bottom-large:20px;--awb-spacing-left-large:4.8%;--awb-width-medium:40%;--awb-order-medium:0;--awb-spacing-right-medium:4.8%;--awb-spacing-left-medium:4.8%;--awb-width-small:100%;--awb-order-small:0;--awb-spacing-right-small:1.92%;--awb-spacing-left-small:1.92%;\" data-scroll-devices=\"small-visibility,medium-visibility,large-visibility\"><div class=\"fusion-column-wrapper fusion-column-has-shadow fusion-flex-justify-content-center fusion-content-layout-column\"><div class=\"fusion-text fusion-text-2\"><h4><span style=\"color: #898989;\"><strong>Responsable du traitement<\/strong><\/span><\/h4>\n<p><span style=\"color: #898989;\">Nom\/raison sociale : <strong>ALAS IBERIA S.L.U<\/strong><\/span><\/p>\n<ul>\n<li><span style=\"color: #898989;\"><strong>CIF:<\/strong> B74357922<\/span><\/li>\n<li><span style=\"color: #898989;\"><strong>Adresse<\/strong> : Adresse \u00e0 l&rsquo;Avenida de Laviana S\/N, Cia\u00f1o CP 33930, Langreo, Asturias,<\/span><\/li>\n<li><span style=\"color: #898989;\"><strong>T\u00e9l\u00e9phone<\/strong> 985989600<\/span><\/li>\n<li><span style=\"color: #898989;\"><strong>Courriel<\/strong> : lopd@alasiberia.com\/web<\/span><\/li>\n<\/ul>\n<\/div><\/div><\/div><\/div><\/div>\n","protected":false},"excerpt":{"rendered":"","protected":false},"author":1,"featured_media":0,"parent":0,"menu_order":0,"comment_status":"closed","ping_status":"closed","template":"100-width.php","meta":{"footnotes":""},"class_list":["post-2186","page","type-page","status-publish","hentry"],"_links":{"self":[{"href":"https:\/\/alasiberia.com\/web\/fr\/wp-json\/wp\/v2\/pages\/2186","targetHints":{"allow":["GET"]}}],"collection":[{"href":"https:\/\/alasiberia.com\/web\/fr\/wp-json\/wp\/v2\/pages"}],"about":[{"href":"https:\/\/alasiberia.com\/web\/fr\/wp-json\/wp\/v2\/types\/page"}],"author":[{"embeddable":true,"href":"https:\/\/alasiberia.com\/web\/fr\/wp-json\/wp\/v2\/users\/1"}],"replies":[{"embeddable":true,"href":"https:\/\/alasiberia.com\/web\/fr\/wp-json\/wp\/v2\/comments?post=2186"}],"version-history":[{"count":2,"href":"https:\/\/alasiberia.com\/web\/fr\/wp-json\/wp\/v2\/pages\/2186\/revisions"}],"predecessor-version":[{"id":2188,"href":"https:\/\/alasiberia.com\/web\/fr\/wp-json\/wp\/v2\/pages\/2186\/revisions\/2188"}],"wp:attachment":[{"href":"https:\/\/alasiberia.com\/web\/fr\/wp-json\/wp\/v2\/media?parent=2186"}],"curies":[{"name":"wp","href":"https:\/\/api.w.org\/{rel}","templated":true}]}}