{"id":2198,"date":"2023-06-26T12:44:07","date_gmt":"2023-06-26T10:44:07","guid":{"rendered":"https:\/\/alasiberia.com\/web\/processus\/extrusion\/"},"modified":"2023-09-20T13:03:43","modified_gmt":"2023-09-20T11:03:43","slug":"extrusion","status":"publish","type":"page","link":"https:\/\/alasiberia.com\/web\/fr\/processus\/extrusion\/","title":{"rendered":"Extrusion"},"content":{"rendered":"<div class=\"fusion-fullwidth fullwidth-box fusion-builder-row-1 fusion-flex-container has-pattern-background has-mask-background nonhundred-percent-fullwidth non-hundred-percent-height-scrolling\" style=\"--awb-border-radius-top-left:0px;--awb-border-radius-top-right:0px;--awb-border-radius-bottom-right:0px;--awb-border-radius-bottom-left:0px;--awb-margin-top:130px;--awb-flex-wrap:wrap;\" ><div class=\"fusion-builder-row fusion-row fusion-flex-align-items-flex-start fusion-flex-justify-content-center fusion-flex-content-wrap\" style=\"max-width:calc( 1200px + 90px );margin-left: calc(-90px \/ 2 );margin-right: calc(-90px \/ 2 );\"><div class=\"fusion-layout-column fusion_builder_column fusion-builder-column-0 fusion_builder_column_3_5 3_5 fusion-flex-column\" style=\"--awb-bg-size:cover;--awb-width-large:60%;--awb-margin-top-large:0px;--awb-spacing-right-large:45px;--awb-margin-bottom-large:20px;--awb-spacing-left-large:45px;--awb-width-medium:60%;--awb-order-medium:0;--awb-spacing-right-medium:45px;--awb-spacing-left-medium:45px;--awb-width-small:100%;--awb-order-small:0;--awb-spacing-right-small:45px;--awb-spacing-left-small:45px;\"><div class=\"fusion-column-wrapper fusion-column-has-shadow fusion-flex-justify-content-flex-start fusion-content-layout-column\"><div class=\"fusion-title title fusion-title-1 fusion-sep-none fusion-title-text fusion-title-size-one\" style=\"--awb-margin-top-small:10px;--awb-margin-right-small:0px;--awb-margin-bottom-small:10px;--awb-margin-left-small:0px;\"><h1 class=\"fusion-title-heading title-heading-left\" style=\"margin:0;\">EXTRUSION<\/h1><\/div><div class=\"fusion-separator\" style=\"align-self: flex-start;margin-right:auto;margin-top:30px;margin-bottom:30px;width:100%;max-width:20%;\"><div class=\"fusion-separator-border sep-single sep-solid\" style=\"--awb-height:20px;--awb-amount:20px;--awb-sep-color:var(--awb-color6);border-color:var(--awb-color6);border-top-width:3px;\"><\/div><\/div><div class=\"fusion-text fusion-text-1\" style=\"--awb-content-alignment:justify;\"><p>Dans <strong>ALAS IBERIA<\/strong> Nous accordons une attention particuli\u00e8re \u00e0 la mati\u00e8re premi\u00e8re, en utilisant exclusivement des billettes d&rsquo;aluminium provenant de fournisseurs agr\u00e9\u00e9s, qui, \u00e0 leur r\u00e9ception, sont soumises \u00e0 un <strong>contr\u00f4le qualit\u00e9 exhaustif, v\u00e9rifiant son alliage et sa composition chimique<\/strong> et s&rsquo;assurer ainsi qu&rsquo;ils r\u00e9pondent au cahier des charges requis pour leur transformation ult\u00e9rieure.<\/p>\n<\/div><div class=\"fusion-image-element \" style=\"text-align:center;--awb-max-width:;--awb-caption-title-font-family:var(--h2_typography-font-family);--awb-caption-title-font-weight:var(--h2_typography-font-weight);--awb-caption-title-font-style:var(--h2_typography-font-style);--awb-caption-title-size:var(--h2_typography-font-size);--awb-caption-title-transform:var(--h2_typography-text-transform);--awb-caption-title-line-height:var(--h2_typography-line-height);--awb-caption-title-letter-spacing:var(--h2_typography-letter-spacing);\"><span class=\" fusion-imageframe imageframe-none imageframe-1 hover-type-none\"><img decoding=\"async\" width=\"1024\" height=\"504\" title=\"linea de extrusion alas aluminiun\" src=\"https:\/\/alasiberia.com\/web\/wp-content\/uploads\/2023\/06\/linea-de-extrusion-alas-aluminiun-1024x504.jpg\" alt class=\"img-responsive wp-image-1399\" srcset=\"https:\/\/alasiberia.com\/web\/wp-content\/uploads\/2023\/06\/linea-de-extrusion-alas-aluminiun-200x99.jpg 200w, https:\/\/alasiberia.com\/web\/wp-content\/uploads\/2023\/06\/linea-de-extrusion-alas-aluminiun-400x197.jpg 400w, https:\/\/alasiberia.com\/web\/wp-content\/uploads\/2023\/06\/linea-de-extrusion-alas-aluminiun-600x296.jpg 600w, https:\/\/alasiberia.com\/web\/wp-content\/uploads\/2023\/06\/linea-de-extrusion-alas-aluminiun-800x394.jpg 800w, https:\/\/alasiberia.com\/web\/wp-content\/uploads\/2023\/06\/linea-de-extrusion-alas-aluminiun-1200x591.jpg 1200w, https:\/\/alasiberia.com\/web\/wp-content\/uploads\/2023\/06\/linea-de-extrusion-alas-aluminiun.jpg 1500w\" sizes=\"(max-width: 640px) 100vw, 800px\" \/><\/span><\/div><div class=\"fusion-text fusion-text-2\" style=\"--awb-content-alignment:justify;--awb-margin-top:15px;\"><p>La vaste exp\u00e9rience de nos techniciens et la technologie moderne de nos lignes de fabrication nous permettent d&rsquo;offrir un large \u00e9ventail de possibilit\u00e9s pour la fabrication de profil\u00e9s de haute pr\u00e9cision avec des alliages \u00e0 faible empreinte carbone certifi\u00e9e, de diff\u00e9rents alliages et avec divers <strong>applications dans les secteurs de l\u2019industrie, de l\u2019architecture et des transports. <\/strong><\/p>\n<\/div><div class=\"fusion-title title fusion-title-2 fusion-sep-none fusion-title-text fusion-title-size-two\" style=\"--awb-text-color:var(--awb-color7);--awb-margin-top:40px;--awb-margin-left:20px;--awb-margin-top-small:10px;--awb-margin-right-small:0px;--awb-margin-bottom-small:10px;--awb-margin-left-small:0px;\"><h2 class=\"fusion-title-heading title-heading-left\" style=\"margin:0;\">Nous disposons de trois lignes d&rsquo;extrusion de pointe.<\/h2><\/div><div class=\"fusion-separator\" style=\"align-self: flex-start;margin-right:auto;margin-top:30px;margin-bottom:30px;width:100%;max-width:20%;\"><div class=\"fusion-separator-border sep-single sep-solid\" style=\"--awb-height:20px;--awb-amount:20px;--awb-sep-color:var(--awb-color6);border-color:var(--awb-color6);border-top-width:3px;\"><\/div><\/div><div class=\"fusion-text fusion-text-3\" style=\"--awb-content-alignment:justify;\"><p>Notre capacit\u00e9 de production actuelle d\u00e9passe les 25 000 tonnes par an, gr\u00e2ce au fait que nous disposons de trois lignes d&rsquo;extrusion automatis\u00e9es \u00e9quip\u00e9es de la derni\u00e8re technologie du secteur, avec des capacit\u00e9s de pression\/extrusion de 1 800 tonnes, 2 500 tonnes et 3 500 tonnes de puissance pour les billettes. mm, 203 mm et 254 mm respectivement.<\/p>\n<\/div><\/div><\/div><div class=\"fusion-layout-column fusion_builder_column fusion-builder-column-1 fusion_builder_column_1_3 1_3 fusion-flex-column fusion-flex-align-self-flex-end\" style=\"--awb-bg-size:cover;--awb-width-large:33.333333333333%;--awb-margin-top-large:0px;--awb-spacing-right-large:45px;--awb-margin-bottom-large:20px;--awb-spacing-left-large:45px;--awb-width-medium:33.333333333333%;--awb-order-medium:0;--awb-spacing-right-medium:45px;--awb-spacing-left-medium:45px;--awb-width-small:100%;--awb-order-small:0;--awb-spacing-right-small:45px;--awb-spacing-left-small:45px;\" data-scroll-devices=\"small-visibility,medium-visibility,large-visibility\"><div class=\"fusion-column-wrapper fusion-column-has-shadow fusion-flex-justify-content-center fusion-content-layout-column\"><div style=\"text-align:center;\"><a class=\"fusion-button button-flat fusion-button-default-size button-custom fusion-button-default button-1 fusion-button-span-yes fusion-button-default-type fusion-animated\" style=\"--button_accent_color:var(--awb-color7);--button_border_color:var(--awb-color7);--button_accent_hover_color:var(--awb-color1);--button_border_hover_color:var(--awb-color4);--button_border_width-top:2px;--button_border_width-right:2px;--button_border_width-bottom:2px;--button_border_width-left:2px;--button-border-radius-top-left:90px;--button_gradient_top_color:var(--awb-color3);--button_gradient_bottom_color:var(--awb-color3);--button_gradient_top_color_hover:var(--awb-color4);--button_gradient_bottom_color_hover:var(--awb-color4);--button_font_size:20px;--button_typography-font-family:&quot;Barlow Condensed&quot;;--button_typography-font-style:normal;--button_typography-font-weight:600;--button_margin-bottom:6PX;\" data-animationType=\"fadeInDown\" data-animationDuration=\"0.8\" data-animationDelay=\"0.3\" data-animationOffset=\"top-into-view\" target=\"_self\" href=\"https:\/\/alasiberia.com\/web\/fr\/processus\/extrusion\/\"><span class=\"fusion-button-text awb-button__text awb-button__text--default\">EXTRUSION<\/span><\/a><\/div><div style=\"text-align:center;\"><a class=\"fusion-button button-flat fusion-button-default-size button-custom fusion-button-default button-2 fusion-button-span-yes fusion-button-default-type fusion-animated\" style=\"--button_accent_color:var(--awb-color7);--button_border_color:var(--awb-color7);--button_accent_hover_color:var(--awb-color1);--button_border_hover_color:var(--awb-color4);--button_border_width-top:2px;--button_border_width-right:2px;--button_border_width-bottom:2px;--button_border_width-left:2px;--button-border-radius-top-left:0px;--button-border-radius-top-right:0px;--button-border-radius-bottom-right:0px;--button-border-radius-bottom-left:0px;--button_gradient_top_color:var(--awb-color3);--button_gradient_bottom_color:var(--awb-color3);--button_gradient_top_color_hover:var(--awb-color4);--button_gradient_bottom_color_hover:var(--awb-color4);--button_font_size:20px;--button_typography-font-family:&quot;Barlow Condensed&quot;;--button_typography-font-style:normal;--button_typography-font-weight:600;--button_margin-bottom:6PX;\" data-animationType=\"fadeInDown\" data-animationDuration=\"0.8\" data-animationDelay=\"0.6\" data-animationOffset=\"top-into-view\" target=\"_self\" href=\"https:\/\/alasiberia.com\/web\/fr\/processus\/laque\/\"><span class=\"fusion-button-text awb-button__text awb-button__text--default\">LAQUE<\/span><\/a><\/div><div style=\"text-align:center;\"><a class=\"fusion-button button-flat fusion-button-default-size button-custom fusion-button-default button-3 fusion-button-span-yes fusion-button-default-type fusion-animated\" style=\"--button_accent_color:var(--awb-color7);--button_border_color:var(--awb-color7);--button_accent_hover_color:var(--awb-color1);--button_border_hover_color:var(--awb-color4);--button_border_width-top:2px;--button_border_width-right:2px;--button_border_width-bottom:2px;--button_border_width-left:2px;--button-border-radius-top-left:0px;--button-border-radius-top-right:0px;--button-border-radius-bottom-right:0px;--button-border-radius-bottom-left:0px;--button_gradient_top_color:var(--awb-color3);--button_gradient_bottom_color:var(--awb-color3);--button_gradient_top_color_hover:var(--awb-color4);--button_gradient_bottom_color_hover:var(--awb-color4);--button_font_size:20px;--button_typography-font-family:&quot;Barlow Condensed&quot;;--button_typography-font-style:normal;--button_typography-font-weight:600;--button_margin-bottom:6PX;\" data-animationType=\"fadeInDown\" data-animationDuration=\"0.8\" data-animationDelay=\"0.9\" data-animationOffset=\"top-into-view\" target=\"_self\" href=\"https:\/\/alasiberia.com\/web\/fr\/processus\/anodise\/\"><span class=\"fusion-button-text awb-button__text awb-button__text--default\">ANODIS\u00c9<\/span><\/a><\/div><div style=\"text-align:center;\"><a class=\"fusion-button button-flat fusion-button-default-size button-custom fusion-button-default button-4 fusion-button-span-yes fusion-button-default-type fusion-animated\" style=\"--button_accent_color:var(--awb-color7);--button_border_color:var(--awb-color7);--button_accent_hover_color:var(--awb-color1);--button_border_hover_color:var(--awb-color4);--button_border_width-top:2px;--button_border_width-right:2px;--button_border_width-bottom:2px;--button_border_width-left:2px;--button-border-radius-top-left:0px;--button-border-radius-top-right:0px;--button-border-radius-bottom-right:0px;--button-border-radius-bottom-left:0px;--button_gradient_top_color:var(--awb-color3);--button_gradient_bottom_color:var(--awb-color3);--button_gradient_top_color_hover:var(--awb-color4);--button_gradient_bottom_color_hover:var(--awb-color4);--button_font_size:20px;--button_typography-font-family:&quot;Barlow Condensed&quot;;--button_typography-font-style:normal;--button_typography-font-weight:600;--button_margin-bottom:6PX;\" data-animationType=\"fadeInDown\" data-animationDuration=\"0.8\" data-animationDelay=\"1.2\" data-animationOffset=\"top-into-view\" target=\"_self\" href=\"https:\/\/alasiberia.com\/web\/fr\/processus\/assemblee\/\"><span class=\"fusion-button-text awb-button__text awb-button__text--default\">ASSEMBL\u00c9E<\/span><\/a><\/div><div style=\"text-align:center;\"><a class=\"fusion-button button-flat fusion-button-default-size button-custom fusion-button-default button-5 fusion-button-span-yes fusion-button-default-type fusion-animated\" style=\"--button_accent_color:var(--awb-color7);--button_border_color:var(--awb-color7);--button_accent_hover_color:var(--awb-color1);--button_border_hover_color:var(--awb-color4);--button_border_width-top:2px;--button_border_width-right:2px;--button_border_width-bottom:2px;--button_border_width-left:2px;--button-border-radius-top-left:0px;--button-border-radius-top-right:0px;--button-border-radius-bottom-right:0px;--button-border-radius-bottom-left:0px;--button_gradient_top_color:var(--awb-color3);--button_gradient_bottom_color:var(--awb-color3);--button_gradient_top_color_hover:var(--awb-color4);--button_gradient_bottom_color_hover:var(--awb-color4);--button_font_size:20px;--button_typography-font-family:&quot;Barlow Condensed&quot;;--button_typography-font-style:normal;--button_typography-font-weight:600;--button_margin-bottom:6PX;\" data-animationType=\"fadeInDown\" data-animationDuration=\"0.8\" data-animationDelay=\"1.5\" data-animationOffset=\"top-into-view\" target=\"_self\" href=\"https:\/\/alasiberia.com\/web\/fr\/processus\/usinage\/\"><span class=\"fusion-button-text awb-button__text awb-button__text--default\">USINAGE<\/span><\/a><\/div><div style=\"text-align:center;\"><a class=\"fusion-button button-flat fusion-button-default-size button-custom fusion-button-default button-6 fusion-button-span-yes fusion-button-default-type fusion-animated\" style=\"--button_accent_color:var(--awb-color7);--button_border_color:var(--awb-color7);--button_accent_hover_color:var(--awb-color1);--button_border_hover_color:var(--awb-color4);--button_border_width-top:2px;--button_border_width-right:2px;--button_border_width-bottom:2px;--button_border_width-left:2px;--button-border-radius-top-left:0px;--button-border-radius-top-right:0px;--button-border-radius-bottom-right:0PX;--button-border-radius-bottom-left:0px;--button_gradient_top_color:var(--awb-color3);--button_gradient_bottom_color:var(--awb-color3);--button_gradient_top_color_hover:var(--awb-color4);--button_gradient_bottom_color_hover:var(--awb-color4);--button_font_size:20px;--button_typography-font-family:&quot;Barlow Condensed&quot;;--button_typography-font-style:normal;--button_typography-font-weight:600;--button_margin-bottom:6PX;\" data-animationType=\"fadeInDown\" data-animationDuration=\"0.8\" data-animationDelay=\"1.8\" data-animationOffset=\"top-into-view\" target=\"_self\" href=\"https:\/\/alasiberia.com\/web\/fr\/processus\/logistique\/\"><span class=\"fusion-button-text awb-button__text awb-button__text--default\">LOGISTIQUE<\/span><\/a><\/div><div style=\"text-align:center;\"><a class=\"fusion-button button-flat fusion-button-default-size button-custom fusion-button-default button-7 fusion-button-span-yes fusion-button-default-type fusion-animated\" style=\"--button_accent_color:var(--awb-color7);--button_border_color:var(--awb-color7);--button_accent_hover_color:var(--awb-color1);--button_border_hover_color:var(--awb-color4);--button_border_width-top:2px;--button_border_width-right:2px;--button_border_width-bottom:2px;--button_border_width-left:2px;--button-border-radius-top-left:0px;--button-border-radius-top-right:0px;--button-border-radius-bottom-right:90PX;--button-border-radius-bottom-left:0px;--button_gradient_top_color:var(--awb-color3);--button_gradient_bottom_color:var(--awb-color3);--button_gradient_top_color_hover:var(--awb-color4);--button_gradient_bottom_color_hover:var(--awb-color4);--button_font_size:20px;--button_typography-font-family:&quot;Barlow Condensed&quot;;--button_typography-font-style:normal;--button_typography-font-weight:600;\" data-animationType=\"fadeInDown\" data-animationDuration=\"0.8\" data-animationDelay=\"2.1\" data-animationOffset=\"top-into-view\" target=\"_self\" href=\"https:\/\/alasiberia.com\/web\/fr\/processus\/innovation-securite-et-durabilite\/\"><span class=\"fusion-button-text awb-button__text awb-button__text--default\">INNOVATION, S\u00c9CURIT\u00c9 ET DURABILIT\u00c9<\/span><\/a><\/div><\/div><\/div><\/div><\/div>\n","protected":false},"excerpt":{"rendered":"","protected":false},"author":1,"featured_media":0,"parent":2189,"menu_order":0,"comment_status":"closed","ping_status":"closed","template":"100-width.php","meta":{"footnotes":""},"class_list":["post-2198","page","type-page","status-publish","hentry"],"_links":{"self":[{"href":"https:\/\/alasiberia.com\/web\/fr\/wp-json\/wp\/v2\/pages\/2198","targetHints":{"allow":["GET"]}}],"collection":[{"href":"https:\/\/alasiberia.com\/web\/fr\/wp-json\/wp\/v2\/pages"}],"about":[{"href":"https:\/\/alasiberia.com\/web\/fr\/wp-json\/wp\/v2\/types\/page"}],"author":[{"embeddable":true,"href":"https:\/\/alasiberia.com\/web\/fr\/wp-json\/wp\/v2\/users\/1"}],"replies":[{"embeddable":true,"href":"https:\/\/alasiberia.com\/web\/fr\/wp-json\/wp\/v2\/comments?post=2198"}],"version-history":[{"count":3,"href":"https:\/\/alasiberia.com\/web\/fr\/wp-json\/wp\/v2\/pages\/2198\/revisions"}],"predecessor-version":[{"id":2370,"href":"https:\/\/alasiberia.com\/web\/fr\/wp-json\/wp\/v2\/pages\/2198\/revisions\/2370"}],"up":[{"embeddable":true,"href":"https:\/\/alasiberia.com\/web\/fr\/wp-json\/wp\/v2\/pages\/2189"}],"wp:attachment":[{"href":"https:\/\/alasiberia.com\/web\/fr\/wp-json\/wp\/v2\/media?parent=2198"}],"curies":[{"name":"wp","href":"https:\/\/api.w.org\/{rel}","templated":true}]}}