{"id":2207,"date":"2023-06-26T17:57:53","date_gmt":"2023-06-26T15:57:53","guid":{"rendered":"https:\/\/alasiberia.com\/web\/processus\/logistique\/"},"modified":"2023-09-20T13:06:01","modified_gmt":"2023-09-20T11:06:01","slug":"logistique","status":"publish","type":"page","link":"https:\/\/alasiberia.com\/web\/fr\/processus\/logistique\/","title":{"rendered":"Logistique"},"content":{"rendered":"<div class=\"fusion-fullwidth fullwidth-box fusion-builder-row-1 fusion-flex-container has-pattern-background has-mask-background nonhundred-percent-fullwidth non-hundred-percent-height-scrolling\" style=\"--awb-border-radius-top-left:0px;--awb-border-radius-top-right:0px;--awb-border-radius-bottom-right:0px;--awb-border-radius-bottom-left:0px;--awb-margin-top:130px;--awb-flex-wrap:wrap;\" ><div class=\"fusion-builder-row fusion-row fusion-flex-align-items-flex-start fusion-flex-justify-content-center fusion-flex-content-wrap\" style=\"max-width:calc( 1200px + 90px );margin-left: calc(-90px \/ 2 );margin-right: calc(-90px \/ 2 );\"><div class=\"fusion-layout-column fusion_builder_column fusion-builder-column-0 fusion_builder_column_3_5 3_5 fusion-flex-column\" style=\"--awb-bg-size:cover;--awb-width-large:60%;--awb-margin-top-large:0px;--awb-spacing-right-large:45px;--awb-margin-bottom-large:20px;--awb-spacing-left-large:45px;--awb-width-medium:60%;--awb-order-medium:0;--awb-spacing-right-medium:45px;--awb-spacing-left-medium:45px;--awb-width-small:100%;--awb-order-small:0;--awb-spacing-right-small:45px;--awb-spacing-left-small:45px;\"><div class=\"fusion-column-wrapper fusion-column-has-shadow fusion-flex-justify-content-flex-start fusion-content-layout-column\"><div class=\"fusion-title title fusion-title-1 fusion-sep-none fusion-title-text fusion-title-size-one\" style=\"--awb-margin-top-small:10px;--awb-margin-right-small:0px;--awb-margin-bottom-small:10px;--awb-margin-left-small:0px;\"><h1 class=\"fusion-title-heading title-heading-left\" style=\"margin:0;\">LOGISTIQUE<\/h1><\/div><div class=\"fusion-separator\" style=\"align-self: flex-start;margin-right:auto;margin-top:30px;margin-bottom:30px;width:100%;max-width:20%;\"><div class=\"fusion-separator-border sep-single sep-solid\" style=\"--awb-height:20px;--awb-amount:20px;--awb-sep-color:var(--awb-color6);border-color:var(--awb-color6);border-top-width:3px;\"><\/div><\/div><div class=\"fusion-text fusion-text-1\" style=\"--awb-content-alignment:justify;\"><p>Nous disposons d&rsquo;un grand entrep\u00f4t o\u00f9 les profils sont organis\u00e9s selon leur typologie pour faciliter une plus grande efficacit\u00e9 et rapidit\u00e9 dans la pr\u00e9paration de chaque commande.<\/p>\n<\/div><div class=\"fusion-image-element \" style=\"--awb-max-width:;--awb-caption-title-font-family:var(--h2_typography-font-family);--awb-caption-title-font-weight:var(--h2_typography-font-weight);--awb-caption-title-font-style:var(--h2_typography-font-style);--awb-caption-title-size:var(--h2_typography-font-size);--awb-caption-title-transform:var(--h2_typography-text-transform);--awb-caption-title-line-height:var(--h2_typography-line-height);--awb-caption-title-letter-spacing:var(--h2_typography-letter-spacing);\"><span class=\" fusion-imageframe imageframe-none imageframe-1 hover-type-zoomin\"><img decoding=\"async\" width=\"1024\" height=\"683\" title=\"Logistica y almacen alas iberia\" src=\"https:\/\/alasiberia.com\/web\/wp-content\/uploads\/2023\/06\/Logistica-y-almacen-alas-iberia-1024x683.jpg\" alt class=\"img-responsive wp-image-1435\" srcset=\"https:\/\/alasiberia.com\/web\/wp-content\/uploads\/2023\/06\/Logistica-y-almacen-alas-iberia-200x133.jpg 200w, https:\/\/alasiberia.com\/web\/wp-content\/uploads\/2023\/06\/Logistica-y-almacen-alas-iberia-400x267.jpg 400w, https:\/\/alasiberia.com\/web\/wp-content\/uploads\/2023\/06\/Logistica-y-almacen-alas-iberia-600x400.jpg 600w, https:\/\/alasiberia.com\/web\/wp-content\/uploads\/2023\/06\/Logistica-y-almacen-alas-iberia-800x533.jpg 800w, https:\/\/alasiberia.com\/web\/wp-content\/uploads\/2023\/06\/Logistica-y-almacen-alas-iberia-1200x800.jpg 1200w, https:\/\/alasiberia.com\/web\/wp-content\/uploads\/2023\/06\/Logistica-y-almacen-alas-iberia.jpg 1500w\" sizes=\"(max-width: 640px) 100vw, 800px\" \/><\/span><\/div><div class=\"fusion-text fusion-text-2\" style=\"--awb-content-alignment:justify;--awb-margin-top:15px;\"><p>Nos profil\u00e9s sont soumis \u00e0 des processus de contr\u00f4le continus pour garantir leur qualit\u00e9 et, avant d&rsquo;\u00eatre exp\u00e9di\u00e9s \u00e0 chaque client, ils sont emball\u00e9s en standard dans des lignes automatiques avec des bo\u00eetes de protection en plastique et en carton, ou selon les exigences et besoins sp\u00e9cifiques convenus avec chaque client et projet, \u00e9tant pr\u00eat \u00e0 \u00eatre exp\u00e9di\u00e9 et transport\u00e9 dans les d\u00e9lais convenus et dans des conditions optimales pour maintenir la protection jusqu&rsquo;\u00e0 sa destination finale.<\/p>\n<\/div><div class=\"fusion-title title fusion-title-2 fusion-no-small-visibility fusion-sep-none fusion-title-text fusion-title-size-two\" style=\"--awb-text-color:var(--awb-color7);--awb-margin-top:40px;--awb-margin-left:20px;--awb-margin-top-small:10px;--awb-margin-right-small:0px;--awb-margin-bottom-small:10px;--awb-margin-left-small:0px;\"><h2 class=\"fusion-title-heading title-heading-left\" style=\"margin:0;\"><p>L\u2019importance d\u2019\u00eatre aux c\u00f4t\u00e9s de nos<br \/>\npartenaires l\u00e0 o\u00f9 ils en ont besoin.<\/p><\/h2><\/div><div class=\"fusion-title title fusion-title-3 fusion-no-medium-visibility fusion-no-large-visibility fusion-sep-none fusion-title-text fusion-title-size-two\" style=\"--awb-text-color:var(--awb-color7);--awb-margin-top:40px;--awb-margin-left:20px;--awb-margin-top-small:10px;--awb-margin-right-small:0px;--awb-margin-bottom-small:10px;--awb-margin-left-small:0px;\"><h2 class=\"fusion-title-heading title-heading-left\" style=\"margin:0;\">L\u2019importance d\u2019\u00eatre aux c\u00f4t\u00e9s de nos partenaires l\u00e0 o\u00f9 ils en ont besoin.<\/h2><\/div><div class=\"fusion-separator\" style=\"align-self: flex-start;margin-right:auto;margin-top:30px;margin-bottom:30px;width:100%;max-width:20%;\"><div class=\"fusion-separator-border sep-single sep-solid\" style=\"--awb-height:20px;--awb-amount:20px;--awb-sep-color:var(--awb-color6);border-color:var(--awb-color6);border-top-width:3px;\"><\/div><\/div><div class=\"fusion-text fusion-text-3\" style=\"--awb-content-alignment:justify;--awb-margin-top:15px;\"><p>Nous distribuons nos produits dans le monde entier gr\u00e2ce \u00e0 notre vaste r\u00e9seau de partenaires commerciaux et nous sommes conscients de l&rsquo;importance d&rsquo;\u00eatre \u00e0 leurs c\u00f4t\u00e9s partout o\u00f9 ils ont besoin de nous. C&rsquo;est pourquoi nous travaillons continuellement sur divers projets pour \u00e9tendre notre pr\u00e9sence internationale et continuer \u00e0 conqu\u00e9rir de nouveaux horizons avec nos clients et fournisseurs.<\/p>\n<\/div><\/div><\/div><div class=\"fusion-layout-column fusion_builder_column fusion-builder-column-1 fusion_builder_column_1_3 1_3 fusion-flex-column fusion-flex-align-self-flex-end\" style=\"--awb-bg-size:cover;--awb-width-large:33.333333333333%;--awb-margin-top-large:0px;--awb-spacing-right-large:45px;--awb-margin-bottom-large:20px;--awb-spacing-left-large:45px;--awb-width-medium:33.333333333333%;--awb-order-medium:0;--awb-spacing-right-medium:45px;--awb-spacing-left-medium:45px;--awb-width-small:100%;--awb-order-small:0;--awb-spacing-right-small:45px;--awb-spacing-left-small:45px;\" data-scroll-devices=\"small-visibility,medium-visibility,large-visibility\"><div class=\"fusion-column-wrapper fusion-column-has-shadow fusion-flex-justify-content-center fusion-content-layout-column\"><div style=\"text-align:center;\"><a class=\"fusion-button button-flat fusion-button-default-size button-custom fusion-button-default button-1 fusion-button-span-yes fusion-button-default-type fusion-animated\" style=\"--button_accent_color:var(--awb-color7);--button_border_color:var(--awb-color7);--button_accent_hover_color:var(--awb-color1);--button_border_hover_color:var(--awb-color4);--button_border_width-top:2px;--button_border_width-right:2px;--button_border_width-bottom:2px;--button_border_width-left:2px;--button-border-radius-top-left:90px;--button_gradient_top_color:var(--awb-color3);--button_gradient_bottom_color:var(--awb-color3);--button_gradient_top_color_hover:var(--awb-color4);--button_gradient_bottom_color_hover:var(--awb-color4);--button_font_size:20px;--button_typography-font-family:&quot;Barlow Condensed&quot;;--button_typography-font-style:normal;--button_typography-font-weight:600;--button_margin-bottom:6PX;\" data-animationType=\"fadeInDown\" data-animationDuration=\"0.8\" data-animationDelay=\"0.3\" data-animationOffset=\"top-into-view\" target=\"_self\" href=\"https:\/\/alasiberia.com\/web\/fr\/processus\/extrusion\/\"><span class=\"fusion-button-text awb-button__text awb-button__text--default\">EXTRUSION<\/span><\/a><\/div><div style=\"text-align:center;\"><a class=\"fusion-button button-flat fusion-button-default-size button-custom fusion-button-default button-2 fusion-button-span-yes fusion-button-default-type fusion-animated\" style=\"--button_accent_color:var(--awb-color7);--button_border_color:var(--awb-color7);--button_accent_hover_color:var(--awb-color1);--button_border_hover_color:var(--awb-color4);--button_border_width-top:2px;--button_border_width-right:2px;--button_border_width-bottom:2px;--button_border_width-left:2px;--button-border-radius-top-left:0px;--button-border-radius-top-right:0px;--button-border-radius-bottom-right:0px;--button-border-radius-bottom-left:0px;--button_gradient_top_color:var(--awb-color3);--button_gradient_bottom_color:var(--awb-color3);--button_gradient_top_color_hover:var(--awb-color4);--button_gradient_bottom_color_hover:var(--awb-color4);--button_font_size:20px;--button_typography-font-family:&quot;Barlow Condensed&quot;;--button_typography-font-style:normal;--button_typography-font-weight:600;--button_margin-bottom:6PX;\" data-animationType=\"fadeInDown\" data-animationDuration=\"0.8\" data-animationDelay=\"0.6\" data-animationOffset=\"top-into-view\" target=\"_self\" href=\"https:\/\/alasiberia.com\/web\/fr\/processus\/laque\/\"><span class=\"fusion-button-text awb-button__text awb-button__text--default\">LAQUE<\/span><\/a><\/div><div style=\"text-align:center;\"><a class=\"fusion-button button-flat fusion-button-default-size button-custom fusion-button-default button-3 fusion-button-span-yes fusion-button-default-type fusion-animated\" style=\"--button_accent_color:var(--awb-color7);--button_border_color:var(--awb-color7);--button_accent_hover_color:var(--awb-color1);--button_border_hover_color:var(--awb-color4);--button_border_width-top:2px;--button_border_width-right:2px;--button_border_width-bottom:2px;--button_border_width-left:2px;--button-border-radius-top-left:0px;--button-border-radius-top-right:0px;--button-border-radius-bottom-right:0px;--button-border-radius-bottom-left:0px;--button_gradient_top_color:var(--awb-color3);--button_gradient_bottom_color:var(--awb-color3);--button_gradient_top_color_hover:var(--awb-color4);--button_gradient_bottom_color_hover:var(--awb-color4);--button_font_size:20px;--button_typography-font-family:&quot;Barlow Condensed&quot;;--button_typography-font-style:normal;--button_typography-font-weight:600;--button_margin-bottom:6PX;\" data-animationType=\"fadeInDown\" data-animationDuration=\"0.8\" data-animationDelay=\"0.9\" data-animationOffset=\"top-into-view\" target=\"_self\" href=\"https:\/\/alasiberia.com\/web\/fr\/processus\/anodise\/\"><span class=\"fusion-button-text awb-button__text awb-button__text--default\">ANODIS\u00c9<\/span><\/a><\/div><div style=\"text-align:center;\"><a class=\"fusion-button button-flat fusion-button-default-size button-custom fusion-button-default button-4 fusion-button-span-yes fusion-button-default-type fusion-animated\" style=\"--button_accent_color:var(--awb-color7);--button_border_color:var(--awb-color7);--button_accent_hover_color:var(--awb-color1);--button_border_hover_color:var(--awb-color4);--button_border_width-top:2px;--button_border_width-right:2px;--button_border_width-bottom:2px;--button_border_width-left:2px;--button-border-radius-top-left:0px;--button-border-radius-top-right:0px;--button-border-radius-bottom-right:0px;--button-border-radius-bottom-left:0px;--button_gradient_top_color:var(--awb-color3);--button_gradient_bottom_color:var(--awb-color3);--button_gradient_top_color_hover:var(--awb-color4);--button_gradient_bottom_color_hover:var(--awb-color4);--button_font_size:20px;--button_typography-font-family:&quot;Barlow Condensed&quot;;--button_typography-font-style:normal;--button_typography-font-weight:600;--button_margin-bottom:6PX;\" data-animationType=\"fadeInDown\" data-animationDuration=\"0.8\" data-animationDelay=\"1.2\" data-animationOffset=\"top-into-view\" target=\"_self\" href=\"https:\/\/alasiberia.com\/web\/fr\/processus\/assemblee\/\"><span class=\"fusion-button-text awb-button__text awb-button__text--default\">ASSEMBL\u00c9E<\/span><\/a><\/div><div style=\"text-align:center;\"><a class=\"fusion-button button-flat fusion-button-default-size button-custom fusion-button-default button-5 fusion-button-span-yes fusion-button-default-type fusion-animated\" style=\"--button_accent_color:var(--awb-color7);--button_border_color:var(--awb-color7);--button_accent_hover_color:var(--awb-color1);--button_border_hover_color:var(--awb-color4);--button_border_width-top:2px;--button_border_width-right:2px;--button_border_width-bottom:2px;--button_border_width-left:2px;--button-border-radius-top-left:0px;--button-border-radius-top-right:0px;--button-border-radius-bottom-right:0px;--button-border-radius-bottom-left:0px;--button_gradient_top_color:var(--awb-color3);--button_gradient_bottom_color:var(--awb-color3);--button_gradient_top_color_hover:var(--awb-color4);--button_gradient_bottom_color_hover:var(--awb-color4);--button_font_size:20px;--button_typography-font-family:&quot;Barlow Condensed&quot;;--button_typography-font-style:normal;--button_typography-font-weight:600;--button_margin-bottom:6PX;\" data-animationType=\"fadeInDown\" data-animationDuration=\"0.8\" data-animationDelay=\"1.5\" data-animationOffset=\"top-into-view\" target=\"_self\" href=\"https:\/\/alasiberia.com\/web\/fr\/processus\/usinage\/\"><span class=\"fusion-button-text awb-button__text awb-button__text--default\">USINAGE<\/span><\/a><\/div><div style=\"text-align:center;\"><a class=\"fusion-button button-flat fusion-button-default-size button-custom fusion-button-default button-6 fusion-button-span-yes fusion-button-default-type fusion-animated\" style=\"--button_accent_color:var(--awb-color7);--button_border_color:var(--awb-color7);--button_accent_hover_color:var(--awb-color1);--button_border_hover_color:var(--awb-color4);--button_border_width-top:2px;--button_border_width-right:2px;--button_border_width-bottom:2px;--button_border_width-left:2px;--button-border-radius-top-left:0px;--button-border-radius-top-right:0px;--button-border-radius-bottom-right:0PX;--button-border-radius-bottom-left:0px;--button_gradient_top_color:var(--awb-color3);--button_gradient_bottom_color:var(--awb-color3);--button_gradient_top_color_hover:var(--awb-color4);--button_gradient_bottom_color_hover:var(--awb-color4);--button_font_size:20px;--button_typography-font-family:&quot;Barlow Condensed&quot;;--button_typography-font-style:normal;--button_typography-font-weight:600;--button_margin-bottom:6PX;\" data-animationType=\"fadeInDown\" data-animationDuration=\"0.8\" data-animationDelay=\"1.8\" data-animationOffset=\"top-into-view\" target=\"_self\" href=\"https:\/\/alasiberia.com\/web\/fr\/processus\/logistique\/\"><span class=\"fusion-button-text awb-button__text awb-button__text--default\">LOGISTIQUE<\/span><\/a><\/div><div style=\"text-align:center;\"><a class=\"fusion-button button-flat fusion-button-default-size button-custom fusion-button-default button-7 fusion-button-span-yes fusion-button-default-type fusion-animated\" style=\"--button_accent_color:var(--awb-color7);--button_border_color:var(--awb-color7);--button_accent_hover_color:var(--awb-color1);--button_border_hover_color:var(--awb-color4);--button_border_width-top:2px;--button_border_width-right:2px;--button_border_width-bottom:2px;--button_border_width-left:2px;--button-border-radius-top-left:0px;--button-border-radius-top-right:0px;--button-border-radius-bottom-right:90PX;--button-border-radius-bottom-left:0px;--button_gradient_top_color:var(--awb-color3);--button_gradient_bottom_color:var(--awb-color3);--button_gradient_top_color_hover:var(--awb-color4);--button_gradient_bottom_color_hover:var(--awb-color4);--button_font_size:20px;--button_typography-font-family:&quot;Barlow Condensed&quot;;--button_typography-font-style:normal;--button_typography-font-weight:600;\" data-animationType=\"fadeInDown\" data-animationDuration=\"0.8\" data-animationDelay=\"2.1\" data-animationOffset=\"top-into-view\" target=\"_self\" href=\"https:\/\/alasiberia.com\/web\/fr\/processus\/innovation-securite-et-durabilite\/\"><span class=\"fusion-button-text awb-button__text awb-button__text--default\">INNOVATION, S\u00c9CURIT\u00c9 ET DURABILIT\u00c9<\/span><\/a><\/div><\/div><\/div><\/div><\/div>\n","protected":false},"excerpt":{"rendered":"","protected":false},"author":1,"featured_media":0,"parent":2189,"menu_order":0,"comment_status":"closed","ping_status":"closed","template":"100-width.php","meta":{"footnotes":""},"class_list":["post-2207","page","type-page","status-publish","hentry"],"_links":{"self":[{"href":"https:\/\/alasiberia.com\/web\/fr\/wp-json\/wp\/v2\/pages\/2207","targetHints":{"allow":["GET"]}}],"collection":[{"href":"https:\/\/alasiberia.com\/web\/fr\/wp-json\/wp\/v2\/pages"}],"about":[{"href":"https:\/\/alasiberia.com\/web\/fr\/wp-json\/wp\/v2\/types\/page"}],"author":[{"embeddable":true,"href":"https:\/\/alasiberia.com\/web\/fr\/wp-json\/wp\/v2\/users\/1"}],"replies":[{"embeddable":true,"href":"https:\/\/alasiberia.com\/web\/fr\/wp-json\/wp\/v2\/comments?post=2207"}],"version-history":[{"count":3,"href":"https:\/\/alasiberia.com\/web\/fr\/wp-json\/wp\/v2\/pages\/2207\/revisions"}],"predecessor-version":[{"id":2375,"href":"https:\/\/alasiberia.com\/web\/fr\/wp-json\/wp\/v2\/pages\/2207\/revisions\/2375"}],"up":[{"embeddable":true,"href":"https:\/\/alasiberia.com\/web\/fr\/wp-json\/wp\/v2\/pages\/2189"}],"wp:attachment":[{"href":"https:\/\/alasiberia.com\/web\/fr\/wp-json\/wp\/v2\/media?parent=2207"}],"curies":[{"name":"wp","href":"https:\/\/api.w.org\/{rel}","templated":true}]}}