{"id":1722,"date":"2023-07-27T09:36:23","date_gmt":"2023-07-27T07:36:23","guid":{"rendered":"https:\/\/alasiberia.com\/web\/industria\/"},"modified":"2023-09-20T06:07:44","modified_gmt":"2023-09-20T04:07:44","slug":"industria","status":"publish","type":"page","link":"https:\/\/alasiberia.com\/web\/pt-pt\/industria\/","title":{"rendered":"Ind\u00fastria"},"content":{"rendered":"<p><div class=\"fusion-fullwidth fullwidth-box fusion-builder-row-1 fusion-flex-container has-pattern-background has-mask-background nonhundred-percent-fullwidth non-hundred-percent-height-scrolling\" style=\"--awb-border-radius-top-left:0px;--awb-border-radius-top-right:0px;--awb-border-radius-bottom-right:0px;--awb-border-radius-bottom-left:0px;--awb-margin-top:130px;--awb-margin-bottom:40px;--awb-flex-wrap:wrap;\" ><div class=\"fusion-builder-row fusion-row fusion-flex-align-items-flex-end fusion-flex-content-wrap\" style=\"max-width:calc( 1200px + 90px );margin-left: calc(-90px \/ 2 );margin-right: calc(-90px \/ 2 );\"><div class=\"fusion-layout-column fusion_builder_column fusion-builder-column-0 fusion_builder_column_3_5 3_5 fusion-flex-column\" style=\"--awb-bg-size:cover;--awb-width-large:60%;--awb-margin-top-large:0px;--awb-spacing-right-large:45px;--awb-margin-bottom-large:20px;--awb-spacing-left-large:45px;--awb-width-medium:60%;--awb-order-medium:0;--awb-spacing-right-medium:45px;--awb-spacing-left-medium:45px;--awb-width-small:100%;--awb-order-small:0;--awb-spacing-right-small:45px;--awb-spacing-left-small:45px;\"><div class=\"fusion-column-wrapper fusion-column-has-shadow fusion-flex-justify-content-flex-start fusion-content-layout-column\"><div class=\"fusion-title title fusion-title-1 fusion-sep-none fusion-title-text fusion-title-size-one\" style=\"--awb-margin-top-small:10px;--awb-margin-right-small:0px;--awb-margin-bottom-small:10px;--awb-margin-left-small:0px;\"><h1 class=\"fusion-title-heading title-heading-left\" style=\"margin:0;\">IND\u00daSTRIA<\/h1><\/div><div class=\"fusion-separator\" style=\"align-self: flex-start;margin-right:auto;margin-top:30px;margin-bottom:30px;width:100%;max-width:20%;\"><div class=\"fusion-separator-border sep-single sep-solid\" style=\"--awb-height:20px;--awb-amount:20px;--awb-sep-color:var(--awb-color6);border-color:var(--awb-color6);border-top-width:3px;\"><\/div><\/div><div class=\"fusion-text fusion-text-1\" style=\"--awb-content-alignment:justify;\"><p>A nossa sec\u00e7\u00e3o de neg\u00f3cios dedicada \u00e0 ind\u00fastria cobre as necessidades de clientes de diversos setores como solar, transportes, ind\u00fastria naval, rob\u00f3tica, eletr\u00f3nica ou perfis estruturais. Processo de transforma\u00e7\u00e3o do alum\u00ednio atrav\u00e9s de t\u00e9cnicas muito variadas e sujeito a rigorosos controlos de qualidade, supervisionados por uma equipa de profissionais qualificada.<\/p>\n<\/div><\/div><\/div><div class=\"fusion-layout-column fusion_builder_column fusion-builder-column-1 fusion_builder_column_2_5 2_5 fusion-flex-column\" style=\"--awb-bg-size:cover;--awb-width-large:40%;--awb-margin-top-large:0px;--awb-spacing-right-large:45px;--awb-margin-bottom-large:20px;--awb-spacing-left-large:45px;--awb-width-medium:40%;--awb-order-medium:0;--awb-spacing-right-medium:45px;--awb-spacing-left-medium:45px;--awb-width-small:100%;--awb-order-small:0;--awb-spacing-right-small:45px;--awb-spacing-left-small:45px;\" data-scroll-devices=\"small-visibility,medium-visibility,large-visibility\"><div class=\"fusion-column-wrapper fusion-column-has-shadow fusion-flex-justify-content-flex-end fusion-content-layout-column\"><\/div><\/div><div class=\"fusion-layout-column fusion_builder_column fusion-builder-column-2 fusion_builder_column_1_4 1_4 fusion-flex-column\" style=\"--awb-bg-size:cover;--awb-width-large:25%;--awb-margin-top-large:0px;--awb-spacing-right-large:45px;--awb-margin-bottom-large:20px;--awb-spacing-left-large:45px;--awb-width-medium:25%;--awb-order-medium:0;--awb-spacing-right-medium:45px;--awb-spacing-left-medium:45px;--awb-width-small:100%;--awb-order-small:0;--awb-spacing-right-small:45px;--awb-spacing-left-small:45px;\" data-scroll-devices=\"small-visibility,medium-visibility,large-visibility\"><div class=\"fusion-column-wrapper fusion-column-has-shadow fusion-flex-justify-content-flex-end fusion-content-layout-column\"><\/div><\/div><div class=\"fusion-layout-column fusion_builder_column fusion-builder-column-3 fusion_builder_column_3_4 3_4 fusion-flex-column\" style=\"--awb-bg-size:cover;--awb-width-large:75%;--awb-margin-top-large:0px;--awb-spacing-right-large:45px;--awb-margin-bottom-large:20px;--awb-spacing-left-large:45px;--awb-width-medium:75%;--awb-order-medium:0;--awb-spacing-right-medium:45px;--awb-spacing-left-medium:45px;--awb-width-small:100%;--awb-order-small:0;--awb-spacing-right-small:45px;--awb-spacing-left-small:45px;\"><div class=\"fusion-column-wrapper fusion-column-has-shadow fusion-flex-justify-content-flex-start fusion-content-layout-column\"><div class=\"fusion-content-boxes content-boxes columns row fusion-columns-1 fusion-columns-total-3 fusion-content-boxes-1 content-boxes-timeline-vertical content-left content-boxes-timeline-layout content-boxes-icon-with-title fusion-delayed-animation\" style=\"--awb-backgroundcolor:#e3e4e5;--awb-body-color:var(--awb-color7);--awb-title-color:var(--awb-color4);--awb-hover-accent-color:var(--awb-color4);--awb-circle-hover-accent-color:var(--awb-color4);--awb-item-margin-bottom:40px;\" data-animation-delay=\"350\" data-animationOffset=\"top-into-view\"><div style=\"--awb-backgroundcolor:#e3e4e5;--awb-iconcolor:var(--awb-color4);--awb-content-padding-left:64px;\" class=\"fusion-column content-box-column content-box-column content-box-column-1 col-lg-12 col-md-12 col-sm-12 fusion-content-box-hover content-box-column-last-in-row\"><div class=\"col content-box-wrapper content-wrapper-background link-area-link-icon link-type-button content-icon-wrapper-yes icon-hover-animation-fade fusion-animated\" data-animationType=\"fadeIn\" data-animationDuration=\"0.25\" data-animationOffset=\"top-into-view\"><div class=\"heading heading-with-icon icon-left\" style=\"margin-top:10px;\"><a class=\"heading-link\" href=\"https:\/\/alasiberia.com\/web\/pt-pt\/industria\/aluminio-e-ligas\/\" target=\"_self\"><div class=\"icon\" style=\"margin-top:-10px;margin-bottom:-10px;-webkit-animation-duration: 350ms;animation-duration: 350ms;\"><span style=\"height:42px;width:42px;line-height:22px;border-color:var(--awb-color4);border-width:1px;border-style:solid;background-color:var(--awb-color4);margin-right:20px;box-sizing:content-box;border-radius:50%;\"><i style=\"border-color:var(--awb-color4);border-width:1px;background-color:var(--awb-color3);box-sizing:content-box;height:40px;width:40px;line-height:40px;border-radius:50%;position:relative;top:auto;left:auto;margin:0;border-radius:50%;font-size:20px;\" aria-hidden=\"true\" class=\"fontawesome-icon fa-dot-circle fas circle-yes\"><\/i><\/span><\/div><h2 class=\"content-box-heading\" style=\"--h2_typography-font-size:24px;line-height:29px;\">ALUM\u00cdNIO E LIGAS<\/h2><\/a><\/div><div class=\"fusion-clearfix\"><\/div><div class=\"content-container\">\n<p>Nossa mat\u00e9ria-prima, um produto male\u00e1vel, \u00e0 prova de fogo, bom condutor, f\u00e1cil de mecanizar, barato e 100% recicl\u00e1vel sem perda de qualidade. Aproveitamos todas as suas propriedades com o objetivo de criar produtos de primeira qualidade.<\/p>\n<\/div><div class=\"fusion-clearfix\"><\/div><a class=\"fusion-read-more-button fusion-content-box-button fusion-button button-default fusion-button-default-size button- button-flat\" style=\"margin-left:64px;\" href=\"https:\/\/alasiberia.com\/web\/pt-pt\/industria\/aluminio-e-ligas\/\" target=\"_self\"><span class=\"fusion-button-text\">MAIS INFORMA\u00c7\u00d5ES SOBRE ALUM\u00cdNIO<\/span><\/a><div class=\"fusion-clearfix\"><\/div><div class=\"content-box-shortcode-timeline-vertical\" style=\"border-color:var(--awb-color4);left:72px;top:57px;-webkit-transition-duration: 350ms;animation-duration: 350ms;\"><\/div><\/div><\/div><div style=\"--awb-backgroundcolor:#e3e4e5;--awb-iconcolor:var(--awb-color4);--awb-content-padding-left:64px;\" class=\"fusion-column content-box-column content-box-column content-box-column-2 col-lg-12 col-md-12 col-sm-12 fusion-content-box-hover content-box-column-last-in-row\"><div class=\"col content-box-wrapper content-wrapper-background link-area-link-icon link-type-button content-icon-wrapper-yes icon-hover-animation-fade fusion-animated\" data-animationType=\"fadeIn\" data-animationDuration=\"0.25\" data-animationOffset=\"top-into-view\"><div class=\"heading heading-with-icon icon-left\" style=\"margin-top:10px;\"><a class=\"heading-link\" href=\"https:\/\/alasiberia.com\/web\/pt-pt\/processos\/\" target=\"_self\"><div class=\"icon\" style=\"margin-top:-10px;margin-bottom:-10px;-webkit-animation-duration: 350ms;animation-duration: 350ms;\"><span style=\"height:42px;width:42px;line-height:22px;border-color:var(--awb-color4);border-width:1px;border-style:solid;background-color:var(--awb-color4);margin-right:20px;box-sizing:content-box;border-radius:50%;\"><i style=\"border-color:var(--awb-color4);border-width:1px;background-color:var(--awb-color3);box-sizing:content-box;height:40px;width:40px;line-height:40px;border-radius:50%;position:relative;top:auto;left:auto;margin:0;border-radius:50%;font-size:20px;\" aria-hidden=\"true\" class=\"fontawesome-icon fa-stroopwafel fas circle-yes\"><\/i><\/span><\/div><h2 class=\"content-box-heading\" style=\"--h2_typography-font-size:24px;line-height:29px;\">PROCESSOS<\/h2><\/a><\/div><div class=\"fusion-clearfix\"><\/div><div class=\"content-container\">\n<p>Transformamos as ideias dos nossos clientes em projetos espec\u00edficos. Trabalhamos com alum\u00ednio para cobrir as necessidades dos nossos clientes atrav\u00e9s de lacagem, extrus\u00e3o, anodiza\u00e7\u00e3o, maquina\u00e7\u00e3o,&#8230;<\/p>\n<\/div><div class=\"fusion-clearfix\"><\/div><a class=\"fusion-read-more-button fusion-content-box-button fusion-button button-default fusion-button-default-size button- button-flat\" style=\"margin-left:64px;\" href=\"https:\/\/alasiberia.com\/web\/pt-pt\/processos\/\" target=\"_self\"><span class=\"fusion-button-text\">DESCUBRA NOSSOS PROCESSOS<\/span><\/a><div class=\"fusion-clearfix\"><\/div><div class=\"content-box-shortcode-timeline-vertical\" style=\"border-color:var(--awb-color4);left:72px;top:57px;-webkit-transition-duration: 350ms;animation-duration: 350ms;\"><\/div><\/div><\/div><div style=\"--awb-backgroundcolor:#e3e4e5;--awb-iconcolor:var(--awb-color4);--awb-content-padding-left:64px;\" class=\"fusion-column content-box-column content-box-column content-box-column-3 col-lg-12 col-md-12 col-sm-12 fusion-content-box-hover content-box-column-last content-box-column-last-in-row\"><div class=\"col content-box-wrapper content-wrapper-background link-area-link-icon link-type-button content-icon-wrapper-yes icon-hover-animation-fade fusion-animated\" data-animationType=\"fadeIn\" data-animationDuration=\"0.25\" data-animationOffset=\"top-into-view\"><div class=\"heading heading-with-icon icon-left\" style=\"margin-top:10px;\"><a class=\"heading-link\" href=\"https:\/\/alasiberia.com\/web\/pt-pt\/industria\/produtos-e-servicos\/\" target=\"_self\"><div class=\"icon\" style=\"margin-top:-10px;margin-bottom:-10px;-webkit-animation-duration: 350ms;animation-duration: 350ms;\"><span style=\"height:42px;width:42px;line-height:22px;border-color:var(--awb-color4);border-width:1px;border-style:solid;background-color:var(--awb-color4);margin-right:20px;box-sizing:content-box;border-radius:50%;\"><i style=\"border-color:var(--awb-color4);border-width:1px;background-color:var(--awb-color3);box-sizing:content-box;height:40px;width:40px;line-height:40px;border-radius:50%;position:relative;top:auto;left:auto;margin:0;border-radius:50%;font-size:20px;\" aria-hidden=\"true\" class=\"fontawesome-icon fa-compact-disc fas circle-yes\"><\/i><\/span><\/div><h2 class=\"content-box-heading\" style=\"--h2_typography-font-size:24px;line-height:29px;\">PRODUTOS E SERVI\u00c7OS<\/h2><\/a><\/div><div class=\"fusion-clearfix\"><\/div><div class=\"content-container\">\n<p>O resultado \u00e9 um produto de primeira classe, sujeito a rigorosos controles de qualidade. Temos consci\u00eancia de que nossos clientes precisam de um parceiro de confian\u00e7a que os ajude a atingir seus objetivos com qualidade, rapidez e rentabilidade.<\/p>\n<\/div><div class=\"fusion-clearfix\"><\/div><a class=\"fusion-read-more-button fusion-content-box-button fusion-button button-default fusion-button-default-size button- button-flat\" style=\"margin-left:64px;\" href=\"https:\/\/alasiberia.com\/web\/pt-pt\/industria\/produtos-e-servicos\/\" target=\"_self\"><span class=\"fusion-button-text\">MAIS INFORMA\u00c7\u00c3O<\/span><\/a><div class=\"fusion-clearfix\"><\/div><div class=\"content-box-shortcode-timeline-vertical\" style=\"border-color:var(--awb-color4);left:72px;top:57px;-webkit-transition-duration: 350ms;animation-duration: 350ms;\"><\/div><\/div><\/div><div class=\"fusion-clearfix\"><\/div><\/div><\/div><\/div><\/div><\/div><div class=\"fusion-bg-parallax\" data-bg-align=\"center center\" data-direction=\"up\" data-mute=\"false\" data-opacity=\"100\" data-velocity=\"-0.5\" data-mobile-enabled=\"true\" data-break_parents=\"0\" data-bg-image=\"https:\/\/alasiberia.com\/web\/wp-content\/uploads\/2023\/06\/PERFILES-ALAS-IBERIA-1024x485.jpg\" data-bg-repeat=\"false\" data-bg-color=\"rgba(137,137,137,0.76)\" data-blend-mode=\"overlay\" ><\/div><div class=\"fusion-fullwidth fullwidth-box fusion-builder-row-2 fusion-flex-container has-pattern-background has-mask-background fusion-parallax-up nonhundred-percent-fullwidth non-hundred-percent-height-scrolling\" style=\"--awb-background-blend-mode:overlay;--awb-border-radius-top-left:0px;--awb-border-radius-top-right:0px;--awb-border-radius-bottom-right:0px;--awb-border-radius-bottom-left:0px;--awb-padding-top:150px;--awb-padding-bottom:200PX;--awb-background-color:rgba(137,137,137,0.76);--awb-background-image:url(&quot;https:\/\/alasiberia.com\/web\/wp-content\/uploads\/2023\/06\/PERFILES-ALAS-IBERIA-1024x485.jpg&quot;);--awb-background-size:cover;--awb-flex-wrap:wrap;\" ><div class=\"fusion-builder-row fusion-row fusion-flex-align-items-flex-start fusion-flex-content-wrap\" style=\"max-width:1248px;margin-left: calc(-4% \/ 2 );margin-right: calc(-4% \/ 2 );\"><div class=\"fusion-layout-column fusion_builder_column fusion-builder-column-4 fusion_builder_column_1_1 1_1 fusion-flex-column\" style=\"--awb-bg-size:cover;--awb-width-large:100%;--awb-margin-top-large:0px;--awb-spacing-right-large:1.92%;--awb-margin-bottom-large:20px;--awb-spacing-left-large:1.92%;--awb-width-medium:100%;--awb-order-medium:0;--awb-spacing-right-medium:1.92%;--awb-spacing-left-medium:1.92%;--awb-width-small:100%;--awb-order-small:0;--awb-spacing-right-small:1.92%;--awb-spacing-left-small:1.92%;\"><div class=\"fusion-column-wrapper fusion-column-has-shadow fusion-flex-justify-content-flex-start fusion-content-layout-column\"><div class=\"fusion-title title fusion-title-2 fusion-sep-none fusion-title-center fusion-title-text fusion-title-size-two\" style=\"--awb-text-color:var(--awb-color1);--awb-margin-top-small:10px;--awb-margin-right-small:0px;--awb-margin-bottom-small:10px;--awb-margin-left-small:0px;--awb-font-size:40PX;\"><h2 class=\"fusion-title-heading title-heading-center\" style=\"margin:0;font-size:1em;text-shadow:3PX 3PX 7px var(--awb-color8);\">PRINCIPAIS SETORES E MERCADOS DA ALAS IBERIA<\/h2><\/div><\/div><\/div><\/div><\/div><div class=\"fusion-fullwidth fullwidth-box fusion-builder-row-3 fusion-flex-container has-pattern-background has-mask-background hundred-percent-fullwidth non-hundred-percent-height-scrolling\" style=\"--awb-border-radius-top-left:0px;--awb-border-radius-top-right:0px;--awb-border-radius-bottom-right:0px;--awb-border-radius-bottom-left:0px;--awb-flex-wrap:wrap;\" ><div class=\"fusion-builder-row fusion-row fusion-flex-align-items-flex-start fusion-flex-justify-content-center fusion-flex-content-wrap\" style=\"width:104% !important;max-width:104% !important;margin-left: calc(-4% \/ 2 );margin-right: calc(-4% \/ 2 );\"><div class=\"fusion-layout-column fusion_builder_column fusion-builder-column-5 fusion_builder_column_3_4 3_4 fusion-flex-column\" style=\"--awb-padding-top:40px;--awb-padding-right:30px;--awb-padding-bottom:40px;--awb-padding-left:30px;--awb-overflow:hidden;--awb-bg-size:cover;--awb-border-color:var(--awb-color7);--awb-border-style:solid;--awb-border-radius:90px 0px 90px 0px;--awb-width-large:75%;--awb-margin-top-large:-150px;--awb-spacing-right-large:2.56%;--awb-margin-bottom-large:20px;--awb-spacing-left-large:2.56%;--awb-width-medium:75%;--awb-order-medium:0;--awb-spacing-right-medium:2.56%;--awb-spacing-left-medium:2.56%;--awb-width-small:100%;--awb-order-small:0;--awb-spacing-right-small:1.92%;--awb-spacing-left-small:1.92%;\" data-scroll-devices=\"small-visibility,medium-visibility,large-visibility\"><div class=\"fusion-column-wrapper fusion-column-has-shadow fusion-flex-justify-content-flex-start fusion-content-layout-column\"><div class=\"fusion-builder-row fusion-builder-row-inner fusion-row fusion-flex-align-items-flex-start fusion-flex-justify-content-center fusion-flex-content-wrap\" style=\"--awb-flex-grow:0;--awb-flex-grow-medium:0;--awb-flex-grow-small:0;--awb-flex-shrink:0;--awb-flex-shrink-medium:0;--awb-flex-shrink-small:0;width:104% !important;max-width:104% !important;margin-left: calc(-4% \/ 2 );margin-right: calc(-4% \/ 2 );\"><div class=\"fusion-layout-column fusion_builder_column_inner fusion-builder-nested-column-0 fusion_builder_column_inner_1_2 1_2 fusion-flex-column fusion-column-inner-bg-wrapper\" style=\"--awb-overflow:hidden;--awb-inner-bg-color:rgba(249,249,251,0.94);--awb-inner-bg-color-hover:rgba(249,249,251,0.94);--awb-inner-bg-size:cover;--awb-box-shadow:3px 3px 6px 0px var(--awb-color7);;--awb-border-color:var(--awb-color7);--awb-border-top:2PX;--awb-border-right:2PX;--awb-border-bottom:2PX;--awb-border-left:2PX;--awb-border-style:solid;--awb-border-radius:90PX 0PX 0PX 0PX;--awb-inner-bg-border-radius:90PX 0PX 0PX 0PX;--awb-inner-bg-overflow:hidden;--awb-width-large:50%;--awb-margin-top-large:0px;--awb-spacing-right-large:3.84%;--awb-margin-bottom-large:20px;--awb-spacing-left-large:3.84%;--awb-width-medium:50%;--awb-order-medium:0;--awb-spacing-right-medium:3.84%;--awb-spacing-left-medium:3.84%;--awb-width-small:100%;--awb-order-small:0;--awb-spacing-right-small:1.92%;--awb-spacing-left-small:1.92%;\" data-scroll-devices=\"small-visibility,medium-visibility,large-visibility\"><span class=\"fusion-column-inner-bg hover-type-none\"><a class=\"fusion-column-anchor\" href=\"https:\/\/alasiberia.com\/web\/pt-pt\/arquitectura\/\"><span class=\"fusion-column-inner-bg-image\"><\/span><\/a><\/span><div class=\"fusion-column-wrapper fusion-column-has-shadow fusion-flex-justify-content-flex-start fusion-content-layout-column\"><div class=\"fusion-title title fusion-title-3 fusion-sep-none fusion-title-center fusion-title-text fusion-title-size-two\" style=\"--awb-text-color:var(--awb-color7);--awb-margin-top:30PX;--awb-margin-top-small:10px;--awb-margin-right-small:0px;--awb-margin-bottom-small:10px;--awb-margin-left-small:0px;--awb-font-size:30PX;\"><h2 class=\"fusion-title-heading title-heading-center\" style=\"font-family:&quot;Barlow Condensed&quot;;font-style:normal;font-weight:700;margin:0;font-size:1em;\"><p style=\"text-align: center;\">ARQUITETURA<\/p><\/h2><\/div><div class=\"fusion-separator\" style=\"align-self: center;margin-left: auto;margin-right: auto;margin-top:10PX;margin-bottom:25PX;width:100%;max-width:40%;\"><div class=\"fusion-separator-border sep-single sep-solid\" style=\"--awb-height:20px;--awb-amount:20px;--awb-sep-color:var(--awb-color4);border-color:var(--awb-color4);border-top-width:3px;\"><\/div><\/div><div class=\"fusion-text fusion-text-2\"><p style=\"text-align: center;\">BALUSTRADAS<br \/>FACHADAS<br \/>PORTAS<br \/>JANELAS<br \/>ANTEPARO<br \/>PAREDES DE CORTINA<br \/>MOBILI\u00c1RIO URBANO<br \/><span style=\"color: #e5097f;\"><strong>LEIA +<\/strong><\/span><\/p>\n<\/div><\/div><\/div><div class=\"fusion-layout-column fusion_builder_column_inner fusion-builder-nested-column-1 fusion_builder_column_inner_1_2 1_2 fusion-flex-column fusion-column-inner-bg-wrapper\" style=\"--awb-overflow:hidden;--awb-inner-bg-color:rgba(249,249,251,0.94);--awb-inner-bg-color-hover:rgba(249,249,251,0.94);--awb-inner-bg-size:cover;--awb-box-shadow:3px 3px 6px 0px var(--awb-color7);;--awb-border-color:var(--awb-color7);--awb-border-top:2PX;--awb-border-right:2PX;--awb-border-bottom:2PX;--awb-border-left:2PX;--awb-border-style:solid;--awb-border-radius:0PX 0PX 90PX 0PX;--awb-inner-bg-border-radius:0PX 0PX 90PX 0PX;--awb-inner-bg-overflow:hidden;--awb-width-large:50%;--awb-margin-top-large:0px;--awb-spacing-right-large:3.84%;--awb-margin-bottom-large:20px;--awb-spacing-left-large:3.84%;--awb-width-medium:50%;--awb-order-medium:0;--awb-spacing-right-medium:3.84%;--awb-spacing-left-medium:3.84%;--awb-width-small:100%;--awb-order-small:0;--awb-spacing-right-small:1.92%;--awb-spacing-left-small:1.92%;\" data-scroll-devices=\"small-visibility,medium-visibility,large-visibility\"><span class=\"fusion-column-inner-bg hover-type-none\"><a class=\"fusion-column-anchor\" href=\"https:\/\/alasiberia.com\/web\/pt-pt\/industria\/\"><span class=\"fusion-column-inner-bg-image\"><\/span><\/a><\/span><div class=\"fusion-column-wrapper fusion-column-has-shadow fusion-flex-justify-content-flex-start fusion-content-layout-column\"><div class=\"fusion-title title fusion-title-4 fusion-sep-none fusion-title-center fusion-title-text fusion-title-size-two\" style=\"--awb-text-color:var(--awb-color7);--awb-margin-top:30PX;--awb-margin-top-small:10px;--awb-margin-right-small:0px;--awb-margin-bottom-small:10px;--awb-margin-left-small:0px;--awb-font-size:30PX;\"><h2 class=\"fusion-title-heading title-heading-center\" style=\"font-family:&quot;Barlow Condensed&quot;;font-style:normal;font-weight:700;margin:0;font-size:1em;\"><p style=\"text-align: center;\">IND\u00daSTRIA<\/p><\/h2><\/div><div class=\"fusion-separator\" style=\"align-self: center;margin-left: auto;margin-right: auto;margin-top:10PX;margin-bottom:25PX;width:100%;max-width:40%;\"><div class=\"fusion-separator-border sep-single sep-solid\" style=\"--awb-height:20px;--awb-amount:20px;--awb-sep-color:var(--awb-color4);border-color:var(--awb-color4);border-top-width:3px;\"><\/div><\/div><div class=\"fusion-text fusion-text-3\"><p style=\"text-align: center;\">SOLAR<br \/>TRANSPORTE<br \/>IND\u00daSTRIA NAVAL<br \/>ROB\u00d3TICA, ELEVADORES<br \/>AR-CONDICIONADO<br \/>ELETR\u00d4NICA E ILUMINA\u00c7\u00c3O<br \/>PERFIS ESTRUTURAIS<br \/><span style=\"color: #e5097f;\"><strong>LEIA +<\/strong><\/span><\/p>\n<\/div><\/div><\/div><\/div><\/div><\/div><\/div><\/div><\/p>\n","protected":false},"excerpt":{"rendered":"","protected":false},"author":1,"featured_media":0,"parent":0,"menu_order":0,"comment_status":"closed","ping_status":"closed","template":"100-width.php","meta":{"footnotes":""},"class_list":["post-1722","page","type-page","status-publish","hentry"],"_links":{"self":[{"href":"https:\/\/alasiberia.com\/web\/pt-pt\/wp-json\/wp\/v2\/pages\/1722","targetHints":{"allow":["GET"]}}],"collection":[{"href":"https:\/\/alasiberia.com\/web\/pt-pt\/wp-json\/wp\/v2\/pages"}],"about":[{"href":"https:\/\/alasiberia.com\/web\/pt-pt\/wp-json\/wp\/v2\/types\/page"}],"author":[{"embeddable":true,"href":"https:\/\/alasiberia.com\/web\/pt-pt\/wp-json\/wp\/v2\/users\/1"}],"replies":[{"embeddable":true,"href":"https:\/\/alasiberia.com\/web\/pt-pt\/wp-json\/wp\/v2\/comments?post=1722"}],"version-history":[{"count":3,"href":"https:\/\/alasiberia.com\/web\/pt-pt\/wp-json\/wp\/v2\/pages\/1722\/revisions"}],"predecessor-version":[{"id":2037,"href":"https:\/\/alasiberia.com\/web\/pt-pt\/wp-json\/wp\/v2\/pages\/1722\/revisions\/2037"}],"wp:attachment":[{"href":"https:\/\/alasiberia.com\/web\/pt-pt\/wp-json\/wp\/v2\/media?parent=1722"}],"curies":[{"name":"wp","href":"https:\/\/api.w.org\/{rel}","templated":true}]}}