{"id":1818,"date":"2023-06-26T12:00:41","date_gmt":"2023-06-26T10:00:41","guid":{"rendered":"https:\/\/alasiberia.com\/web\/aviso-legal\/"},"modified":"2023-09-19T17:33:43","modified_gmt":"2023-09-19T15:33:43","slug":"aviso-legal","status":"publish","type":"page","link":"https:\/\/alasiberia.com\/web\/pt-pt\/aviso-legal\/","title":{"rendered":"Aviso Legal"},"content":{"rendered":"<div class=\"fusion-fullwidth fullwidth-box fusion-builder-row-1 fusion-flex-container has-pattern-background has-mask-background nonhundred-percent-fullwidth non-hundred-percent-height-scrolling\" style=\"--awb-border-radius-top-left:0px;--awb-border-radius-top-right:0px;--awb-border-radius-bottom-right:0px;--awb-border-radius-bottom-left:0px;--awb-margin-top:130px;--awb-flex-wrap:wrap;\" ><div class=\"fusion-builder-row fusion-row fusion-flex-align-items-flex-start fusion-flex-content-wrap\" style=\"max-width:1248px;margin-left: calc(-4% \/ 2 );margin-right: calc(-4% \/ 2 );\"><div class=\"fusion-layout-column fusion_builder_column fusion-builder-column-0 fusion_builder_column_3_5 3_5 fusion-flex-column\" style=\"--awb-bg-size:cover;--awb-width-large:60%;--awb-margin-top-large:0px;--awb-spacing-right-large:3.2%;--awb-margin-bottom-large:20px;--awb-spacing-left-large:3.2%;--awb-width-medium:60%;--awb-order-medium:0;--awb-spacing-right-medium:3.2%;--awb-spacing-left-medium:3.2%;--awb-width-small:100%;--awb-order-small:0;--awb-spacing-right-small:1.92%;--awb-spacing-left-small:1.92%;\"><div class=\"fusion-column-wrapper fusion-column-has-shadow fusion-flex-justify-content-flex-start fusion-content-layout-column\"><div class=\"fusion-title title fusion-title-1 fusion-sep-none fusion-title-text fusion-title-size-one\" style=\"--awb-margin-top-small:10px;--awb-margin-right-small:0px;--awb-margin-bottom-small:10px;--awb-margin-left-small:0px;\"><h1 class=\"fusion-title-heading title-heading-left\" style=\"margin:0;\">AVISO LEGAL<\/h1><\/div><div class=\"fusion-separator\" style=\"align-self: flex-start;margin-right:auto;margin-top:30px;margin-bottom:30px;width:100%;max-width:20%;\"><div class=\"fusion-separator-border sep-single sep-solid\" style=\"--awb-height:20px;--awb-amount:20px;--awb-sep-color:var(--awb-color6);border-color:var(--awb-color6);border-top-width:3px;\"><\/div><\/div><div class=\"fusion-text fusion-text-1\" style=\"--awb-content-alignment:justify;\"><p><strong>Alas Iberia, S.L.U. (doravante Alas Iberia) com endere\u00e7o na Avenida de Laviana S\/N, 33900 Cia\u00f1o-Langreo, Ast\u00farias, Espanha com CIF B74357922, disponibiliza no seu site alasiberia.com\/web determinados conte\u00fados informativos sobre as suas atividades.<\/strong><\/p>\n<p>As presentes condi\u00e7\u00f5es gerais regem \u00fanica e exclusivamente a utiliza\u00e7\u00e3o do site da Alas Iberia pelos UTILIZADORES que o acedam. Estas condi\u00e7\u00f5es gerais s\u00e3o expostas ao USU\u00c1RIO no site alasiberia.com\/web em cada uma das p\u00e1ginas e cada vez que um USU\u00c1RIO insere seus dados nos formul\u00e1rios existentes, para que possa ler, imprimir, arquivar e aceitar atrav\u00e9s do internet, n\u00e3o podendo o USU\u00c1RIO efetivamente inserir seus dados sem que essa aceita\u00e7\u00e3o tenha ocorrido.<\/p>\n<\/div><div class=\"fusion-title title fusion-title-2 fusion-sep-none fusion-title-text fusion-title-size-two\" style=\"--awb-text-color:var(--awb-color7);--awb-margin-top:40px;--awb-margin-left:20px;--awb-margin-top-small:10px;--awb-margin-right-small:0px;--awb-margin-bottom-small:10px;--awb-margin-left-small:0px;--awb-font-size:22px;\"><h2 class=\"fusion-title-heading title-heading-left\" style=\"margin:0;font-size:1em;\">Alas Iberia, est\u00e1 inscrita no Registo Mercantil das Ast\u00farias<br \/>\nTomo 4059, Livro O, F\u00f3lio 198, Folha AS-46051, Inscri\u00e7\u00e3o 1.<\/h2><\/div><div class=\"fusion-separator\" style=\"align-self: flex-start;margin-right:auto;margin-top:30px;margin-bottom:30px;width:100%;max-width:20%;\"><div class=\"fusion-separator-border sep-single sep-solid\" style=\"--awb-height:20px;--awb-amount:20px;--awb-sep-color:var(--awb-color6);border-color:var(--awb-color6);border-top-width:3px;\"><\/div><\/div><div class=\"fusion-text fusion-text-2\" style=\"--awb-content-alignment:justify;\"><p>O acesso ao site da Alas Iberia implica a aceita\u00e7\u00e3o sem reservas das presentes condi\u00e7\u00f5es gerais de utiliza\u00e7\u00e3o, que o UTILIZADOR afirma compreender na sua totalidade. O USU\u00c1RIO compromete-se a n\u00e3o utilizar o site e os servi\u00e7os nele oferecidos para realizar atividades contr\u00e1rias \u00e0 lei e a respeitar sempre estas condi\u00e7\u00f5es gerais.<\/p>\n<h3>1\u00aa. Condi\u00e7\u00f5es de acesso e utiliza\u00e7\u00e3o<\/h3>\n<p>A utiliza\u00e7\u00e3o do site da Alas Iberia n\u00e3o implica registo obrigat\u00f3rio para o UTILIZADOR, a menos que este pretenda utilizar a base de dados de artigos existentes em alasiberia.com\/web onde ser\u00e1 necess\u00e1rio registar-se atrav\u00e9s do preenchimento de um formul\u00e1rio b\u00e1sico, esta subscri\u00e7\u00e3o ser\u00e1 ser\u00e1 regido pelas condi\u00e7\u00f5es gerais espec\u00edficas. As condi\u00e7\u00f5es de acesso e utiliza\u00e7\u00e3o deste site regem-se estritamente pela legisla\u00e7\u00e3o em vigor e pelo princ\u00edpio da boa-f\u00e9, comprometendo-se o UTILIZADOR a fazer um bom uso do site. S\u00e3o proibidos todos os atos que violem a lei, direitos ou interesses de terceiros: direito \u00e0 privacidade, prote\u00e7\u00e3o de dados, propriedade intelectual, etc. A Alas Iberia pro\u00edbe expressamente o seguinte:<\/p>\n<ul>\n<li>Realizar a\u00e7\u00f5es que possam causar qualquer tipo de dano aos sistemas da Alas Iberia ou a terceiros no site ou atrav\u00e9s dele por qualquer meio.<\/li>\n<li>Realizar sem a devida autoriza\u00e7\u00e3o qualquer tipo de publicidade ou informa\u00e7\u00e3o comercial, direta ou secretamente, enviando e-mails em massa (\u201cspaming\u201d) ou enviando mensagens de grande porte com o objetivo de bloquear servidores de rede (\u201cmail bombing\u201d).<\/li>\n<\/ul>\n<p>A Alas Iberia poder\u00e1 interromper o acesso ao seu site a qualquer momento se detectar uma utiliza\u00e7\u00e3o contr\u00e1ria \u00e0 legalidade, \u00e0 boa-f\u00e9 ou \u00e0s presentes condi\u00e7\u00f5es gerais &#8211; ver cl\u00e1usula quinta.<\/p>\n<h3>2\u00aa. Conte\u00fado<\/h3>\n<p>O conte\u00fado incorporado neste site foi preparado e inclu\u00eddo por:<\/p>\n<ul>\n<li>Alas Iberia utilizando fontes internas e externas de forma que a Alas Iberia seja apenas respons\u00e1vel pelo conte\u00fado elaborado internamente.<\/li>\n<li>A Alas Iberia reserva-se o direito de modificar o conte\u00fado existente no seu site a qualquer momento.<\/li>\n<\/ul>\n<h3>3\u00aa. Direitos autorais e marca registrada<\/h3>\n<p>Alas Iberia \u00e9 uma marca registada. \u00c9 proibida a utiliza\u00e7\u00e3o por terceiros da marca Alas Iberia, que inclui tanto o nome como o log\u00f3tipo, por qualquer meio, sem o consentimento expresso da Alas Iberia. Todos os direitos reservados. Al\u00e9m disso, o site da Alas Iberia &#8211; o seu pr\u00f3prio conte\u00fado, programa\u00e7\u00e3o e design do site &#8211; est\u00e1 totalmente protegido por direitos de autor, sendo expressamente proibida qualquer reprodu\u00e7\u00e3o, comunica\u00e7\u00e3o, distribui\u00e7\u00e3o e transforma\u00e7\u00e3o dos referidos elementos protegidos sem consentimento.<\/p>\n<h3>4\u00aa. Jurisdi\u00e7\u00e3o e lei aplic\u00e1vel<\/h3>\n<p>Estas condi\u00e7\u00f5es gerais s\u00e3o regidas pela legisla\u00e7\u00e3o espanhola. Os Tribunais de Oviedo s\u00e3o competentes para resolver qualquer controv\u00e9rsia ou conflito decorrente destas condi\u00e7\u00f5es gerais, renunciando expressamente o UTILIZADOR a qualquer outro foro que possa ser aplic\u00e1vel.<\/p>\n<h3>5\u00aa.<\/h3>\n<p>Caso alguma cl\u00e1usula deste documento seja declarada nula, as demais cl\u00e1usulas permanecer\u00e3o em vigor e ser\u00e3o interpretadas levando em considera\u00e7\u00e3o a vontade das partes e a pr\u00f3pria finalidade destas condi\u00e7\u00f5es. A Alas Iberia n\u00e3o poder\u00e1 exercer nenhum dos direitos e poderes conferidos neste documento, o que n\u00e3o implicar\u00e1 em nenhum caso a ren\u00fancia aos mesmos, salvo se expressamente reconhecido pela Alas Iberia.<\/p>\n<\/div><\/div><\/div><div class=\"fusion-layout-column fusion_builder_column fusion-builder-column-1 fusion_builder_column_2_5 2_5 fusion-flex-column fusion-flex-align-self-flex-end\" style=\"--awb-bg-size:cover;--awb-width-large:40%;--awb-margin-top-large:0px;--awb-spacing-right-large:4.8%;--awb-margin-bottom-large:20px;--awb-spacing-left-large:4.8%;--awb-width-medium:40%;--awb-order-medium:0;--awb-spacing-right-medium:4.8%;--awb-spacing-left-medium:4.8%;--awb-width-small:100%;--awb-order-small:0;--awb-spacing-right-small:1.92%;--awb-spacing-left-small:1.92%;\" data-scroll-devices=\"small-visibility,medium-visibility,large-visibility\"><div class=\"fusion-column-wrapper fusion-column-has-shadow fusion-flex-justify-content-center fusion-content-layout-column\"><\/div><\/div><\/div><\/div>\n","protected":false},"excerpt":{"rendered":"","protected":false},"author":1,"featured_media":0,"parent":0,"menu_order":0,"comment_status":"closed","ping_status":"closed","template":"100-width.php","meta":{"footnotes":""},"class_list":["post-1818","page","type-page","status-publish","hentry"],"_links":{"self":[{"href":"https:\/\/alasiberia.com\/web\/pt-pt\/wp-json\/wp\/v2\/pages\/1818","targetHints":{"allow":["GET"]}}],"collection":[{"href":"https:\/\/alasiberia.com\/web\/pt-pt\/wp-json\/wp\/v2\/pages"}],"about":[{"href":"https:\/\/alasiberia.com\/web\/pt-pt\/wp-json\/wp\/v2\/types\/page"}],"author":[{"embeddable":true,"href":"https:\/\/alasiberia.com\/web\/pt-pt\/wp-json\/wp\/v2\/users\/1"}],"replies":[{"embeddable":true,"href":"https:\/\/alasiberia.com\/web\/pt-pt\/wp-json\/wp\/v2\/comments?post=1818"}],"version-history":[{"count":2,"href":"https:\/\/alasiberia.com\/web\/pt-pt\/wp-json\/wp\/v2\/pages\/1818\/revisions"}],"predecessor-version":[{"id":1820,"href":"https:\/\/alasiberia.com\/web\/pt-pt\/wp-json\/wp\/v2\/pages\/1818\/revisions\/1820"}],"wp:attachment":[{"href":"https:\/\/alasiberia.com\/web\/pt-pt\/wp-json\/wp\/v2\/media?parent=1818"}],"curies":[{"name":"wp","href":"https:\/\/api.w.org\/{rel}","templated":true}]}}