{"id":1827,"date":"2023-06-26T18:52:14","date_gmt":"2023-06-26T16:52:14","guid":{"rendered":"https:\/\/alasiberia.com\/web\/industria\/aluminio-e-ligas\/"},"modified":"2023-09-19T17:55:45","modified_gmt":"2023-09-19T15:55:45","slug":"aluminio-e-ligas","status":"publish","type":"page","link":"https:\/\/alasiberia.com\/web\/pt-pt\/industria\/aluminio-e-ligas\/","title":{"rendered":"Alum\u00ednio e ligas"},"content":{"rendered":"<p><div class=\"fusion-fullwidth fullwidth-box fusion-builder-row-1 fusion-flex-container has-pattern-background has-mask-background nonhundred-percent-fullwidth non-hundred-percent-height-scrolling\" style=\"--awb-border-radius-top-left:0px;--awb-border-radius-top-right:0px;--awb-border-radius-bottom-right:0px;--awb-border-radius-bottom-left:0px;--awb-margin-top:130px;--awb-margin-bottom:40px;--awb-flex-wrap:wrap;\" ><div class=\"fusion-builder-row fusion-row fusion-flex-align-items-flex-end fusion-flex-content-wrap\" style=\"max-width:calc( 1200px + 90px );margin-left: calc(-90px \/ 2 );margin-right: calc(-90px \/ 2 );\"><div class=\"fusion-layout-column fusion_builder_column fusion-builder-column-0 fusion_builder_column_3_5 3_5 fusion-flex-column\" style=\"--awb-bg-size:cover;--awb-width-large:60%;--awb-margin-top-large:0px;--awb-spacing-right-large:45px;--awb-margin-bottom-large:20px;--awb-spacing-left-large:45px;--awb-width-medium:60%;--awb-order-medium:0;--awb-spacing-right-medium:45px;--awb-spacing-left-medium:45px;--awb-width-small:100%;--awb-order-small:0;--awb-spacing-right-small:45px;--awb-spacing-left-small:45px;\"><div class=\"fusion-column-wrapper fusion-column-has-shadow fusion-flex-justify-content-flex-start fusion-content-layout-column\"><div class=\"fusion-title title fusion-title-1 fusion-sep-none fusion-title-text fusion-title-size-one\" style=\"--awb-margin-top-small:10px;--awb-margin-right-small:0px;--awb-margin-bottom-small:10px;--awb-margin-left-small:0px;\"><h1 class=\"fusion-title-heading title-heading-left\" style=\"margin:0;\">ALUM\u00cdNIO<\/h1><\/div><div class=\"fusion-separator\" style=\"align-self: flex-start;margin-right:auto;margin-top:30px;margin-bottom:30px;width:100%;max-width:20%;\"><div class=\"fusion-separator-border sep-single sep-solid\" style=\"--awb-height:20px;--awb-amount:20px;--awb-sep-color:var(--awb-color6);border-color:var(--awb-color6);border-top-width:3px;\"><\/div><\/div><div class=\"fusion-text fusion-text-1\" style=\"--awb-content-alignment:justify;\"><p>O <strong>alum\u00ednio<\/strong> \u00e9 um metal n\u00e3o ferromagn\u00e9tico com s\u00edmbolo \u201cAl\u201d e n\u00famero at\u00f4mico 13. Os compostos de alum\u00ednio constituem 8% dos que constituem a crosta terrestre, sendo o terceiro elemento mais comum encontrado nesta crosta e est\u00e1 presente na maioria das rochas, vegeta\u00e7\u00e3o e animais.<\/p>\n<p>O <strong>alum\u00ednio<\/strong> \u00e9 extra\u00eddo apenas do mineral conhecido como bauxita por transforma\u00e7\u00e3o em alumina, atrav\u00e9s do processo Bayer, num primeiro processo e depois em alum\u00ednio met\u00e1lico atrav\u00e9s do processo de eletr\u00f3lise. A sua baixa densidade, 2.698,4 hg\/m<sup>3<\/sup>, e a sua elevada resist\u00eancia \u00e0 corros\u00e3o conferem-lhe propriedades que o tornam muito \u00fatil para diversos setores e para finalidades muito variadas.<\/p>\n<\/div><div class=\"fusion-image-element \" style=\"--awb-max-width:;--awb-caption-title-font-family:var(--h2_typography-font-family);--awb-caption-title-font-weight:var(--h2_typography-font-weight);--awb-caption-title-font-style:var(--h2_typography-font-style);--awb-caption-title-size:var(--h2_typography-font-size);--awb-caption-title-transform:var(--h2_typography-text-transform);--awb-caption-title-line-height:var(--h2_typography-line-height);--awb-caption-title-letter-spacing:var(--h2_typography-letter-spacing);\"><span class=\" fusion-imageframe imageframe-none imageframe-1 hover-type-none\"><img decoding=\"async\" width=\"1024\" height=\"412\" title=\"ALLUMINIO-ALAS-IBERIA-LANGREO ASTURIAS\" src=\"https:\/\/alasiberia.com\/web\/wp-content\/uploads\/2023\/06\/ALLUMINIO-ALAS-IBERIA-LANGREO-ASTURIAS-e1687805093820-1024x412.jpg\" alt class=\"img-responsive wp-image-1448\" srcset=\"https:\/\/alasiberia.com\/web\/wp-content\/uploads\/2023\/06\/ALLUMINIO-ALAS-IBERIA-LANGREO-ASTURIAS-e1687805093820-200x80.jpg 200w, https:\/\/alasiberia.com\/web\/wp-content\/uploads\/2023\/06\/ALLUMINIO-ALAS-IBERIA-LANGREO-ASTURIAS-e1687805093820-400x161.jpg 400w, https:\/\/alasiberia.com\/web\/wp-content\/uploads\/2023\/06\/ALLUMINIO-ALAS-IBERIA-LANGREO-ASTURIAS-e1687805093820-600x241.jpg 600w, https:\/\/alasiberia.com\/web\/wp-content\/uploads\/2023\/06\/ALLUMINIO-ALAS-IBERIA-LANGREO-ASTURIAS-e1687805093820-800x322.jpg 800w, https:\/\/alasiberia.com\/web\/wp-content\/uploads\/2023\/06\/ALLUMINIO-ALAS-IBERIA-LANGREO-ASTURIAS-e1687805093820-1200x482.jpg 1200w, https:\/\/alasiberia.com\/web\/wp-content\/uploads\/2023\/06\/ALLUMINIO-ALAS-IBERIA-LANGREO-ASTURIAS-e1687805093820.jpg 1500w\" sizes=\"(max-width: 640px) 100vw, 800px\" \/><\/span><\/div><div class=\"fusion-text fusion-text-2\" style=\"--awb-content-alignment:justify;--awb-margin-top:15PX;\"><p>Apesar de necessitar de uma quantidade muito elevada de energia el\u00e9trica para sua obten\u00e7\u00e3o, \u00e9 um material male\u00e1vel, \u00e0 prova de fogo, bom condutor, f\u00e1cil de mecanizar, barato e 100% recicl\u00e1vel sem perda de qualidade, por isso apresenta resultados excepcionais em suas infinitas vidas. Foi isolado pela primeira vez em 1825 pelo f\u00edsico dinamarqu\u00eas H. C. \u00d8rsted.<\/p>\n<\/div><div class=\"fusion-title title fusion-title-2 fusion-no-small-visibility fusion-sep-none fusion-title-text fusion-title-size-two\" style=\"--awb-text-color:var(--awb-color7);--awb-margin-top:40px;--awb-margin-left:20px;--awb-margin-top-small:10px;--awb-margin-right-small:0px;--awb-margin-bottom-small:10px;--awb-margin-left-small:0px;\"><h2 class=\"fusion-title-heading title-heading-left\" style=\"margin:0;\"><p>Material multiuso, de grande utiliza\u00e7\u00e3o industrial<br \/>\ne in\u00fameras aplica\u00e7\u00f5es em diferentes setores.<\/p><\/h2><\/div><div class=\"fusion-title title fusion-title-3 fusion-no-medium-visibility fusion-no-large-visibility fusion-sep-none fusion-title-text fusion-title-size-two\" style=\"--awb-text-color:var(--awb-color7);--awb-margin-top:40px;--awb-margin-left:20px;--awb-margin-top-small:10px;--awb-margin-right-small:0px;--awb-margin-bottom-small:10px;--awb-margin-left-small:0px;\"><h2 class=\"fusion-title-heading title-heading-left\" style=\"margin:0;\">Material multiuso,<br \/>\nde grande uso industrial<br \/>\ne in\u00fameras aplica\u00e7\u00f5es<br \/>\nem diferentes setores.<\/h2><\/div><div class=\"fusion-separator\" style=\"align-self: flex-start;margin-right:auto;margin-top:30px;margin-bottom:30px;width:100%;max-width:20%;\"><div class=\"fusion-separator-border sep-single sep-solid\" style=\"--awb-height:20px;--awb-amount:20px;--awb-sep-color:var(--awb-color6);border-color:var(--awb-color6);border-top-width:3px;\"><\/div><\/div><div class=\"fusion-text fusion-text-3\" style=\"--awb-content-alignment:justify;--awb-margin-top:15px;\"><p>A utiliza\u00e7\u00e3o industrial deste metal tornou-o num dos mais importantes nos mais diversos dom\u00ednios econ\u00f3micos, apenas superado hoje pelo ferro\/a\u00e7o. O alum\u00ednio \u00e9 utilizado na forma pura, ligado a outros metais ou em compostos n\u00e3o met\u00e1licos.<\/p>\n<p>Suas <strong>propriedades \u00f3pticas<\/strong> podem ser usadas para fazer espelhos refletores ou telesc\u00f3pios; Gra\u00e7as \u00e0 sua <strong>maleabilidade<\/strong>, \u00e9 utilizado na fabrica\u00e7\u00e3o de latas, tetrabricks ou folhas de alum\u00ednio como embalagens de alimentos. Pelas suas <strong>propriedades el\u00e9tricas<\/strong>, \u00e9 capaz de competir em custo e desempenho com o cobre tradicional e, em <strong>liga com outros metais,<\/strong> \u00e9 utilizado na cria\u00e7\u00e3o de estruturas para arquitetura, ind\u00fastria, automotiva e caldeiraria, entre outras.<\/p>\n<\/div><\/div><\/div><div class=\"fusion-layout-column fusion_builder_column fusion-builder-column-1 fusion_builder_column_1_3 1_3 fusion-flex-column\" style=\"--awb-bg-size:cover;--awb-width-large:33.333333333333%;--awb-margin-top-large:0px;--awb-spacing-right-large:45px;--awb-margin-bottom-large:20px;--awb-spacing-left-large:45px;--awb-width-medium:33.333333333333%;--awb-order-medium:0;--awb-spacing-right-medium:45px;--awb-spacing-left-medium:45px;--awb-width-small:100%;--awb-order-small:0;--awb-spacing-right-small:45px;--awb-spacing-left-small:45px;\" data-scroll-devices=\"small-visibility,medium-visibility,large-visibility\"><div class=\"fusion-column-wrapper fusion-column-has-shadow fusion-flex-justify-content-flex-end fusion-content-layout-column\"><div class=\"fusion-builder-row fusion-builder-row-inner fusion-row fusion-flex-align-items-flex-end fusion-flex-content-wrap\" style=\"--awb-flex-grow:0;--awb-flex-grow-medium:0;--awb-flex-grow-small:0;--awb-flex-shrink:0;--awb-flex-shrink-medium:0;--awb-flex-shrink-small:0;width:calc( 100% + 90px ) !important;max-width:calc( 100% + 90px ) !important;margin-left: calc(-90px \/ 2 );margin-right: calc(-90px \/ 2 );\"><div class=\"fusion-layout-column fusion_builder_column_inner fusion-builder-nested-column-0 fusion_builder_column_inner_1_1 1_1 fusion-flex-column\" style=\"--awb-padding-top:30px;--awb-padding-right:10px;--awb-padding-left:10px;--awb-overflow:hidden;--awb-bg-size:cover;--awb-border-color:var(--awb-color7);--awb-border-top:2px;--awb-border-right:2px;--awb-border-bottom:2px;--awb-border-left:2px;--awb-border-style:solid;--awb-border-radius:90px 0px 0px 0px;--awb-width-large:100%;--awb-margin-top-large:0px;--awb-spacing-right-large:45px;--awb-margin-bottom-large:6px;--awb-spacing-left-large:45px;--awb-width-medium:100%;--awb-order-medium:0;--awb-spacing-right-medium:45px;--awb-spacing-left-medium:45px;--awb-width-small:100%;--awb-order-small:0;--awb-spacing-right-small:45px;--awb-spacing-left-small:45px;\" data-scroll-devices=\"small-visibility,medium-visibility,large-visibility\"><div class=\"fusion-column-wrapper fusion-column-has-shadow fusion-flex-justify-content-flex-start fusion-content-layout-column\"><div class=\"fusion-title title fusion-title-4 fusion-sep-none fusion-title-center fusion-title-text fusion-title-size-three\" style=\"--awb-text-color:var(--awb-color7);--awb-margin-top:5PX;--awb-margin-top-small:10px;--awb-margin-right-small:0px;--awb-margin-bottom-small:10px;--awb-margin-left-small:0px;--awb-font-size:25PX;\"><h3 class=\"fusion-title-heading title-heading-center\" style=\"font-family:&quot;Barlow Condensed&quot;;font-style:normal;font-weight:600;margin:0;font-size:1em;\"><p style=\"text-align: center;\">PROPRIEDADES F\u00cdSICAS<\/p><\/h3><\/div><div class=\"fusion-separator\" style=\"align-self: center;margin-left: auto;margin-right: auto;margin-top:5PX;margin-bottom:10PX;width:100%;max-width:40%;\"><div class=\"fusion-separator-border sep-single sep-solid\" style=\"--awb-height:20px;--awb-amount:20px;--awb-sep-color:var(--awb-color6);border-color:var(--awb-color6);border-top-width:1px;\"><\/div><\/div><div class=\"fusion-text fusion-text-4\"><p style=\"text-align: center;\">Elemento muito abundante na natureza, leve, com densidade de 2700 kg\/m<sup>3<\/sup> e baixo ponto de fus\u00e3o. Reflete a radia\u00e7\u00e3o eletromagn\u00e9tica do espectro vis\u00edvel e \u00e9 um bom condutor el\u00e9trico e t\u00e9rmico.<\/p>\n<\/div><\/div><\/div><div class=\"fusion-layout-column fusion_builder_column_inner fusion-builder-nested-column-1 fusion_builder_column_inner_1_1 1_1 fusion-flex-column\" style=\"--awb-padding-top:30px;--awb-padding-right:10px;--awb-padding-left:10px;--awb-bg-size:cover;--awb-border-color:var(--awb-color7);--awb-border-top:2px;--awb-border-right:2px;--awb-border-bottom:2px;--awb-border-left:2px;--awb-border-style:solid;--awb-width-large:100%;--awb-margin-top-large:0px;--awb-spacing-right-large:45px;--awb-margin-bottom-large:6px;--awb-spacing-left-large:45px;--awb-width-medium:100%;--awb-order-medium:0;--awb-spacing-right-medium:45px;--awb-spacing-left-medium:45px;--awb-width-small:100%;--awb-order-small:0;--awb-spacing-right-small:45px;--awb-spacing-left-small:45px;\" data-scroll-devices=\"small-visibility,medium-visibility,large-visibility\"><div class=\"fusion-column-wrapper fusion-column-has-shadow fusion-flex-justify-content-flex-start fusion-content-layout-column\"><div class=\"fusion-title title fusion-title-5 fusion-sep-none fusion-title-center fusion-title-text fusion-title-size-three\" style=\"--awb-text-color:var(--awb-color7);--awb-margin-top:5PX;--awb-margin-top-small:10px;--awb-margin-right-small:0px;--awb-margin-bottom-small:10px;--awb-margin-left-small:0px;--awb-font-size:25PX;\"><h3 class=\"fusion-title-heading title-heading-center\" style=\"font-family:&quot;Barlow Condensed&quot;;font-style:normal;font-weight:600;margin:0;font-size:1em;\"><p style=\"text-align: center;\">PROPRIEDADES MEC\u00c2NICAS<\/p><\/h3><\/div><div class=\"fusion-separator\" style=\"align-self: center;margin-left: auto;margin-right: auto;margin-top:5PX;margin-bottom:10PX;width:100%;max-width:40%;\"><div class=\"fusion-separator-border sep-single sep-solid\" style=\"--awb-height:20px;--awb-amount:20px;--awb-sep-color:var(--awb-color6);border-color:var(--awb-color6);border-top-width:1px;\"><\/div><\/div><div class=\"fusion-text fusion-text-5\"><p style=\"text-align: center;\">Material macio e male\u00e1vel que tem a capacidade de servir como isolante contra o processo de oxida\u00e7\u00e3o, o que o torna ideal para fabrica\u00e7\u00e3o de cabos el\u00e9tricos e chapas finas. \u00c9 ligado a outros metais, o que permite a realiza\u00e7\u00e3o de opera\u00e7\u00f5es de fundi\u00e7\u00e3o, forjamento e extrus\u00e3o.<\/p>\n<\/div><\/div><\/div><div class=\"fusion-layout-column fusion_builder_column_inner fusion-builder-nested-column-2 fusion_builder_column_inner_1_1 1_1 fusion-flex-column\" style=\"--awb-padding-top:30px;--awb-padding-right:10px;--awb-padding-left:10px;--awb-overflow:hidden;--awb-bg-size:cover;--awb-border-color:var(--awb-color7);--awb-border-top:2px;--awb-border-right:2px;--awb-border-bottom:2px;--awb-border-left:2px;--awb-border-style:solid;--awb-border-radius:0px 0px 90px 0px;--awb-width-large:100%;--awb-margin-top-large:0px;--awb-spacing-right-large:45px;--awb-margin-bottom-large:6px;--awb-spacing-left-large:45px;--awb-width-medium:100%;--awb-order-medium:0;--awb-spacing-right-medium:45px;--awb-spacing-left-medium:45px;--awb-width-small:100%;--awb-order-small:0;--awb-spacing-right-small:45px;--awb-spacing-left-small:45px;\" data-scroll-devices=\"small-visibility,medium-visibility,large-visibility\"><div class=\"fusion-column-wrapper fusion-column-has-shadow fusion-flex-justify-content-flex-start fusion-content-layout-column\"><div class=\"fusion-title title fusion-title-6 fusion-sep-none fusion-title-center fusion-title-text fusion-title-size-three\" style=\"--awb-text-color:var(--awb-color7);--awb-margin-top:5PX;--awb-margin-top-small:10px;--awb-margin-right-small:0px;--awb-margin-bottom-small:10px;--awb-margin-left-small:0px;--awb-font-size:25PX;\"><h3 class=\"fusion-title-heading title-heading-center\" style=\"font-family:&quot;Barlow Condensed&quot;;font-style:normal;font-weight:600;margin:0;font-size:1em;\"><p style=\"text-align: center;\">PROPRIEDADES QUIMICAS<\/p><\/h3><\/div><div class=\"fusion-separator\" style=\"align-self: center;margin-left: auto;margin-right: auto;margin-top:5PX;margin-bottom:10PX;width:100%;max-width:40%;\"><div class=\"fusion-separator-border sep-single sep-solid\" style=\"--awb-height:20px;--awb-amount:20px;--awb-sep-color:var(--awb-color6);border-color:var(--awb-color6);border-top-width:1px;\"><\/div><\/div><div class=\"fusion-text fusion-text-6\"><p style=\"text-align: center;\">Reage com o oxig\u00eanio da atmosfera, formando rapidamente uma fina camada de alumina, que cobre o material, isolando-o da corros\u00e3o posterior. Esta \u00e9 uma caracter\u00edstica \u00fanica do alum\u00ednio em compara\u00e7\u00e3o com outros materiais.<\/p>\n<\/div><\/div><\/div><\/div><\/div><\/div><\/div><\/div><div class=\"fusion-bg-parallax\" data-bg-align=\"center center\" data-direction=\"up\" data-mute=\"false\" data-opacity=\"100\" data-velocity=\"-0.5\" data-mobile-enabled=\"true\" data-break_parents=\"0\" data-bg-image=\"https:\/\/alasiberia.com\/web\/wp-content\/uploads\/2023\/06\/aleaciones-del-aluminio-1024x683.jpg\" data-bg-repeat=\"false\" data-bg-color=\"rgba(137,137,137,0.76)\" data-blend-mode=\"overlay\" ><\/div><div class=\"fusion-fullwidth fullwidth-box fusion-builder-row-2 fusion-flex-container has-pattern-background has-mask-background fusion-parallax-up nonhundred-percent-fullwidth non-hundred-percent-height-scrolling\" style=\"--awb-background-blend-mode:overlay;--awb-border-radius-top-left:0px;--awb-border-radius-top-right:0px;--awb-border-radius-bottom-right:0px;--awb-border-radius-bottom-left:0px;--awb-padding-top:150px;--awb-padding-bottom:200PX;--awb-background-color:rgba(137,137,137,0.76);--awb-background-image:url(&quot;https:\/\/alasiberia.com\/web\/wp-content\/uploads\/2023\/06\/aleaciones-del-aluminio-1024x683.jpg&quot;);--awb-background-size:cover;--awb-flex-wrap:wrap;\" ><div class=\"fusion-builder-row fusion-row fusion-flex-align-items-flex-start fusion-flex-content-wrap\" style=\"max-width:1248px;margin-left: calc(-4% \/ 2 );margin-right: calc(-4% \/ 2 );\"><div class=\"fusion-layout-column fusion_builder_column fusion-builder-column-2 fusion_builder_column_1_1 1_1 fusion-flex-column\" style=\"--awb-bg-size:cover;--awb-width-large:100%;--awb-margin-top-large:0px;--awb-spacing-right-large:1.92%;--awb-margin-bottom-large:20px;--awb-spacing-left-large:1.92%;--awb-width-medium:100%;--awb-order-medium:0;--awb-spacing-right-medium:1.92%;--awb-spacing-left-medium:1.92%;--awb-width-small:100%;--awb-order-small:0;--awb-spacing-right-small:1.92%;--awb-spacing-left-small:1.92%;\"><div class=\"fusion-column-wrapper fusion-column-has-shadow fusion-flex-justify-content-flex-start fusion-content-layout-column\"><div class=\"fusion-title title fusion-title-7 fusion-sep-none fusion-title-center fusion-title-text fusion-title-size-two\" style=\"--awb-text-color:var(--awb-color1);--awb-margin-top-small:10px;--awb-margin-right-small:0px;--awb-margin-bottom-small:10px;--awb-margin-left-small:0px;--awb-font-size:40PX;\"><h2 class=\"fusion-title-heading title-heading-center\" style=\"margin:0;font-size:1em;text-shadow:3PX 3PX 7px var(--awb-color8);\">LIGAS DE ALUM\u00cdNIO<\/h2><\/div><\/div><\/div><\/div><\/div><div class=\"fusion-fullwidth fullwidth-box fusion-builder-row-3 fusion-flex-container has-pattern-background has-mask-background hundred-percent-fullwidth non-hundred-percent-height-scrolling\" style=\"--awb-border-radius-top-left:0px;--awb-border-radius-top-right:0px;--awb-border-radius-bottom-right:0px;--awb-border-radius-bottom-left:0px;--awb-flex-wrap:wrap;\" ><div class=\"fusion-builder-row fusion-row fusion-flex-align-items-flex-start fusion-flex-justify-content-center fusion-flex-content-wrap\" style=\"width:104% !important;max-width:104% !important;margin-left: calc(-4% \/ 2 );margin-right: calc(-4% \/ 2 );\"><div class=\"fusion-layout-column fusion_builder_column fusion-builder-column-3 fusion_builder_column_3_4 3_4 fusion-flex-column\" style=\"--awb-padding-top:40px;--awb-padding-right:30px;--awb-padding-bottom:40px;--awb-padding-left:30px;--awb-overflow:hidden;--awb-bg-color:rgba(249,249,251,0.94);--awb-bg-color-hover:rgba(249,249,251,0.94);--awb-bg-size:cover;--awb-box-shadow:3px 3px 6px 0px var(--awb-color7);;--awb-border-color:var(--awb-color7);--awb-border-top:2px;--awb-border-right:2px;--awb-border-bottom:2px;--awb-border-left:2px;--awb-border-style:solid;--awb-border-radius:90px 0px 90px 0px;--awb-width-large:75%;--awb-margin-top-large:-150px;--awb-spacing-right-large:2.56%;--awb-margin-bottom-large:20px;--awb-spacing-left-large:2.56%;--awb-width-medium:75%;--awb-order-medium:0;--awb-spacing-right-medium:2.56%;--awb-spacing-left-medium:2.56%;--awb-width-small:100%;--awb-order-small:0;--awb-spacing-right-small:1.92%;--awb-spacing-left-small:1.92%;\" data-scroll-devices=\"small-visibility,medium-visibility,large-visibility\"><div class=\"fusion-column-wrapper fusion-column-has-shadow fusion-flex-justify-content-flex-start fusion-content-layout-column\"><div class=\"fusion-text fusion-text-7 fusion-no-small-visibility\" style=\"--awb-font-size:20px;--awb-text-color:var(--awb-color7);\"><p style=\"text-align: center;\">A resist\u00eancia e a leveza do alum\u00ednio fazem dele um metal cada vez mais essencial para uma infinidade de ind\u00fastrias,<br \/>\nmas n\u00e3o \u00e9 utilizado em seu estado puro, portanto ap\u00f3s seu processo de extra\u00e7\u00e3o torna-se necess\u00e1rio<br \/>\num posterior processo de liga com outros metais para poder utiliz\u00e1-lo em diferentes usos industriais.<\/p>\n<p style=\"text-align: center;\">As ligas comumente utilizadas na extrus\u00e3o de perfis pertencem \u00e0 s\u00e9rie 6000,<br \/>\nque utiliza Sil\u00edcio e Magn\u00e9sio como elementos de liga.que utiliza Sil\u00edcio e Magn\u00e9sio como elementos de liga. S\u00e3o ligas que podem ser endurecidas por meio de diversos tratamentos.<br \/>\npar\u00e2metros t\u00e9rmicos espec\u00edficos, para atingir as propriedades exigidas em cada aplica\u00e7\u00e3o.<\/p>\n<\/div><div class=\"fusion-text fusion-text-8 fusion-no-medium-visibility fusion-no-large-visibility\" style=\"--awb-font-size:18px;--awb-text-color:var(--awb-color7);\"><p style=\"text-align: center;\">A resist\u00eancia e a leveza do alum\u00ednio fazem dele um metal cada vez mais essencial para uma infinidade de ind\u00fastrias, mas n\u00e3o \u00e9 utilizado em seu estado puro, portanto, ap\u00f3s seu processo de extra\u00e7\u00e3o, \u00e9 necess\u00e1rio um posterior processo de liga com outros metais para poder utiliz\u00e1-lo em diferentes usos industriais.<\/p>\n<p style=\"text-align: center;\">As ligas comumente utilizadas na extrus\u00e3o de perfis pertencem \u00e0 s\u00e9rie 6000, que utiliza Sil\u00edcio e Magn\u00e9sio como elementos de liga. S\u00e3o ligas que podem ser endurecidas atrav\u00e9s de diversos tratamentos t\u00e9rmicos espec\u00edficos, de forma a atingir as propriedades exigidas em cada aplica\u00e7\u00e3o.<\/p>\n<p style=\"text-align: center;\"><strong><em>Role para a esquerda e para a direita na tabela a seguir<br \/>\n<\/em><\/strong><\/p>\n<\/div>\n<div class=\"table-1\">\n<table width=\"100%\">\n<thead>\n<tr>\n<th align=\"left\"><strong>SERIES<\/strong><\/th>\n<th align=\"left\"><strong>ALEANTE<\/strong><\/th>\n<th align=\"left\"><strong>FORMUL\u00c1RIOS<\/strong><\/th>\n<\/tr>\n<\/thead>\n<tbody>\n<tr>\n<td align=\"left\">1000<\/td>\n<td align=\"left\">Alum\u00ednio com impurezas<\/td>\n<td align=\"left\">lamina\u00e7\u00e3o a frio<\/td>\n<\/tr>\n<tr>\n<td align=\"left\">2000<\/td>\n<td align=\"left\">Cobre<\/td>\n<td align=\"left\">Automotivo, Eletrodom\u00e9sticos, Engenharia Aeroespacial e Artilharia.<\/td>\n<\/tr>\n<tr>\n<td align=\"left\">3000<\/td>\n<td align=\"left\">Mangan\u00eas<\/td>\n<td align=\"left\">Embalagens, Len\u00e7\u00f3is, Decora\u00e7\u00e3o em geral<\/td>\n<\/tr>\n<tr>\n<td align=\"left\">4000<\/td>\n<td align=\"left\">Sil\u00edcio<\/td>\n<td align=\"left\">Soldagem<\/td>\n<\/tr>\n<tr>\n<td align=\"left\">5000<\/td>\n<td align=\"left\">Magn\u00e9sio<\/td>\n<td align=\"left\">Infraestrutura Marinha, Aeroespacial e Arquitetura<\/td>\n<\/tr>\n<tr>\n<td align=\"left\">6000<\/td>\n<td align=\"left\">Magn\u00e9sio + Sil\u00edcio<\/td>\n<td align=\"left\">Engenharia Aeroespacial e Naval, Automotiva, Ind\u00fastria Alimentar e Arquitetura<\/td>\n<\/tr>\n<tr>\n<td align=\"left\">7000<\/td>\n<td align=\"left\">Zinco<\/td>\n<td align=\"left\">Engenharia aeroespacial<\/td>\n<\/tr>\n<\/tbody>\n<\/table>\n<\/div>\n<\/div><\/div><\/div><\/div><\/p>\n","protected":false},"excerpt":{"rendered":"","protected":false},"author":1,"featured_media":0,"parent":1722,"menu_order":0,"comment_status":"closed","ping_status":"closed","template":"100-width.php","meta":{"footnotes":""},"class_list":["post-1827","page","type-page","status-publish","hentry"],"_links":{"self":[{"href":"https:\/\/alasiberia.com\/web\/pt-pt\/wp-json\/wp\/v2\/pages\/1827","targetHints":{"allow":["GET"]}}],"collection":[{"href":"https:\/\/alasiberia.com\/web\/pt-pt\/wp-json\/wp\/v2\/pages"}],"about":[{"href":"https:\/\/alasiberia.com\/web\/pt-pt\/wp-json\/wp\/v2\/types\/page"}],"author":[{"embeddable":true,"href":"https:\/\/alasiberia.com\/web\/pt-pt\/wp-json\/wp\/v2\/users\/1"}],"replies":[{"embeddable":true,"href":"https:\/\/alasiberia.com\/web\/pt-pt\/wp-json\/wp\/v2\/comments?post=1827"}],"version-history":[{"count":2,"href":"https:\/\/alasiberia.com\/web\/pt-pt\/wp-json\/wp\/v2\/pages\/1827\/revisions"}],"predecessor-version":[{"id":1829,"href":"https:\/\/alasiberia.com\/web\/pt-pt\/wp-json\/wp\/v2\/pages\/1827\/revisions\/1829"}],"up":[{"embeddable":true,"href":"https:\/\/alasiberia.com\/web\/pt-pt\/wp-json\/wp\/v2\/pages\/1722"}],"wp:attachment":[{"href":"https:\/\/alasiberia.com\/web\/pt-pt\/wp-json\/wp\/v2\/media?parent=1827"}],"curies":[{"name":"wp","href":"https:\/\/api.w.org\/{rel}","templated":true}]}}