{"id":1839,"date":"2023-06-26T12:29:40","date_gmt":"2023-06-26T10:29:40","guid":{"rendered":"https:\/\/alasiberia.com\/web\/politica-de-cookies\/"},"modified":"2023-09-19T19:05:15","modified_gmt":"2023-09-19T17:05:15","slug":"politica-de-cookies","status":"publish","type":"page","link":"https:\/\/alasiberia.com\/web\/pt-pt\/politica-de-cookies\/","title":{"rendered":"Pol\u00edtica de cookies"},"content":{"rendered":"<div class=\"fusion-fullwidth fullwidth-box fusion-builder-row-1 fusion-flex-container has-pattern-background has-mask-background nonhundred-percent-fullwidth non-hundred-percent-height-scrolling\" style=\"--awb-border-radius-top-left:0px;--awb-border-radius-top-right:0px;--awb-border-radius-bottom-right:0px;--awb-border-radius-bottom-left:0px;--awb-margin-top:130px;--awb-flex-wrap:wrap;\" ><div class=\"fusion-builder-row fusion-row fusion-flex-align-items-flex-start fusion-flex-content-wrap\" style=\"max-width:1248px;margin-left: calc(-4% \/ 2 );margin-right: calc(-4% \/ 2 );\"><div class=\"fusion-layout-column fusion_builder_column fusion-builder-column-0 fusion_builder_column_3_5 3_5 fusion-flex-column\" style=\"--awb-bg-size:cover;--awb-width-large:60%;--awb-margin-top-large:0px;--awb-spacing-right-large:3.2%;--awb-margin-bottom-large:20px;--awb-spacing-left-large:3.2%;--awb-width-medium:60%;--awb-order-medium:0;--awb-spacing-right-medium:3.2%;--awb-spacing-left-medium:3.2%;--awb-width-small:100%;--awb-order-small:0;--awb-spacing-right-small:1.92%;--awb-spacing-left-small:1.92%;\"><div class=\"fusion-column-wrapper fusion-column-has-shadow fusion-flex-justify-content-flex-start fusion-content-layout-column\"><div class=\"fusion-title title fusion-title-1 fusion-sep-none fusion-title-text fusion-title-size-one\" style=\"--awb-margin-top-small:10px;--awb-margin-right-small:0px;--awb-margin-bottom-small:10px;--awb-margin-left-small:0px;\"><h1 class=\"fusion-title-heading title-heading-left\" style=\"margin:0;\">POL\u00cdTICA DE COOKIES<\/h1><\/div><div class=\"fusion-separator\" style=\"align-self: flex-start;margin-right:auto;margin-top:30px;margin-bottom:30px;width:100%;max-width:20%;\"><div class=\"fusion-separator-border sep-single sep-solid\" style=\"--awb-height:20px;--awb-amount:20px;--awb-sep-color:var(--awb-color6);border-color:var(--awb-color6);border-top-width:3px;\"><\/div><\/div><div class=\"fusion-text fusion-text-1\" style=\"--awb-content-alignment:justify;\"><p>Em cumprimento da Lei 34\/2002, de 11 de julho, sobre Servi\u00e7os da Sociedade da Informa\u00e7\u00e3o e Com\u00e9rcio Eletr\u00f3nico, informamos que este site, como a maioria dos sites da Internet, utiliza cookies para melhorar e otimizar a experi\u00eancia do utilizador. Abaixo voc\u00ea encontrar\u00e1 informa\u00e7\u00f5es detalhadas sobre o que s\u00e3o cookies, que tipo este site utiliza, como alterar suas configura\u00e7\u00f5es de cookies e o que acontece se voc\u00ea desativar os cookies.<\/p>\n<h3>O que s\u00e3o cookie?<\/h3>\n<p>Um cookie \u00e9 um pequeno ficheiro que se descarrega no computador do utilizador com a finalidade de armazenar dados, que podem ser atualizados e recuperados pela entidade respons\u00e1vel pela sua instala\u00e7\u00e3o.<\/p>\n<h3>Que tipo de cookies este site utiliza?<\/h3>\n<p>Abaixo est\u00e1 uma tabela com os cookies utilizados neste site:<\/p>\n<\/div><div class=\"fusion-separator\" style=\"align-self: flex-start;margin-right:auto;margin-top:30px;margin-bottom:30px;width:100%;max-width:20%;\"><div class=\"fusion-separator-border sep-single sep-solid\" style=\"--awb-height:20px;--awb-amount:20px;--awb-sep-color:var(--awb-color6);border-color:var(--awb-color6);border-top-width:3px;\"><\/div><\/div><\/div><\/div><div class=\"fusion-layout-column fusion_builder_column fusion-builder-column-1 fusion_builder_column_3_4 3_4 fusion-flex-column\" style=\"--awb-bg-size:cover;--awb-width-large:75%;--awb-margin-top-large:0px;--awb-spacing-right-large:2.56%;--awb-margin-bottom-large:20px;--awb-spacing-left-large:2.56%;--awb-width-medium:75%;--awb-order-medium:0;--awb-spacing-right-medium:2.56%;--awb-spacing-left-medium:2.56%;--awb-width-small:100%;--awb-order-small:0;--awb-spacing-right-small:1.92%;--awb-spacing-left-small:1.92%;\"><div class=\"fusion-column-wrapper fusion-column-has-shadow fusion-flex-justify-content-flex-start fusion-content-layout-column\">\n<div class=\"table-2\">\n<table width=\"100%\">\n<thead>\n<tr>\n<th align=\"left\">Nome<\/th>\n<th align=\"left\">Dura\u00e7\u00e3o<\/th>\n<th align=\"left\">Descri\u00e7\u00e3o<\/th>\n<\/tr>\n<\/thead>\n<tbody>\n<tr>\n<td align=\"left\">__utma<\/td>\n<td align=\"left\">2 anos a partir da cria\u00e7\u00e3o\/atualiza\u00e7\u00e3o<\/td>\n<td align=\"left\"><strong>Google Analytics:<\/strong> Usado para distinguir usu\u00e1rios e sess\u00f5es. O cookie \u00e9 criado quando a biblioteca JavaScript \u00e9 executada e existe um cookie <em>__utma<\/em> inexistente. O cookie \u00e9 atualizado cada vez que dados s\u00e3o enviados ao Google Analytics.<\/td>\n<\/tr>\n<tr>\n<td align=\"left\">__utmb<\/td>\n<td align=\"left\">30 minutos a partir da cria\u00e7\u00e3o\/atualiza\u00e7\u00e3o<\/td>\n<td align=\"left\"><strong>Google Analytics:<\/strong> Usado para determinar novas sess\u00f5es\/visitas. O cookie \u00e9 criado quando a biblioteca JavaScript \u00e9 executada e existe um cookie <em>__utmb<\/em> inexistente. O cookie \u00e9 atualizado cada vez que dados s\u00e3o enviados ao Google Analytics.<\/td>\n<\/tr>\n<tr>\n<td align=\"left\">__utmc<\/td>\n<td align=\"left\">No final da sess\u00e3o<\/td>\n<td align=\"left\"><strong>Google Analytics:<\/strong> N\u00e3o usado em<em>ga.js<\/em>. Definido para interagir com <em>urchin.js<\/em>. Historicamente, este cookie funcionava juntamente com o cookie <em>__utmb<\/em> para determinar se o utilizador estava numa nova sess\u00e3o\/visita.<\/td>\n<\/tr>\n<tr>\n<td align=\"left\">__utmz<\/td>\n<td align=\"left\">C60 minutos a partir da cria\u00e7\u00e3o\/atualiza\u00e7\u00e3o<\/td>\n<td align=\"left\"><strong>Google Analytics:<\/strong> Armazena o tr\u00e1fego ou origem da campanha que identifica como o usu\u00e1rio chegou ao site. O cookie \u00e9 criado pela biblioteca JavaScript que \u00e9 executada e atualizada cada vez que os dados s\u00e3o enviados ao Google Analytics.<\/td>\n<\/tr>\n<\/tbody>\n<\/table>\n<\/div>\n<\/div><\/div><div class=\"fusion-layout-column fusion_builder_column fusion-builder-column-2 fusion_builder_column_3_5 3_5 fusion-flex-column\" style=\"--awb-bg-size:cover;--awb-width-large:60%;--awb-margin-top-large:0px;--awb-spacing-right-large:3.2%;--awb-margin-bottom-large:20px;--awb-spacing-left-large:3.2%;--awb-width-medium:60%;--awb-order-medium:0;--awb-spacing-right-medium:3.2%;--awb-spacing-left-medium:3.2%;--awb-width-small:100%;--awb-order-small:0;--awb-spacing-right-small:1.92%;--awb-spacing-left-small:1.92%;\"><div class=\"fusion-column-wrapper fusion-column-has-shadow fusion-flex-justify-content-flex-start fusion-content-layout-column\"><div class=\"fusion-text fusion-text-2\" style=\"--awb-content-alignment:justify;\"><h3>Como voc\u00ea pode definir seus cookies?<\/h3>\n<p>Ao navegar e continuar no nosso site estar\u00e1 a consentir a utiliza\u00e7\u00e3o de cookies nas condi\u00e7\u00f5es contidas nesta Pol\u00edtica de Cookies. Voc\u00ea, como usu\u00e1rio, tem a possibilidade de exercer o seu direito de bloquear, excluir e rejeitar o uso de cookies, a qualquer momento, modificando as op\u00e7\u00f5es do seu navegador.<\/p>\n<p>Por exemplo:<\/p>\n<ul>\n<li><strong>Internet Explorer:<\/strong> Ferramentas &gt;Op\u00e7\u00f5es de Internet &gt;Privacidade &gt;Configura\u00e7\u00f5es (para mais informa\u00e7\u00f5es, voc\u00ea pode consultar o Suporte da Microsoft ou a Ajuda do Navegador)<\/li>\n<li><strong>Mozilla Firefox:<\/strong> Ferramentas &gt; Op\u00e7\u00f5es &gt; Privacidade &gt; Registro &gt; Configura\u00e7\u00f5es Personalizadas (Para mais informa\u00e7\u00f5es, voc\u00ea pode consultar o suporte da Mozilla ou a Ajuda do navegador)<\/li>\n<li><strong>Google Chrome:<\/strong> Contexto &gt; Mostrar op\u00e7\u00f5es avan\u00e7adas &gt; Privacidade -&gt; Configura\u00e7\u00f5es de conte\u00fado (Para mais informa\u00e7\u00f5es, voc\u00ea pode consultar o suporte do Google ou a Ajuda do navegador)<\/li>\n<li><strong>Safari:<\/strong> prefer\u00eancias &gt; Seguran\u00e7a (Para mais informa\u00e7\u00f5es, voc\u00ea pode consultar o Suporte Apple ou a Ajuda do Navegador)<\/li>\n<li><strong>Opera:<\/strong> Contexto &gt; Op\u00e7\u00f5es &gt; Cookies avan\u00e7ados &gt; (Para mais informa\u00e7\u00f5es, voc\u00ea pode consultar o suporte do Opera ou a Ajuda do navegador)<br \/>\nCaso utilize um navegador diferente dos anteriores, consulte a sua pol\u00edtica de instala\u00e7\u00e3o, utiliza\u00e7\u00e3o e bloqueio de cookies.<\/li>\n<\/ul>\n<h3>O que acontece se os cookies forem desativados?<\/h3>\n<p>Alguns recursos dos Servi\u00e7os ou \u00e1reas deste Site podem n\u00e3o funcionar corretamente.<\/p>\n<h3>Atualizamos nossa pol\u00edtica de cookies?<\/h3>\n<p>\u00c9 poss\u00edvel que atualizemos a pol\u00edtica de cookies do nosso site, portanto, recomendamos que reveja esta pol\u00edtica cada vez que aceder ao nosso site para estar adequadamente informado sobre como e porqu\u00ea utilizamos cookies.<\/p>\n<\/div><\/div><\/div><\/div><\/div>\n","protected":false},"excerpt":{"rendered":"","protected":false},"author":1,"featured_media":0,"parent":0,"menu_order":0,"comment_status":"closed","ping_status":"closed","template":"100-width.php","meta":{"footnotes":""},"class_list":["post-1839","page","type-page","status-publish","hentry"],"_links":{"self":[{"href":"https:\/\/alasiberia.com\/web\/pt-pt\/wp-json\/wp\/v2\/pages\/1839","targetHints":{"allow":["GET"]}}],"collection":[{"href":"https:\/\/alasiberia.com\/web\/pt-pt\/wp-json\/wp\/v2\/pages"}],"about":[{"href":"https:\/\/alasiberia.com\/web\/pt-pt\/wp-json\/wp\/v2\/types\/page"}],"author":[{"embeddable":true,"href":"https:\/\/alasiberia.com\/web\/pt-pt\/wp-json\/wp\/v2\/users\/1"}],"replies":[{"embeddable":true,"href":"https:\/\/alasiberia.com\/web\/pt-pt\/wp-json\/wp\/v2\/comments?post=1839"}],"version-history":[{"count":2,"href":"https:\/\/alasiberia.com\/web\/pt-pt\/wp-json\/wp\/v2\/pages\/1839\/revisions"}],"predecessor-version":[{"id":1841,"href":"https:\/\/alasiberia.com\/web\/pt-pt\/wp-json\/wp\/v2\/pages\/1839\/revisions\/1841"}],"wp:attachment":[{"href":"https:\/\/alasiberia.com\/web\/pt-pt\/wp-json\/wp\/v2\/media?parent=1839"}],"curies":[{"name":"wp","href":"https:\/\/api.w.org\/{rel}","templated":true}]}}