{"id":1842,"date":"2023-06-26T12:26:16","date_gmt":"2023-06-26T10:26:16","guid":{"rendered":"https:\/\/alasiberia.com\/web\/politica-de-privacidade\/"},"modified":"2023-09-19T19:10:00","modified_gmt":"2023-09-19T17:10:00","slug":"politica-de-privacidade","status":"publish","type":"page","link":"https:\/\/alasiberia.com\/web\/pt-pt\/politica-de-privacidade\/","title":{"rendered":"Pol\u00edtica de privacidade"},"content":{"rendered":"<div class=\"fusion-fullwidth fullwidth-box fusion-builder-row-1 fusion-flex-container has-pattern-background has-mask-background nonhundred-percent-fullwidth non-hundred-percent-height-scrolling\" style=\"--awb-border-radius-top-left:0px;--awb-border-radius-top-right:0px;--awb-border-radius-bottom-right:0px;--awb-border-radius-bottom-left:0px;--awb-margin-top:130px;--awb-flex-wrap:wrap;\" ><div class=\"fusion-builder-row fusion-row fusion-flex-align-items-flex-start fusion-flex-content-wrap\" style=\"max-width:1248px;margin-left: calc(-4% \/ 2 );margin-right: calc(-4% \/ 2 );\"><div class=\"fusion-layout-column fusion_builder_column fusion-builder-column-0 fusion_builder_column_3_5 3_5 fusion-flex-column\" style=\"--awb-bg-size:cover;--awb-width-large:60%;--awb-margin-top-large:0px;--awb-spacing-right-large:3.2%;--awb-margin-bottom-large:20px;--awb-spacing-left-large:3.2%;--awb-width-medium:60%;--awb-order-medium:0;--awb-spacing-right-medium:3.2%;--awb-spacing-left-medium:3.2%;--awb-width-small:100%;--awb-order-small:0;--awb-spacing-right-small:1.92%;--awb-spacing-left-small:1.92%;\"><div class=\"fusion-column-wrapper fusion-column-has-shadow fusion-flex-justify-content-flex-start fusion-content-layout-column\"><div class=\"fusion-title title fusion-title-1 fusion-sep-none fusion-title-text fusion-title-size-one\" style=\"--awb-margin-top-small:10px;--awb-margin-right-small:0px;--awb-margin-bottom-small:10px;--awb-margin-left-small:0px;\"><h1 class=\"fusion-title-heading title-heading-left\" style=\"margin:0;\">POL\u00cdTICA DE PRIVACIDADE<\/h1><\/div><div class=\"fusion-separator\" style=\"align-self: flex-start;margin-right:auto;margin-top:30px;margin-bottom:30px;width:100%;max-width:20%;\"><div class=\"fusion-separator-border sep-single sep-solid\" style=\"--awb-height:20px;--awb-amount:20px;--awb-sep-color:var(--awb-color6);border-color:var(--awb-color6);border-top-width:3px;\"><\/div><\/div><div class=\"fusion-text fusion-text-1\" style=\"--awb-content-alignment:justify;\"><p>ALAS IBERA S.A.U. disponibiliza-lhe a informa\u00e7\u00e3o relativa ao tratamento de dados realizado atrav\u00e9s do seu site de acordo com o disposto no Regulamento (UE) 2016\/679 de Prote\u00e7\u00e3o de Dados e na Lei Org\u00e2nica 3\/2018 de 5 de dezembro sobre Prote\u00e7\u00e3o de Dados Pessoais e Garantia de Dados Digitais Direitos.<\/p>\n<h3>Finalidade para a qual tratamos os seus dados pessoais<\/h3>\n<p>Na ALAS IBERIA tratamos os dados pessoais que nos fornece para as seguintes finalidades:<\/p>\n<ol>\n<li>Gest\u00e3o do relacionamento com o cliente, fatura\u00e7\u00e3o e cobran\u00e7a em cumprimento do contrato estabelecido entre ambas as partes.<\/li>\n<li>Gest\u00e3o do relacionamento com fornecedores, faturamento e pagamento em conformidade com o contrato estabelecido entre ambas as partes.<\/li>\n<li>Processar pedidos de informa\u00e7\u00e3o ou comunica\u00e7\u00f5es com base no consentimento concedido no pedido, o interesse leg\u00edtimo da Alas Iberia em dar cumprimento ao seu pedido.<\/li>\n<li>Envio de comunica\u00e7\u00f5es comerciais aos nossos clientes com o objetivo de mant\u00ea-los informados sobre os nossos produtos, com base na rela\u00e7\u00e3o contratual previamente existente entre as partes.<\/li>\n<li>Processamento de curr\u00edculos de poss\u00edveis candidatos com base em seu consentimento protestado.<\/li>\n<li>Responder aos pedidos de exerc\u00edcio de direitos dos titulares dos dados, em cumprimento da correspondente obriga\u00e7\u00e3o legal<\/li>\n<\/ol>\n<h3>Legitima\u00e7\u00e3o<\/h3>\n<p>O tratamento dos seus dados pessoais \u00e9 realizado com base no cumprimento das correspondentes obriga\u00e7\u00f5es legais e contratuais, no cumprimento do interesse leg\u00edtimo da ALAS IBERIA e, nos casos em que seja necess\u00e1rio, com o seu consentimento expresso.<\/p>\n<h3>Per\u00edodo de reten\u00e7\u00e3o de dados<\/h3>\n<p>Os dados pessoais fornecidos ser\u00e3o conservados pelo tempo necess\u00e1rio ao cumprimento da finalidade para a qual s\u00e3o solicitados e at\u00e9 que termine o prazo legal das poss\u00edveis responsabilidades que possam surgir da finalidade do tratamento, bem como para cumprir outras medidas de arquivo e conserva\u00e7\u00e3o. obriga\u00e7\u00f5es previstas em lei.<\/p>\n<h3>Comunica\u00e7\u00e3o de dados<\/h3>\n<p>ALAS IBERIA informa que n\u00e3o transferir\u00e1 os seus dados a terceiros, exceto nos seguintes casos:<\/p>\n<ul>\n<li>Administra\u00e7\u00f5es p\u00fablicas competentes, incluindo Ju\u00edzes e Tribunais, nos casos previstos na Lei.<\/li>\n<li>Quando necess\u00e1rio no cumprimento de um contrato com os processadores de dados, que ser\u00e3o obrigados, em qualquer caso, a cumprir as obriga\u00e7\u00f5es estabelecidas no Regulamento (UE) 2016\/679 sobre Prote\u00e7\u00e3o de Dados e na Lei Org\u00e2nica 3\/2018 de 5 de dezembro, Prote\u00e7\u00e3o de Dados. Dados pessoais<\/li>\n<\/ul>\n<p>Nenhuma transfer\u00eancia internacional de dados ser\u00e1 realizada pela ALAS IBERIA.<\/p>\n<h3>Medidas de seguran\u00e7a<\/h3>\n<p>A ALAS IBERIA disp\u00f5e das medidas de seguran\u00e7a necess\u00e1rias para proteger os seus dados pessoais, adequadas \u00e0 natureza dos dados e \u00e0s atividades de tratamento realizadas.<\/p>\n<h3>Direitos das partes interessadas<\/h3>\n<p>Os titulares dos dados poder\u00e3o exercer os seus direitos de acesso, retifica\u00e7\u00e3o, elimina\u00e7\u00e3o, portabilidade, oposi\u00e7\u00e3o e limita\u00e7\u00e3o ao tratamento dos seus dados, com os limites decorrentes da exist\u00eancia do v\u00ednculo laboral. Para exercer tais direitos, pode enviar um correio para a \u00c1rea de Recursos Humanos da Alas Iberia, Avenida de Laviana S\/N, Cia\u00f1o, 33930 Langreo, Ast\u00farias, ou atrav\u00e9s do email lopd@alasiberia.com\/web<\/p>\n<p>Da mesma forma, quando o tratamento de dados se basear no consentimento, voc\u00ea tem o direito de revog\u00e1-lo nos termos e condi\u00e7\u00f5es estabelecidos na normativa de prote\u00e7\u00e3o de dados em vigor.<\/p>\n<p>Da mesma forma, para solicitar qualquer informa\u00e7\u00e3o ou em caso de viola\u00e7\u00e3o dos seus direitos, informamos que poder\u00e1 apresentar uma reclama\u00e7\u00e3o junto da Ag\u00eancia Espanhola de Prote\u00e7\u00e3o de Dados (www.aepd) na Calle Jorge Juan n.\u00ba 6- 28001, Madrid.<\/p>\n<\/div><div class=\"fusion-separator\" style=\"align-self: flex-start;margin-right:auto;margin-top:30px;margin-bottom:30px;width:100%;max-width:20%;\"><div class=\"fusion-separator-border sep-single sep-solid\" style=\"--awb-height:20px;--awb-amount:20px;--awb-sep-color:var(--awb-color6);border-color:var(--awb-color6);border-top-width:3px;\"><\/div><\/div><\/div><\/div><div class=\"fusion-layout-column fusion_builder_column fusion-builder-column-1 fusion_builder_column_2_5 2_5 fusion-flex-column fusion-flex-align-self-flex-start\" style=\"--awb-padding-top:40PX;--awb-padding-left:20PX;--awb-overflow:hidden;--awb-bg-size:cover;--awb-border-color:var(--awb-color7);--awb-border-top:2PX;--awb-border-right:2PX;--awb-border-bottom:2PX;--awb-border-left:2PX;--awb-border-style:solid;--awb-border-radius:90PX 0px 0px 0px;--awb-width-large:40%;--awb-margin-top-large:100PX;--awb-spacing-right-large:4.8%;--awb-margin-bottom-large:20px;--awb-spacing-left-large:4.8%;--awb-width-medium:40%;--awb-order-medium:0;--awb-spacing-right-medium:4.8%;--awb-spacing-left-medium:4.8%;--awb-width-small:100%;--awb-order-small:0;--awb-spacing-right-small:1.92%;--awb-spacing-left-small:1.92%;\" data-scroll-devices=\"small-visibility,medium-visibility,large-visibility\"><div class=\"fusion-column-wrapper fusion-column-has-shadow fusion-flex-justify-content-center fusion-content-layout-column\"><div class=\"fusion-text fusion-text-2\"><h4><span style=\"color: #898989;\"><strong>Gerente de Tratamento<\/strong><\/span><\/h4>\n<p><span style=\"color: #898989;\">Nome\/raz\u00e3o social: <strong>ALAS IBERIA S.L.U<\/strong><\/span><\/p>\n<ul>\n<li><span style=\"color: #898989;\"><strong>CIF:<\/strong> B74357922<\/span><\/li>\n<li><span style=\"color: #898989;\"><strong>Morada<\/strong>: Morada na Avenida de Laviana S\/N, Cia\u00f1o CP 33930, Langreo, Ast\u00farias,<\/span><\/li>\n<li><span style=\"color: #898989;\"><strong>Telefone<\/strong> 985989600<\/span><\/li>\n<li><span style=\"color: #898989;\"><strong>E-mail:<\/strong> lopd@alasiberia.com\/web<\/span><\/li>\n<\/ul>\n<\/div><\/div><\/div><\/div><\/div>\n","protected":false},"excerpt":{"rendered":"","protected":false},"author":1,"featured_media":0,"parent":0,"menu_order":0,"comment_status":"closed","ping_status":"closed","template":"100-width.php","meta":{"footnotes":""},"class_list":["post-1842","page","type-page","status-publish","hentry"],"_links":{"self":[{"href":"https:\/\/alasiberia.com\/web\/pt-pt\/wp-json\/wp\/v2\/pages\/1842","targetHints":{"allow":["GET"]}}],"collection":[{"href":"https:\/\/alasiberia.com\/web\/pt-pt\/wp-json\/wp\/v2\/pages"}],"about":[{"href":"https:\/\/alasiberia.com\/web\/pt-pt\/wp-json\/wp\/v2\/types\/page"}],"author":[{"embeddable":true,"href":"https:\/\/alasiberia.com\/web\/pt-pt\/wp-json\/wp\/v2\/users\/1"}],"replies":[{"embeddable":true,"href":"https:\/\/alasiberia.com\/web\/pt-pt\/wp-json\/wp\/v2\/comments?post=1842"}],"version-history":[{"count":2,"href":"https:\/\/alasiberia.com\/web\/pt-pt\/wp-json\/wp\/v2\/pages\/1842\/revisions"}],"predecessor-version":[{"id":1844,"href":"https:\/\/alasiberia.com\/web\/pt-pt\/wp-json\/wp\/v2\/pages\/1842\/revisions\/1844"}],"wp:attachment":[{"href":"https:\/\/alasiberia.com\/web\/pt-pt\/wp-json\/wp\/v2\/media?parent=1842"}],"curies":[{"name":"wp","href":"https:\/\/api.w.org\/{rel}","templated":true}]}}