{"id":1851,"date":"2023-06-26T15:58:05","date_gmt":"2023-06-26T13:58:05","guid":{"rendered":"https:\/\/alasiberia.com\/web\/processos\/montagem\/"},"modified":"2023-09-19T22:39:05","modified_gmt":"2023-09-19T20:39:05","slug":"montagem","status":"publish","type":"page","link":"https:\/\/alasiberia.com\/web\/pt-pt\/processos\/montagem\/","title":{"rendered":"Montagem"},"content":{"rendered":"<div class=\"fusion-fullwidth fullwidth-box fusion-builder-row-1 fusion-flex-container has-pattern-background has-mask-background nonhundred-percent-fullwidth non-hundred-percent-height-scrolling\" style=\"--awb-border-radius-top-left:0px;--awb-border-radius-top-right:0px;--awb-border-radius-bottom-right:0px;--awb-border-radius-bottom-left:0px;--awb-margin-top:130px;--awb-flex-wrap:wrap;\" ><div class=\"fusion-builder-row fusion-row fusion-flex-align-items-flex-start fusion-flex-justify-content-center fusion-flex-content-wrap\" style=\"max-width:calc( 1200px + 90px );margin-left: calc(-90px \/ 2 );margin-right: calc(-90px \/ 2 );\"><div class=\"fusion-layout-column fusion_builder_column fusion-builder-column-0 fusion_builder_column_3_5 3_5 fusion-flex-column\" style=\"--awb-bg-size:cover;--awb-width-large:60%;--awb-margin-top-large:0px;--awb-spacing-right-large:45px;--awb-margin-bottom-large:20px;--awb-spacing-left-large:45px;--awb-width-medium:60%;--awb-order-medium:0;--awb-spacing-right-medium:45px;--awb-spacing-left-medium:45px;--awb-width-small:100%;--awb-order-small:0;--awb-spacing-right-small:45px;--awb-spacing-left-small:45px;\"><div class=\"fusion-column-wrapper fusion-column-has-shadow fusion-flex-justify-content-flex-start fusion-content-layout-column\"><div class=\"fusion-title title fusion-title-1 fusion-sep-none fusion-title-text fusion-title-size-one\" style=\"--awb-margin-top-small:10px;--awb-margin-right-small:0px;--awb-margin-bottom-small:10px;--awb-margin-left-small:0px;\"><h1 class=\"fusion-title-heading title-heading-left\" style=\"margin:0;\">MONTEGEM<\/h1><\/div><div class=\"fusion-separator\" style=\"align-self: flex-start;margin-right:auto;margin-top:30px;margin-bottom:30px;width:100%;max-width:20%;\"><div class=\"fusion-separator-border sep-single sep-solid\" style=\"--awb-height:20px;--awb-amount:20px;--awb-sep-color:var(--awb-color6);border-color:var(--awb-color6);border-top-width:3px;\"><\/div><\/div><div class=\"fusion-text fusion-text-1\" style=\"--awb-content-alignment:justify;\"><p>A montagem dos perfis consiste em unir os perfis de alum\u00ednio especificamente desenhados com hastes intermedi\u00e1rias de poliamida para obter a <strong>ruptura da ponte t\u00e9rmica e a consequente economia de energia<\/strong> na sua posterior utiliza\u00e7\u00e3o.<\/p>\n<\/div><div class=\"fusion-image-element \" style=\"text-align:center;--awb-max-width:;--awb-caption-title-font-family:var(--h2_typography-font-family);--awb-caption-title-font-weight:var(--h2_typography-font-weight);--awb-caption-title-font-style:var(--h2_typography-font-style);--awb-caption-title-size:var(--h2_typography-font-size);--awb-caption-title-transform:var(--h2_typography-text-transform);--awb-caption-title-line-height:var(--h2_typography-line-height);--awb-caption-title-letter-spacing:var(--h2_typography-letter-spacing);\"><span class=\" fusion-imageframe imageframe-none imageframe-1 hover-type-none\"><img decoding=\"async\" width=\"1024\" height=\"683\" title=\"ALAS ENSAMBLADO Y MONTAJE\" src=\"https:\/\/alasiberia.com\/web\/wp-content\/uploads\/2023\/08\/ALAS-ENSAMBLADO-Y-MONTAJE-1024x683.jpg\" alt class=\"img-responsive wp-image-1679\" srcset=\"https:\/\/alasiberia.com\/web\/wp-content\/uploads\/2023\/08\/ALAS-ENSAMBLADO-Y-MONTAJE-200x133.jpg 200w, https:\/\/alasiberia.com\/web\/wp-content\/uploads\/2023\/08\/ALAS-ENSAMBLADO-Y-MONTAJE-400x267.jpg 400w, https:\/\/alasiberia.com\/web\/wp-content\/uploads\/2023\/08\/ALAS-ENSAMBLADO-Y-MONTAJE-600x400.jpg 600w, https:\/\/alasiberia.com\/web\/wp-content\/uploads\/2023\/08\/ALAS-ENSAMBLADO-Y-MONTAJE-800x533.jpg 800w, https:\/\/alasiberia.com\/web\/wp-content\/uploads\/2023\/08\/ALAS-ENSAMBLADO-Y-MONTAJE-1200x800.jpg 1200w\" sizes=\"(max-width: 640px) 100vw, 800px\" \/><\/span><\/div><div class=\"fusion-text fusion-text-2\" style=\"--awb-content-alignment:justify;--awb-margin-top:15px;\"><p>Na <strong>ALAS IBERIA<\/strong> realizamos o \u201crecartilhamento\u201d e montagem de perfis em duas linhas totalmente automatizadas e de \u00faltima gera\u00e7\u00e3o, garantindo a regularidade na obten\u00e7\u00e3o dos par\u00e2metros de press\u00e3o e resist\u00eancia ao cisalhamento exigidos de acordo com as normas europeias. As nossas instala\u00e7\u00f5es de montagem s\u00e3o certificadas pela organiza\u00e7\u00e3o francesa CSTB, e atualmente fornecemos perfis com certifica\u00e7\u00e3o QB49 para diversos clientes, de acordo com as suas necessidades.Atingimento dos par\u00e2metros de press\u00e3o e resist\u00eancia ao cisalhamento exigidos de acordo com as normas europeias para uma amostra de 100mm de comprimento.<\/p>\n<\/div><div class=\"fusion-title title fusion-title-2 fusion-sep-none fusion-title-text fusion-title-size-two\" style=\"--awb-text-color:var(--awb-color7);--awb-margin-top:40px;--awb-margin-left:20px;--awb-margin-top-small:10px;--awb-margin-right-small:0px;--awb-margin-bottom-small:10px;--awb-margin-left-small:0px;\"><h2 class=\"fusion-title-heading title-heading-left\" style=\"margin:0;\">Economia e efici\u00eancia energ\u00e9tica com quebra de ponte t\u00e9rmica.<\/h2><\/div><div class=\"fusion-separator\" style=\"align-self: flex-start;margin-right:auto;margin-top:30px;margin-bottom:30px;width:100%;max-width:20%;\"><div class=\"fusion-separator-border sep-single sep-solid\" style=\"--awb-height:20px;--awb-amount:20px;--awb-sep-color:var(--awb-color6);border-color:var(--awb-color6);border-top-width:3px;\"><\/div><\/div><div class=\"fusion-text fusion-text-3\" style=\"--awb-content-alignment:justify;\"><p>A ponte t\u00e9rmica \u00e9 uma fuga de calor, um \u201cdefeito t\u00e9cnico\u201d na envolvente do edif\u00edcio atrav\u00e9s do qual ocorrem perdas ou ganhos de calor que implicam logicamente um desperd\u00edcio da energia consumida para aquecer ou arrefecer os espa\u00e7os interiores. A <strong>Ruptura de Ponte T\u00e9rmica<\/strong> (RPT), t\u00e3o conhecida, \u00e9 um desenvolvimento tecnol\u00f3gico na carpintaria de alum\u00ednio, pelo qual \u00e9 interrompida a continuidade na rota de escape de calor atrav\u00e9s do metal que comp\u00f5e a carpintaria. Para isso, basta inserir, entre as duas faces que formam a ponte t\u00e9rmica, um mau condutor como o pl\u00e1stico, quebrando assim literalmente a zona de transmiss\u00e3o de temperatura, evitando a transfer\u00eancia de temperatura do exterior para o interior da casa. .<\/p>\n<\/div><\/div><\/div><div class=\"fusion-layout-column fusion_builder_column fusion-builder-column-1 fusion_builder_column_1_3 1_3 fusion-flex-column fusion-flex-align-self-flex-end\" style=\"--awb-bg-size:cover;--awb-width-large:33.333333333333%;--awb-margin-top-large:0px;--awb-spacing-right-large:45px;--awb-margin-bottom-large:20px;--awb-spacing-left-large:45px;--awb-width-medium:33.333333333333%;--awb-order-medium:0;--awb-spacing-right-medium:45px;--awb-spacing-left-medium:45px;--awb-width-small:100%;--awb-order-small:0;--awb-spacing-right-small:45px;--awb-spacing-left-small:45px;\" data-scroll-devices=\"small-visibility,medium-visibility,large-visibility\"><div class=\"fusion-column-wrapper fusion-column-has-shadow fusion-flex-justify-content-center fusion-content-layout-column\"><div style=\"text-align:center;\"><a class=\"fusion-button button-flat fusion-button-default-size button-custom fusion-button-default button-1 fusion-button-span-yes fusion-button-default-type fusion-animated\" style=\"--button_accent_color:var(--awb-color7);--button_border_color:var(--awb-color7);--button_accent_hover_color:var(--awb-color1);--button_border_hover_color:var(--awb-color4);--button_border_width-top:2px;--button_border_width-right:2px;--button_border_width-bottom:2px;--button_border_width-left:2px;--button-border-radius-top-left:90px;--button_gradient_top_color:var(--awb-color3);--button_gradient_bottom_color:var(--awb-color3);--button_gradient_top_color_hover:var(--awb-color4);--button_gradient_bottom_color_hover:var(--awb-color4);--button_font_size:20px;--button_typography-font-family:&quot;Barlow Condensed&quot;;--button_typography-font-style:normal;--button_typography-font-weight:600;--button_margin-bottom:6PX;\" data-animationType=\"fadeInDown\" data-animationDuration=\"0.8\" data-animationDelay=\"0.3\" data-animationOffset=\"top-into-view\" target=\"_self\" href=\"https:\/\/alasiberia.com\/web\/pt-pt\/processos\/extrusao\/\"><span class=\"fusion-button-text awb-button__text awb-button__text--default\">EXTRUS\u00c3O<\/span><\/a><\/div><div style=\"text-align:center;\"><a class=\"fusion-button button-flat fusion-button-default-size button-custom fusion-button-default button-2 fusion-button-span-yes fusion-button-default-type fusion-animated\" style=\"--button_accent_color:var(--awb-color7);--button_border_color:var(--awb-color7);--button_accent_hover_color:var(--awb-color1);--button_border_hover_color:var(--awb-color4);--button_border_width-top:2px;--button_border_width-right:2px;--button_border_width-bottom:2px;--button_border_width-left:2px;--button-border-radius-top-left:0px;--button-border-radius-top-right:0px;--button-border-radius-bottom-right:0px;--button-border-radius-bottom-left:0px;--button_gradient_top_color:var(--awb-color3);--button_gradient_bottom_color:var(--awb-color3);--button_gradient_top_color_hover:var(--awb-color4);--button_gradient_bottom_color_hover:var(--awb-color4);--button_font_size:20px;--button_typography-font-family:&quot;Barlow Condensed&quot;;--button_typography-font-style:normal;--button_typography-font-weight:600;--button_margin-bottom:6PX;\" data-animationType=\"fadeInDown\" data-animationDuration=\"0.8\" data-animationDelay=\"0.6\" data-animationOffset=\"top-into-view\" target=\"_self\" href=\"https:\/\/alasiberia.com\/web\/pt-pt\/processos\/lacagem\/\"><span class=\"fusion-button-text awb-button__text awb-button__text--default\">LACAGEM<\/span><\/a><\/div><div style=\"text-align:center;\"><a class=\"fusion-button button-flat fusion-button-default-size button-custom fusion-button-default button-3 fusion-button-span-yes fusion-button-default-type fusion-animated\" style=\"--button_accent_color:var(--awb-color7);--button_border_color:var(--awb-color7);--button_accent_hover_color:var(--awb-color1);--button_border_hover_color:var(--awb-color4);--button_border_width-top:2px;--button_border_width-right:2px;--button_border_width-bottom:2px;--button_border_width-left:2px;--button-border-radius-top-left:0px;--button-border-radius-top-right:0px;--button-border-radius-bottom-right:0px;--button-border-radius-bottom-left:0px;--button_gradient_top_color:var(--awb-color3);--button_gradient_bottom_color:var(--awb-color3);--button_gradient_top_color_hover:var(--awb-color4);--button_gradient_bottom_color_hover:var(--awb-color4);--button_font_size:20px;--button_typography-font-family:&quot;Barlow Condensed&quot;;--button_typography-font-style:normal;--button_typography-font-weight:600;--button_margin-bottom:6PX;\" data-animationType=\"fadeInDown\" data-animationDuration=\"0.8\" data-animationDelay=\"0.9\" data-animationOffset=\"top-into-view\" target=\"_self\" href=\"https:\/\/alasiberia.com\/web\/pt-pt\/processos\/anodizacao\/\"><span class=\"fusion-button-text awb-button__text awb-button__text--default\">ANODIZA\u00c7AO<\/span><\/a><\/div><div style=\"text-align:center;\"><a class=\"fusion-button button-flat fusion-button-default-size button-custom fusion-button-default button-4 fusion-button-span-yes fusion-button-default-type fusion-animated\" style=\"--button_accent_color:var(--awb-color7);--button_border_color:var(--awb-color7);--button_accent_hover_color:var(--awb-color1);--button_border_hover_color:var(--awb-color4);--button_border_width-top:2px;--button_border_width-right:2px;--button_border_width-bottom:2px;--button_border_width-left:2px;--button-border-radius-top-left:0px;--button-border-radius-top-right:0px;--button-border-radius-bottom-right:0px;--button-border-radius-bottom-left:0px;--button_gradient_top_color:var(--awb-color3);--button_gradient_bottom_color:var(--awb-color3);--button_gradient_top_color_hover:var(--awb-color4);--button_gradient_bottom_color_hover:var(--awb-color4);--button_font_size:20px;--button_typography-font-family:&quot;Barlow Condensed&quot;;--button_typography-font-style:normal;--button_typography-font-weight:600;--button_margin-bottom:6PX;\" data-animationType=\"fadeInDown\" data-animationDuration=\"0.8\" data-animationDelay=\"1.2\" data-animationOffset=\"top-into-view\" target=\"_self\" href=\"https:\/\/alasiberia.com\/web\/pt-pt\/processos\/montagem\/\"><span class=\"fusion-button-text awb-button__text awb-button__text--default\">MONTAGEM<\/span><\/a><\/div><div style=\"text-align:center;\"><a class=\"fusion-button button-flat fusion-button-default-size button-custom fusion-button-default button-5 fusion-button-span-yes fusion-button-default-type fusion-animated\" style=\"--button_accent_color:var(--awb-color7);--button_border_color:var(--awb-color7);--button_accent_hover_color:var(--awb-color1);--button_border_hover_color:var(--awb-color4);--button_border_width-top:2px;--button_border_width-right:2px;--button_border_width-bottom:2px;--button_border_width-left:2px;--button-border-radius-top-left:0px;--button-border-radius-top-right:0px;--button-border-radius-bottom-right:0px;--button-border-radius-bottom-left:0px;--button_gradient_top_color:var(--awb-color3);--button_gradient_bottom_color:var(--awb-color3);--button_gradient_top_color_hover:var(--awb-color4);--button_gradient_bottom_color_hover:var(--awb-color4);--button_font_size:20px;--button_typography-font-family:&quot;Barlow Condensed&quot;;--button_typography-font-style:normal;--button_typography-font-weight:600;--button_margin-bottom:6PX;\" data-animationType=\"fadeInDown\" data-animationDuration=\"0.8\" data-animationDelay=\"1.5\" data-animationOffset=\"top-into-view\" target=\"_self\" href=\"https:\/\/alasiberia.com\/web\/pt-pt\/processos\/mecanizado\/\"><span class=\"fusion-button-text awb-button__text awb-button__text--default\">MECANIZADO<\/span><\/a><\/div><div style=\"text-align:center;\"><a class=\"fusion-button button-flat fusion-button-default-size button-custom fusion-button-default button-6 fusion-button-span-yes fusion-button-default-type fusion-animated\" style=\"--button_accent_color:var(--awb-color7);--button_border_color:var(--awb-color7);--button_accent_hover_color:var(--awb-color1);--button_border_hover_color:var(--awb-color4);--button_border_width-top:2px;--button_border_width-right:2px;--button_border_width-bottom:2px;--button_border_width-left:2px;--button-border-radius-top-left:0px;--button-border-radius-top-right:0px;--button-border-radius-bottom-right:0PX;--button-border-radius-bottom-left:0px;--button_gradient_top_color:var(--awb-color3);--button_gradient_bottom_color:var(--awb-color3);--button_gradient_top_color_hover:var(--awb-color4);--button_gradient_bottom_color_hover:var(--awb-color4);--button_font_size:20px;--button_typography-font-family:&quot;Barlow Condensed&quot;;--button_typography-font-style:normal;--button_typography-font-weight:600;--button_margin-bottom:6PX;\" data-animationType=\"fadeInDown\" data-animationDuration=\"0.8\" data-animationDelay=\"1.8\" data-animationOffset=\"top-into-view\" target=\"_self\" href=\"https:\/\/alasiberia.com\/web\/pt-pt\/processos\/logistica\/\"><span class=\"fusion-button-text awb-button__text awb-button__text--default\">LOG\u00cdSTICA<\/span><\/a><\/div><div style=\"text-align:center;\"><a class=\"fusion-button button-flat fusion-button-default-size button-custom fusion-button-default button-7 fusion-button-span-yes fusion-button-default-type fusion-animated\" style=\"--button_accent_color:var(--awb-color7);--button_border_color:var(--awb-color7);--button_accent_hover_color:var(--awb-color1);--button_border_hover_color:var(--awb-color4);--button_border_width-top:2px;--button_border_width-right:2px;--button_border_width-bottom:2px;--button_border_width-left:2px;--button-border-radius-top-left:0px;--button-border-radius-top-right:0px;--button-border-radius-bottom-right:90PX;--button-border-radius-bottom-left:0px;--button_gradient_top_color:var(--awb-color3);--button_gradient_bottom_color:var(--awb-color3);--button_gradient_top_color_hover:var(--awb-color4);--button_gradient_bottom_color_hover:var(--awb-color4);--button_font_size:20px;--button_typography-font-family:&quot;Barlow Condensed&quot;;--button_typography-font-style:normal;--button_typography-font-weight:600;\" data-animationType=\"fadeInDown\" data-animationDuration=\"0.8\" data-animationDelay=\"2.1\" data-animationOffset=\"top-into-view\" target=\"_self\" href=\"https:\/\/alasiberia.com\/web\/pt-pt\/processos\/inovacao-seguranca-e-sustentabilidade\/\"><span class=\"fusion-button-text awb-button__text awb-button__text--default\">INOVA\u00c7\u00c3O, SEGURAN\u00c7A E SUSTENTABILIDADE<\/span><\/a><\/div><\/div><\/div><\/div><\/div>\n","protected":false},"excerpt":{"rendered":"","protected":false},"author":1,"featured_media":0,"parent":1845,"menu_order":0,"comment_status":"closed","ping_status":"closed","template":"100-width.php","meta":{"footnotes":""},"class_list":["post-1851","page","type-page","status-publish","hentry"],"_links":{"self":[{"href":"https:\/\/alasiberia.com\/web\/pt-pt\/wp-json\/wp\/v2\/pages\/1851","targetHints":{"allow":["GET"]}}],"collection":[{"href":"https:\/\/alasiberia.com\/web\/pt-pt\/wp-json\/wp\/v2\/pages"}],"about":[{"href":"https:\/\/alasiberia.com\/web\/pt-pt\/wp-json\/wp\/v2\/types\/page"}],"author":[{"embeddable":true,"href":"https:\/\/alasiberia.com\/web\/pt-pt\/wp-json\/wp\/v2\/users\/1"}],"replies":[{"embeddable":true,"href":"https:\/\/alasiberia.com\/web\/pt-pt\/wp-json\/wp\/v2\/comments?post=1851"}],"version-history":[{"count":4,"href":"https:\/\/alasiberia.com\/web\/pt-pt\/wp-json\/wp\/v2\/pages\/1851\/revisions"}],"predecessor-version":[{"id":2014,"href":"https:\/\/alasiberia.com\/web\/pt-pt\/wp-json\/wp\/v2\/pages\/1851\/revisions\/2014"}],"up":[{"embeddable":true,"href":"https:\/\/alasiberia.com\/web\/pt-pt\/wp-json\/wp\/v2\/pages\/1845"}],"wp:attachment":[{"href":"https:\/\/alasiberia.com\/web\/pt-pt\/wp-json\/wp\/v2\/media?parent=1851"}],"curies":[{"name":"wp","href":"https:\/\/api.w.org\/{rel}","templated":true}]}}