{"id":167,"date":"2023-06-26T12:26:16","date_gmt":"2023-06-26T10:26:16","guid":{"rendered":"https:\/\/alasiberia.com\/web\/?page_id=167"},"modified":"2023-06-26T12:28:40","modified_gmt":"2023-06-26T10:28:40","slug":"politica-de-privacidad","status":"publish","type":"page","link":"https:\/\/alasiberia.com\/web\/politica-de-privacidad\/","title":{"rendered":"Pol\u00edtica de Privacidad"},"content":{"rendered":"<div class=\"fusion-fullwidth fullwidth-box fusion-builder-row-1 fusion-flex-container has-pattern-background has-mask-background nonhundred-percent-fullwidth non-hundred-percent-height-scrolling\" style=\"--awb-border-radius-top-left:0px;--awb-border-radius-top-right:0px;--awb-border-radius-bottom-right:0px;--awb-border-radius-bottom-left:0px;--awb-margin-top:130px;--awb-flex-wrap:wrap;\" ><div class=\"fusion-builder-row fusion-row fusion-flex-align-items-flex-start fusion-flex-content-wrap\" style=\"max-width:1248px;margin-left: calc(-4% \/ 2 );margin-right: calc(-4% \/ 2 );\"><div class=\"fusion-layout-column fusion_builder_column fusion-builder-column-0 fusion_builder_column_3_5 3_5 fusion-flex-column\" style=\"--awb-bg-size:cover;--awb-width-large:60%;--awb-margin-top-large:0px;--awb-spacing-right-large:3.2%;--awb-margin-bottom-large:20px;--awb-spacing-left-large:3.2%;--awb-width-medium:60%;--awb-order-medium:0;--awb-spacing-right-medium:3.2%;--awb-spacing-left-medium:3.2%;--awb-width-small:100%;--awb-order-small:0;--awb-spacing-right-small:1.92%;--awb-spacing-left-small:1.92%;\"><div class=\"fusion-column-wrapper fusion-column-has-shadow fusion-flex-justify-content-flex-start fusion-content-layout-column\"><div class=\"fusion-title title fusion-title-1 fusion-sep-none fusion-title-text fusion-title-size-one\" style=\"--awb-margin-top-small:10px;--awb-margin-right-small:0px;--awb-margin-bottom-small:10px;--awb-margin-left-small:0px;\"><h1 class=\"fusion-title-heading title-heading-left\" style=\"margin:0;\">POL\u00cdTICA DE PRIVACIDAD<\/h1><\/div><div class=\"fusion-separator\" style=\"align-self: flex-start;margin-right:auto;margin-top:30px;margin-bottom:30px;width:100%;max-width:20%;\"><div class=\"fusion-separator-border sep-single sep-solid\" style=\"--awb-height:20px;--awb-amount:20px;--awb-sep-color:var(--awb-color6);border-color:var(--awb-color6);border-top-width:3px;\"><\/div><\/div><div class=\"fusion-text fusion-text-1\" style=\"--awb-content-alignment:justify;\"><p>ALAS IBERA S.A.U. pone a su disposici\u00f3n la informaci\u00f3n relativa al tratamiento de datos realizado a trav\u00e9s de su p\u00e1gina web de conformidad a lo establecido en el Reglamento (UE) 2016\/679 de Protecci\u00f3n de Datos y en la Ley Org\u00e1nica 3\/2018 de 5 de diciembre de Protecci\u00f3n de Datos Personales y Garant\u00eda de los Derechos Digitales.<\/p>\n<h3>Finalidad para la que tratamos sus datos personales<\/h3>\n<p>En ALAS IBERIA tratamos los datos personales que nos facilite para las siguientes finalidades:<\/p>\n<ol>\n<li>Gesti\u00f3n de la relaci\u00f3n con el cliente, facturaci\u00f3n y cobro en cumplimiento del contrato establecido entre ambas partes.<\/li>\n<li>Gesti\u00f3n de las relaciones con proveedores, facturaci\u00f3n y pago en cumpliemitno del contrato establecido entre ambas partes.<\/li>\n<li>Tramitaci\u00f3n de las solicitudes de informaci\u00f3n o comunicaciones en base al consentimiento otorgado en la solicitud, el inter\u00e9s leg\u00edtimo de Alas Iberia para dar cumplimiento a su requerimiento.<\/li>\n<li>Env\u00edo de comunicaciones comerciales a nuestros clientes a fin de mantenerles informados sobre nuestros productos, en base a la relaci\u00f3n contractual previamente existente entre las partes.<\/li>\n<li>Tramitaci\u00f3n de curr\u00edculums de posibles candidatos en base al consentimiento protestado por los mismos.<\/li>\n<li>Atender a las solicitudes de ejercicio de derechos por los titulares de los datos, en cumplimiento de la correspondiente obligaci\u00f3n legal<\/li>\n<\/ol>\n<h3>Legitimaci\u00f3n<\/h3>\n<p>El tratamiento de sus datos personales se realiza en base al cumplimiento de las correspondientes obligaciones legales y contractuales, en cumplimiento del inter\u00e9s leg\u00edtimo de ALAS IBERIA y, en los casos en que sea necesario, con consentimiento expreso prestado por usted.<\/p>\n<h3>Plazo de conservaci\u00f3n de los datos<\/h3>\n<p>Los datos personales proporcionados ser\u00e1n conservados durante el tiempo necesario para cumplir la finalidad para la que son solicitados y hasta que concluya el plazo legal de las posibles responsabilidades que se puedan derivar de la finalidad del tratamiento as\u00ed para dar cumplimiento a otras obligaciones de archivo y conservaci\u00f3n previstas por la ley.<\/p>\n<h3>Comunicaci\u00f3n de datos<\/h3>\n<p>ALAS IBERIA le informa que no ceder\u00e1 sus datos a terceros salvo en los casos siguientes:<\/p>\n<ul>\n<li>Administraciones p\u00fablicas competentes, incluidos Jueces y Tribunales, en los casos previstos en la Ley.<\/li>\n<li>Cuando sea necesario en cumplimiento de un contrato con encargados de tratamiento, a quienes se exigir\u00e1n, en todo caso, el cumplimiento de las obligaciones establecidas en el Reglamento (UE) 2016\/679 de Protecci\u00f3n de Datos y en la Ley Org\u00e1nica 3\/2018 de 5 de diciembre de Protecci\u00f3n de Datos Personales<\/li>\n<\/ul>\n<p>No se efectuar\u00e1n cesiones internacionales de datos por parte ALAS IBERIA.<\/p>\n<h3>Medidas de seguridad<\/h3>\n<p>ALAS IBERIA dispone de las medidas de seguridad necesarias para la protecci\u00f3n de sus datos personales, adecuadas a la naturaleza de los mismos y a las actividades de tratamiento que se llevan a cabo.<\/p>\n<h3>Derechos de los interesados<\/h3>\n<p>Los titulares de los datos pueden ejercitar sus derechos de acceso, rectificaci\u00f3n, supresi\u00f3n, portabilidad, oposici\u00f3n y limitaci\u00f3n al tratamiento de sus datos, con los l\u00edmites derivados de la existencia de la relaci\u00f3n laboral. Para el ejercicio de tales derechos puede dirigir un correo postal al \u00c1rea de Recursos Humanos de Alas Iberia, Avenida de Laviana S\/N, Cia\u00f1o, 33930 Langreo, Asturias, o a trav\u00e9s del correo electr\u00f3nico lopd@alasiberia.com\/web<\/p>\n<p>As\u00ed mismo, cuando el tratamiento de los datos est\u00e9 basado en el consentimiento tiene derecho a revocarlo en los t\u00e9rminos y condiciones establecidos en la vigente normativa de protecci\u00f3n de datos.<\/p>\n<p>Asimismo, para solicitar cualquier informaci\u00f3n o en caso de vulneraci\u00f3n de sus derechos, se le informa que podr\u00e1 presentar una reclamaci\u00f3n ante la Agencia Espa\u00f1ola de Protecci\u00f3n de Datos (www.aepd) en la Calle Jorge Juan n.\u00ba 6- 28001, Madrid.<\/p>\n<\/div><div class=\"fusion-separator\" style=\"align-self: flex-start;margin-right:auto;margin-top:30px;margin-bottom:30px;width:100%;max-width:20%;\"><div class=\"fusion-separator-border sep-single sep-solid\" style=\"--awb-height:20px;--awb-amount:20px;--awb-sep-color:var(--awb-color6);border-color:var(--awb-color6);border-top-width:3px;\"><\/div><\/div><\/div><\/div><div class=\"fusion-layout-column fusion_builder_column fusion-builder-column-1 fusion_builder_column_2_5 2_5 fusion-flex-column fusion-flex-align-self-flex-start\" style=\"--awb-padding-top:40PX;--awb-padding-left:20PX;--awb-overflow:hidden;--awb-bg-size:cover;--awb-border-color:var(--awb-color7);--awb-border-top:2PX;--awb-border-right:2PX;--awb-border-bottom:2PX;--awb-border-left:2PX;--awb-border-style:solid;--awb-border-radius:90PX 0px 0px 0px;--awb-width-large:40%;--awb-margin-top-large:100PX;--awb-spacing-right-large:4.8%;--awb-margin-bottom-large:20px;--awb-spacing-left-large:4.8%;--awb-width-medium:40%;--awb-order-medium:0;--awb-spacing-right-medium:4.8%;--awb-spacing-left-medium:4.8%;--awb-width-small:100%;--awb-order-small:0;--awb-spacing-right-small:1.92%;--awb-spacing-left-small:1.92%;\" data-scroll-devices=\"small-visibility,medium-visibility,large-visibility\"><div class=\"fusion-column-wrapper fusion-column-has-shadow fusion-flex-justify-content-center fusion-content-layout-column\"><div class=\"fusion-text fusion-text-2\"><h4><span style=\"color: #898989;\"><strong>Responsable de Tratamiento<\/strong><\/span><\/h4>\n<p><span style=\"color: #898989;\">Nombre \/ raz\u00f3n social: <strong>ALAS IBERIA S.L.U<\/strong><\/span><\/p>\n<ul>\n<li><span style=\"color: #898989;\"><strong>CIF:<\/strong> B74357922<\/span><\/li>\n<li><span style=\"color: #898989;\"><strong>Direcci\u00f3n:<\/strong> Domicilio en Avenida de Laviana S\/N, Cia\u00f1o CP 33930, Langreo, Asturias,<\/span><\/li>\n<li><span style=\"color: #898989;\"><strong>Tel\u00e9fono<\/strong> 985989600<\/span><\/li>\n<li><span style=\"color: #898989;\"><strong>Email:<\/strong> lopd@alasiberia.com\/web<\/span><\/li>\n<\/ul>\n<\/div><\/div><\/div><\/div><\/div>\n","protected":false},"excerpt":{"rendered":"","protected":false},"author":1,"featured_media":0,"parent":0,"menu_order":0,"comment_status":"closed","ping_status":"closed","template":"100-width.php","meta":{"footnotes":""},"class_list":["post-167","page","type-page","status-publish","hentry"],"_links":{"self":[{"href":"https:\/\/alasiberia.com\/web\/wp-json\/wp\/v2\/pages\/167","targetHints":{"allow":["GET"]}}],"collection":[{"href":"https:\/\/alasiberia.com\/web\/wp-json\/wp\/v2\/pages"}],"about":[{"href":"https:\/\/alasiberia.com\/web\/wp-json\/wp\/v2\/types\/page"}],"author":[{"embeddable":true,"href":"https:\/\/alasiberia.com\/web\/wp-json\/wp\/v2\/users\/1"}],"replies":[{"embeddable":true,"href":"https:\/\/alasiberia.com\/web\/wp-json\/wp\/v2\/comments?post=167"}],"version-history":[{"count":5,"href":"https:\/\/alasiberia.com\/web\/wp-json\/wp\/v2\/pages\/167\/revisions"}],"predecessor-version":[{"id":172,"href":"https:\/\/alasiberia.com\/web\/wp-json\/wp\/v2\/pages\/167\/revisions\/172"}],"wp:attachment":[{"href":"https:\/\/alasiberia.com\/web\/wp-json\/wp\/v2\/media?parent=167"}],"curies":[{"name":"wp","href":"https:\/\/api.w.org\/{rel}","templated":true}]}}