{"id":173,"date":"2023-06-26T12:29:40","date_gmt":"2023-06-26T10:29:40","guid":{"rendered":"https:\/\/alasiberia.com\/web\/?page_id=173"},"modified":"2023-06-27T21:08:37","modified_gmt":"2023-06-27T19:08:37","slug":"politica-de-cookies","status":"publish","type":"page","link":"https:\/\/alasiberia.com\/web\/politica-de-cookies\/","title":{"rendered":"Pol\u00edtica de Cookies"},"content":{"rendered":"<div class=\"fusion-fullwidth fullwidth-box fusion-builder-row-1 fusion-flex-container has-pattern-background has-mask-background nonhundred-percent-fullwidth non-hundred-percent-height-scrolling\" style=\"--awb-border-radius-top-left:0px;--awb-border-radius-top-right:0px;--awb-border-radius-bottom-right:0px;--awb-border-radius-bottom-left:0px;--awb-margin-top:130px;--awb-flex-wrap:wrap;\" ><div class=\"fusion-builder-row fusion-row fusion-flex-align-items-flex-start fusion-flex-content-wrap\" style=\"max-width:1248px;margin-left: calc(-4% \/ 2 );margin-right: calc(-4% \/ 2 );\"><div class=\"fusion-layout-column fusion_builder_column fusion-builder-column-0 fusion_builder_column_3_5 3_5 fusion-flex-column\" style=\"--awb-bg-size:cover;--awb-width-large:60%;--awb-margin-top-large:0px;--awb-spacing-right-large:3.2%;--awb-margin-bottom-large:20px;--awb-spacing-left-large:3.2%;--awb-width-medium:60%;--awb-order-medium:0;--awb-spacing-right-medium:3.2%;--awb-spacing-left-medium:3.2%;--awb-width-small:100%;--awb-order-small:0;--awb-spacing-right-small:1.92%;--awb-spacing-left-small:1.92%;\"><div class=\"fusion-column-wrapper fusion-column-has-shadow fusion-flex-justify-content-flex-start fusion-content-layout-column\"><div class=\"fusion-title title fusion-title-1 fusion-sep-none fusion-title-text fusion-title-size-one\" style=\"--awb-margin-top-small:10px;--awb-margin-right-small:0px;--awb-margin-bottom-small:10px;--awb-margin-left-small:0px;\"><h1 class=\"fusion-title-heading title-heading-left\" style=\"margin:0;\">POL\u00cdTICA DE COOKIES<\/h1><\/div><div class=\"fusion-separator\" style=\"align-self: flex-start;margin-right:auto;margin-top:30px;margin-bottom:30px;width:100%;max-width:20%;\"><div class=\"fusion-separator-border sep-single sep-solid\" style=\"--awb-height:20px;--awb-amount:20px;--awb-sep-color:var(--awb-color6);border-color:var(--awb-color6);border-top-width:3px;\"><\/div><\/div><div class=\"fusion-text fusion-text-1\" style=\"--awb-content-alignment:justify;\"><p>En cumplimiento de la Ley 34\/2002, de 11 de julio, de Servicios de la Sociedad de la Informaci\u00f3n y Comercio Electr\u00f3nico le informamos de que este sitio Web, al igual que la mayor\u00eda de los sitios en Internet, usa cookies para mejorar y optimizar la experiencia del usuario. A continuaci\u00f3n encontrar\u00e1 informaci\u00f3n detallada sobre qu\u00e9 son las cookies, qu\u00e9 tipolog\u00eda utiliza este sitio Web, c\u00f3mo cambiar la configuraci\u00f3n de sus cookies, y qu\u00e9 ocurre si deshabilita las cookies.<\/p>\n<h3>\u00bfQu\u00e9 son las cookies?<\/h3>\n<p>Una cookie es un peque\u00f1o archivo que se descarga en el equipo del usuario con la finalidad de almacenar datos, los cuales podr\u00e1n ser actualizados y recuperados por la entidad responsable de su instalaci\u00f3n.<\/p>\n<h3>\u00bfQu\u00e9 tipo de cookies utiliza esta p\u00e1gina Web?<\/h3>\n<p>A continuaci\u00f3n se muestra una tabla con las cookies utilizadas en este sitio Web:<\/p>\n<\/div><div class=\"fusion-separator\" style=\"align-self: flex-start;margin-right:auto;margin-top:30px;margin-bottom:30px;width:100%;max-width:20%;\"><div class=\"fusion-separator-border sep-single sep-solid\" style=\"--awb-height:20px;--awb-amount:20px;--awb-sep-color:var(--awb-color6);border-color:var(--awb-color6);border-top-width:3px;\"><\/div><\/div><\/div><\/div><div class=\"fusion-layout-column fusion_builder_column fusion-builder-column-1 fusion_builder_column_3_4 3_4 fusion-flex-column\" style=\"--awb-bg-size:cover;--awb-width-large:75%;--awb-margin-top-large:0px;--awb-spacing-right-large:2.56%;--awb-margin-bottom-large:20px;--awb-spacing-left-large:2.56%;--awb-width-medium:75%;--awb-order-medium:0;--awb-spacing-right-medium:2.56%;--awb-spacing-left-medium:2.56%;--awb-width-small:100%;--awb-order-small:0;--awb-spacing-right-small:1.92%;--awb-spacing-left-small:1.92%;\"><div class=\"fusion-column-wrapper fusion-column-has-shadow fusion-flex-justify-content-flex-start fusion-content-layout-column\">\n<div class=\"table-2\">\n<table width=\"100%\">\n<thead>\n<tr>\n<th align=\"left\">Nombre<\/th>\n<th align=\"left\">Duraci\u00f3n<\/th>\n<th align=\"left\">Descripci\u00f3n<\/th>\n<\/tr>\n<\/thead>\n<tbody>\n<tr>\n<td align=\"left\">__utma<\/td>\n<td align=\"left\">2 a\u00f1os desde la creaci\u00f3n\/actualizaci\u00f3n<\/td>\n<td align=\"left\"><strong>Google Analytics:<\/strong>\u00a0Se utiliza para distinguir a los usuarios y sesiones. La cookie se crea cuando la biblioteca JavaScript se ejecuta y existe una cookie\u00a0<em>__utma<\/em>\u00a0no existente. La cookie se actualiza cada vez que los datos se env\u00edan a Google Analytics.<\/td>\n<\/tr>\n<tr>\n<td align=\"left\">__utmb<\/td>\n<td align=\"left\">30 minutos desde la creaci\u00f3n\/actualizaci\u00f3n<\/td>\n<td align=\"left\"><strong>Google Analytics:<\/strong>\u00a0Se utiliza para determinar nuevas sesiones\/visitas. La cookie se crea cuando la biblioteca JavaScript se ejecuta y existe una cookie\u00a0<em>__utmb<\/em>\u00a0no existente. La cookie se actualiza cada vez que los datos se env\u00edan a Google Analytics.<\/td>\n<\/tr>\n<tr>\n<td align=\"left\">__utmc<\/td>\n<td align=\"left\">Al finalizar la sesi\u00f3n<\/td>\n<td align=\"left\"><strong>Google Analytics:<\/strong>\u00a0No se utiliza en\u00a0<em>ga.js<\/em>. Definido para interactuar con\u00a0<em>urchin.js<\/em>. Hist\u00f3ricamente, esta cookie operaba junto a la cookie\u00a0<em>__utmb<\/em>\u00a0para determinar si el usuario estaba en una nueva sesi\u00f3n\/visita.<\/td>\n<\/tr>\n<tr>\n<td align=\"left\">__utmz<\/td>\n<td align=\"left\">C60 minutos desde la creaci\u00f3n\/actualizaci\u00f3n<\/td>\n<td align=\"left\"><strong>Google Analytics:<\/strong>\u00a0Almacena el origen de tr\u00e1fico o campa\u00f1a que identifica c\u00f3mo el usuario lleg\u00f3 al sitio. La cookie se crea la biblioteca JavaScript se ejecuta y se actualiza cada vez que los datos se env\u00edan a Google Analytics.<\/td>\n<\/tr>\n<\/tbody>\n<\/table>\n<\/div>\n<\/div><\/div><div class=\"fusion-layout-column fusion_builder_column fusion-builder-column-2 fusion_builder_column_3_5 3_5 fusion-flex-column\" style=\"--awb-bg-size:cover;--awb-width-large:60%;--awb-margin-top-large:0px;--awb-spacing-right-large:3.2%;--awb-margin-bottom-large:20px;--awb-spacing-left-large:3.2%;--awb-width-medium:60%;--awb-order-medium:0;--awb-spacing-right-medium:3.2%;--awb-spacing-left-medium:3.2%;--awb-width-small:100%;--awb-order-small:0;--awb-spacing-right-small:1.92%;--awb-spacing-left-small:1.92%;\"><div class=\"fusion-column-wrapper fusion-column-has-shadow fusion-flex-justify-content-flex-start fusion-content-layout-column\"><div class=\"fusion-text fusion-text-2\" style=\"--awb-content-alignment:justify;\"><h3>\u00bfC\u00f3mo puede configurar sus cookies?<\/h3>\n<p>Al navegar y continuar en nuestro sitio Web estar\u00e1 consintiendo el uso de las cookies en las condiciones contenidas en la presente Pol\u00edtica de cookies. Usted como usuario tiene la posibilidad de ejercer su derecho a bloquear, eliminar y rechazar el uso de cookies, en todo momento, modificando las opciones de su navegador<\/p>\n<p>Por ejemplo:<\/p>\n<ul>\n<li><strong>Internet Explorer:<\/strong> Herramientas &gt; Opciones de Internet &gt; Privacidad &gt; Configuraci\u00f3n (Para m\u00e1s informaci\u00f3n, puede consultar el soporte de Microsoft o la Ayuda del navegador)<\/li>\n<li><strong>Mozilla Firefox:<\/strong> Herramientas &gt; Opciones &gt; Privacidad &gt; Historial &gt; Configuraci\u00f3n Personalizada (Para m\u00e1s informaci\u00f3n, puede consultar el soporte de Mozilla o la Ayuda del navegador)<\/li>\n<li><strong>Google Chrome:<\/strong> Configuraci\u00f3n &gt; Mostrar opciones avanzadas &gt; Privacidad -&gt; Configuraci\u00f3n de contenido (Para m\u00e1s informaci\u00f3n, puede consultar el soporte de Google o la Ayuda del navegador)<\/li>\n<li><strong>Safari:<\/strong> Preferencias &gt; Seguridad (Para m\u00e1s informaci\u00f3n, puede consultar el soporte de Apple o la Ayuda del navegador)<\/li>\n<li><strong>Opera:<\/strong> Configuraci\u00f3n &gt; Opciones &gt; Avanzado &gt; cookies (Para m\u00e1s informaci\u00f3n, puede consultar el soporte de Opera o la Ayuda del navegador)<br \/>\nSi usa otro navegador distinto a los anteriores, consulte su pol\u00edtica de instalaci\u00f3n, uso y bloqueo de cookies.<\/li>\n<\/ul>\n<h3>\u00bfQu\u00e9 ocurre si se deshabilitan las cookies?<\/h3>\n<p>Algunas funcionalidades de los Servicios o \u00e1reas de este sitio Web podr\u00edan no funcionar correctamente.<\/p>\n<h3>\u00bfActualizamos nuestra pol\u00edtica de cookies?<\/h3>\n<p>Es posible que actualicemos la pol\u00edtica de cookies de nuestra p\u00e1gina Web, por ello, le recomendamos revisar esta pol\u00edtica cada vez que acceda a nuestro sitio Web con el objetivo de estar adecuadamente informado sobre c\u00f3mo y para que \u00fasamos las cookies.<\/p>\n<\/div><\/div><\/div><\/div><\/div>\n","protected":false},"excerpt":{"rendered":"","protected":false},"author":1,"featured_media":0,"parent":0,"menu_order":0,"comment_status":"closed","ping_status":"closed","template":"100-width.php","meta":{"footnotes":""},"class_list":["post-173","page","type-page","status-publish","hentry"],"_links":{"self":[{"href":"https:\/\/alasiberia.com\/web\/wp-json\/wp\/v2\/pages\/173","targetHints":{"allow":["GET"]}}],"collection":[{"href":"https:\/\/alasiberia.com\/web\/wp-json\/wp\/v2\/pages"}],"about":[{"href":"https:\/\/alasiberia.com\/web\/wp-json\/wp\/v2\/types\/page"}],"author":[{"embeddable":true,"href":"https:\/\/alasiberia.com\/web\/wp-json\/wp\/v2\/users\/1"}],"replies":[{"embeddable":true,"href":"https:\/\/alasiberia.com\/web\/wp-json\/wp\/v2\/comments?post=173"}],"version-history":[{"count":4,"href":"https:\/\/alasiberia.com\/web\/wp-json\/wp\/v2\/pages\/173\/revisions"}],"predecessor-version":[{"id":177,"href":"https:\/\/alasiberia.com\/web\/wp-json\/wp\/v2\/pages\/173\/revisions\/177"}],"wp:attachment":[{"href":"https:\/\/alasiberia.com\/web\/wp-json\/wp\/v2\/media?parent=173"}],"curies":[{"name":"wp","href":"https:\/\/api.w.org\/{rel}","templated":true}]}}