{"id":197,"date":"2023-06-26T13:16:09","date_gmt":"2023-06-26T11:16:09","guid":{"rendered":"https:\/\/alasiberia.com\/web\/?page_id=197"},"modified":"2023-08-02T13:15:42","modified_gmt":"2023-08-02T11:15:42","slug":"lacado","status":"publish","type":"page","link":"https:\/\/alasiberia.com\/web\/procesos\/lacado\/","title":{"rendered":"Lacado"},"content":{"rendered":"<div class=\"fusion-fullwidth fullwidth-box fusion-builder-row-1 fusion-flex-container has-pattern-background has-mask-background nonhundred-percent-fullwidth non-hundred-percent-height-scrolling\" style=\"--awb-border-radius-top-left:0px;--awb-border-radius-top-right:0px;--awb-border-radius-bottom-right:0px;--awb-border-radius-bottom-left:0px;--awb-margin-top:130px;--awb-flex-wrap:wrap;\" ><div class=\"fusion-builder-row fusion-row fusion-flex-align-items-flex-start fusion-flex-justify-content-center fusion-flex-content-wrap\" style=\"max-width:calc( 1200px + 90px );margin-left: calc(-90px \/ 2 );margin-right: calc(-90px \/ 2 );\"><div class=\"fusion-layout-column fusion_builder_column fusion-builder-column-0 fusion_builder_column_3_5 3_5 fusion-flex-column\" style=\"--awb-bg-size:cover;--awb-width-large:60%;--awb-margin-top-large:0px;--awb-spacing-right-large:45px;--awb-margin-bottom-large:20px;--awb-spacing-left-large:45px;--awb-width-medium:60%;--awb-order-medium:0;--awb-spacing-right-medium:45px;--awb-spacing-left-medium:45px;--awb-width-small:100%;--awb-order-small:0;--awb-spacing-right-small:45px;--awb-spacing-left-small:45px;\"><div class=\"fusion-column-wrapper fusion-column-has-shadow fusion-flex-justify-content-flex-start fusion-content-layout-column\"><div class=\"fusion-title title fusion-title-1 fusion-sep-none fusion-title-text fusion-title-size-one\" style=\"--awb-margin-top-small:10px;--awb-margin-right-small:0px;--awb-margin-bottom-small:10px;--awb-margin-left-small:0px;\"><h1 class=\"fusion-title-heading title-heading-left\" style=\"margin:0;\">LACADO<\/h1><\/div><div class=\"fusion-separator\" style=\"align-self: flex-start;margin-right:auto;margin-top:30px;margin-bottom:30px;width:100%;max-width:20%;\"><div class=\"fusion-separator-border sep-single sep-solid\" style=\"--awb-height:20px;--awb-amount:20px;--awb-sep-color:var(--awb-color6);border-color:var(--awb-color6);border-top-width:3px;\"><\/div><\/div><div class=\"fusion-text fusion-text-1\" style=\"--awb-content-alignment:justify;\"><p>Los modernos procedimientos de lacado aportan al aluminio grandes posibilidades de coloraci\u00f3n y permiten darle aspectos de superficie totalmente novedosos con una adecuada protecci\u00f3n.<\/p>\n<p>En ALAS IBERIA disponemos de dos l\u00edneas de lacado totalmente automatizado. Una vertical con pre tratamiento \u00aben cascada\u00bb con dos cabinas de aplicaci\u00f3n multicolor para perfiles de aluminio exclusivamente. Y otra horizontal y de proceso continuo para pre tratamiento por aspersi\u00f3n para todo tipo de piezas en aluminio y otros metales.<\/p>\n<\/div><div class=\"fusion-image-element \" style=\"text-align:center;--awb-max-width:;--awb-caption-title-font-family:var(--h2_typography-font-family);--awb-caption-title-font-weight:var(--h2_typography-font-weight);--awb-caption-title-font-style:var(--h2_typography-font-style);--awb-caption-title-size:var(--h2_typography-font-size);--awb-caption-title-transform:var(--h2_typography-text-transform);--awb-caption-title-line-height:var(--h2_typography-line-height);--awb-caption-title-letter-spacing:var(--h2_typography-letter-spacing);\"><span class=\" fusion-imageframe imageframe-none imageframe-1 hover-type-none\"><img decoding=\"async\" width=\"1024\" height=\"571\" title=\"lacado-en-cascada-alas-iberia\" src=\"https:\/\/alasiberia.com\/web\/wp-content\/uploads\/2023\/06\/lacado-en-cascada-alas-iberia-e1687780178896-1024x571.jpg\" alt class=\"img-responsive wp-image-206\" srcset=\"https:\/\/alasiberia.com\/web\/wp-content\/uploads\/2023\/06\/lacado-en-cascada-alas-iberia-e1687780178896-200x111.jpg 200w, https:\/\/alasiberia.com\/web\/wp-content\/uploads\/2023\/06\/lacado-en-cascada-alas-iberia-e1687780178896-400x223.jpg 400w, https:\/\/alasiberia.com\/web\/wp-content\/uploads\/2023\/06\/lacado-en-cascada-alas-iberia-e1687780178896-600x334.jpg 600w, https:\/\/alasiberia.com\/web\/wp-content\/uploads\/2023\/06\/lacado-en-cascada-alas-iberia-e1687780178896-800x446.jpg 800w, https:\/\/alasiberia.com\/web\/wp-content\/uploads\/2023\/06\/lacado-en-cascada-alas-iberia-e1687780178896-1200x669.jpg 1200w, https:\/\/alasiberia.com\/web\/wp-content\/uploads\/2023\/06\/lacado-en-cascada-alas-iberia-e1687780178896.jpg 1500w\" sizes=\"(max-width: 640px) 100vw, 800px\" \/><\/span><\/div><div class=\"fusion-text fusion-text-2\" style=\"--awb-content-alignment:justify;--awb-margin-top:15px;\"><p>En ambas l\u00edneas modificamos la superficie del metal en la fase de pre tratamiento mediante una capa de conversi\u00f3n \u00absin cromo\u00bb; utilizando solamente <strong>pinturas ecol\u00f3gicas<\/strong>, sin metales pesados ni productos catalogados como peligrosos, anticip\u00e1ndoos a la normativa mundial que prohibir\u00e1 su uso.<\/p>\n<\/div><div class=\"fusion-title title fusion-title-2 fusion-no-small-visibility fusion-sep-none fusion-title-text fusion-title-size-two\" style=\"--awb-text-color:var(--awb-color7);--awb-margin-top:40px;--awb-margin-left:20px;--awb-margin-top-small:10px;--awb-margin-right-small:0px;--awb-margin-bottom-small:10px;--awb-margin-left-small:0px;\"><h2 class=\"fusion-title-heading title-heading-left\" style=\"margin:0;\">Dos l\u00edneas de lacado automatizado con<br \/>calidad certificada y clase SEASIDE.<\/h2><\/div><div class=\"fusion-title title fusion-title-3 fusion-no-medium-visibility fusion-no-large-visibility fusion-sep-none fusion-title-text fusion-title-size-two\" style=\"--awb-text-color:var(--awb-color7);--awb-margin-top:40px;--awb-margin-left:20px;--awb-margin-top-small:10px;--awb-margin-right-small:0px;--awb-margin-bottom-small:10px;--awb-margin-left-small:0px;\"><h2 class=\"fusion-title-heading title-heading-left\" style=\"margin:0;\">Dos l\u00edneas de lacado<br \/>\nautomatizado con<br \/>\ncalidad certificada<br \/>\ny clase SEASIDE.<\/h2><\/div><div class=\"fusion-separator\" style=\"align-self: flex-start;margin-right:auto;margin-top:30px;margin-bottom:30px;width:100%;max-width:20%;\"><div class=\"fusion-separator-border sep-single sep-solid\" style=\"--awb-height:20px;--awb-amount:20px;--awb-sep-color:var(--awb-color6);border-color:var(--awb-color6);border-top-width:3px;\"><\/div><\/div><div class=\"fusion-text fusion-text-3\" style=\"--awb-content-alignment:justify;\"><p>Todo el proceso, as\u00ed como las materias primas que intervienen en el mismo, est\u00e1 sometido a un exhaustivo control de calidad de conformidad con las normativas europeas y la <strong>Marca de Calidad QUALICOAT<\/strong> que permite obtener la clase <strong>SEASIDE CLASS.<\/strong><\/p>\n<p>Los procedimientos de lacado aportan al aluminio gran diversidad de colores, con acabados especiales realizados mediante un proceso de transferencia por sublimaci\u00f3n consiguiendo diversos efectos: madera, m\u00e1rmol, granito y otras fantas\u00edas, manteniendo siempre constante la calidad del sello QUALIDECO.<\/p>\n<\/div><\/div><\/div><div class=\"fusion-layout-column fusion_builder_column fusion-builder-column-1 fusion_builder_column_1_3 1_3 fusion-flex-column fusion-flex-align-self-flex-end\" style=\"--awb-bg-size:cover;--awb-width-large:33.333333333333%;--awb-margin-top-large:0px;--awb-spacing-right-large:45px;--awb-margin-bottom-large:20px;--awb-spacing-left-large:45px;--awb-width-medium:33.333333333333%;--awb-order-medium:0;--awb-spacing-right-medium:45px;--awb-spacing-left-medium:45px;--awb-width-small:100%;--awb-order-small:0;--awb-spacing-right-small:45px;--awb-spacing-left-small:45px;\" data-scroll-devices=\"small-visibility,medium-visibility,large-visibility\"><div class=\"fusion-column-wrapper fusion-column-has-shadow fusion-flex-justify-content-center fusion-content-layout-column\"><div style=\"text-align:center;\"><a class=\"fusion-button button-flat fusion-button-default-size button-custom fusion-button-default button-1 fusion-button-span-yes fusion-button-default-type fusion-animated\" style=\"--button_accent_color:var(--awb-color7);--button_border_color:var(--awb-color7);--button_accent_hover_color:var(--awb-color1);--button_border_hover_color:var(--awb-color4);--button_border_width-top:2px;--button_border_width-right:2px;--button_border_width-bottom:2px;--button_border_width-left:2px;--button-border-radius-top-left:90px;--button_gradient_top_color:var(--awb-color3);--button_gradient_bottom_color:var(--awb-color3);--button_gradient_top_color_hover:var(--awb-color4);--button_gradient_bottom_color_hover:var(--awb-color4);--button_font_size:20px;--button_typography-font-family:&quot;Barlow Condensed&quot;;--button_typography-font-style:normal;--button_typography-font-weight:600;--button_margin-bottom:6PX;\" data-animationType=\"fadeInDown\" data-animationDuration=\"0.8\" data-animationDelay=\"0.3\" data-animationOffset=\"top-into-view\" target=\"_self\" href=\"https:\/\/alasiberia.com\/web\/extrusion\/\"><span class=\"fusion-button-text awb-button__text awb-button__text--default\">EXTRUSI\u00d3N<\/span><\/a><\/div><div style=\"text-align:center;\"><a class=\"fusion-button button-flat fusion-button-default-size button-custom fusion-button-default button-2 fusion-button-span-yes fusion-button-default-type fusion-animated\" style=\"--button_accent_color:var(--awb-color7);--button_border_color:var(--awb-color7);--button_accent_hover_color:var(--awb-color1);--button_border_hover_color:var(--awb-color4);--button_border_width-top:2px;--button_border_width-right:2px;--button_border_width-bottom:2px;--button_border_width-left:2px;--button-border-radius-top-left:0px;--button-border-radius-top-right:0px;--button-border-radius-bottom-right:0px;--button-border-radius-bottom-left:0px;--button_gradient_top_color:var(--awb-color3);--button_gradient_bottom_color:var(--awb-color3);--button_gradient_top_color_hover:var(--awb-color4);--button_gradient_bottom_color_hover:var(--awb-color4);--button_font_size:20px;--button_typography-font-family:&quot;Barlow Condensed&quot;;--button_typography-font-style:normal;--button_typography-font-weight:600;--button_margin-bottom:6PX;\" data-animationType=\"fadeInDown\" data-animationDuration=\"0.8\" data-animationDelay=\"0.6\" data-animationOffset=\"top-into-view\" target=\"_self\" href=\"https:\/\/alasiberia.com\/web\/lacado\/\"><span class=\"fusion-button-text awb-button__text awb-button__text--default\">LACADO<\/span><\/a><\/div><div style=\"text-align:center;\"><a class=\"fusion-button button-flat fusion-button-default-size button-custom fusion-button-default button-3 fusion-button-span-yes fusion-button-default-type fusion-animated\" style=\"--button_accent_color:var(--awb-color7);--button_border_color:var(--awb-color7);--button_accent_hover_color:var(--awb-color1);--button_border_hover_color:var(--awb-color4);--button_border_width-top:2px;--button_border_width-right:2px;--button_border_width-bottom:2px;--button_border_width-left:2px;--button-border-radius-top-left:0px;--button-border-radius-top-right:0px;--button-border-radius-bottom-right:0px;--button-border-radius-bottom-left:0px;--button_gradient_top_color:var(--awb-color3);--button_gradient_bottom_color:var(--awb-color3);--button_gradient_top_color_hover:var(--awb-color4);--button_gradient_bottom_color_hover:var(--awb-color4);--button_font_size:20px;--button_typography-font-family:&quot;Barlow Condensed&quot;;--button_typography-font-style:normal;--button_typography-font-weight:600;--button_margin-bottom:6PX;\" data-animationType=\"fadeInDown\" data-animationDuration=\"0.8\" data-animationDelay=\"0.9\" data-animationOffset=\"top-into-view\" target=\"_self\" href=\"https:\/\/alasiberia.com\/web\/anodizado\/\"><span class=\"fusion-button-text awb-button__text awb-button__text--default\">ANODIZADO<\/span><\/a><\/div><div style=\"text-align:center;\"><a class=\"fusion-button button-flat fusion-button-default-size button-custom fusion-button-default button-4 fusion-button-span-yes fusion-button-default-type fusion-animated\" style=\"--button_accent_color:var(--awb-color7);--button_border_color:var(--awb-color7);--button_accent_hover_color:var(--awb-color1);--button_border_hover_color:var(--awb-color4);--button_border_width-top:2px;--button_border_width-right:2px;--button_border_width-bottom:2px;--button_border_width-left:2px;--button-border-radius-top-left:0px;--button-border-radius-top-right:0px;--button-border-radius-bottom-right:0px;--button-border-radius-bottom-left:0px;--button_gradient_top_color:var(--awb-color3);--button_gradient_bottom_color:var(--awb-color3);--button_gradient_top_color_hover:var(--awb-color4);--button_gradient_bottom_color_hover:var(--awb-color4);--button_font_size:20px;--button_typography-font-family:&quot;Barlow Condensed&quot;;--button_typography-font-style:normal;--button_typography-font-weight:600;--button_margin-bottom:6PX;\" data-animationType=\"fadeInDown\" data-animationDuration=\"0.8\" data-animationDelay=\"1.2\" data-animationOffset=\"top-into-view\" target=\"_self\" href=\"https:\/\/alasiberia.com\/web\/ensamblado\/\"><span class=\"fusion-button-text awb-button__text awb-button__text--default\">ENSAMBLADO<\/span><\/a><\/div><div style=\"text-align:center;\"><a class=\"fusion-button button-flat fusion-button-default-size button-custom fusion-button-default button-5 fusion-button-span-yes fusion-button-default-type fusion-animated\" style=\"--button_accent_color:var(--awb-color7);--button_border_color:var(--awb-color7);--button_accent_hover_color:var(--awb-color1);--button_border_hover_color:var(--awb-color4);--button_border_width-top:2px;--button_border_width-right:2px;--button_border_width-bottom:2px;--button_border_width-left:2px;--button-border-radius-top-left:0px;--button-border-radius-top-right:0px;--button-border-radius-bottom-right:0px;--button-border-radius-bottom-left:0px;--button_gradient_top_color:var(--awb-color3);--button_gradient_bottom_color:var(--awb-color3);--button_gradient_top_color_hover:var(--awb-color4);--button_gradient_bottom_color_hover:var(--awb-color4);--button_font_size:20px;--button_typography-font-family:&quot;Barlow Condensed&quot;;--button_typography-font-style:normal;--button_typography-font-weight:600;--button_margin-bottom:6PX;\" data-animationType=\"fadeInDown\" data-animationDuration=\"0.8\" data-animationDelay=\"1.5\" data-animationOffset=\"top-into-view\" target=\"_self\" href=\"https:\/\/alasiberia.com\/web\/mecanizado\/\"><span class=\"fusion-button-text awb-button__text awb-button__text--default\">MECANIZADO<\/span><\/a><\/div><div style=\"text-align:center;\"><a class=\"fusion-button button-flat fusion-button-default-size button-custom fusion-button-default button-6 fusion-button-span-yes fusion-button-default-type fusion-animated\" style=\"--button_accent_color:var(--awb-color7);--button_border_color:var(--awb-color7);--button_accent_hover_color:var(--awb-color1);--button_border_hover_color:var(--awb-color4);--button_border_width-top:2px;--button_border_width-right:2px;--button_border_width-bottom:2px;--button_border_width-left:2px;--button-border-radius-top-left:0px;--button-border-radius-top-right:0px;--button-border-radius-bottom-right:0PX;--button-border-radius-bottom-left:0px;--button_gradient_top_color:var(--awb-color3);--button_gradient_bottom_color:var(--awb-color3);--button_gradient_top_color_hover:var(--awb-color4);--button_gradient_bottom_color_hover:var(--awb-color4);--button_font_size:20px;--button_typography-font-family:&quot;Barlow Condensed&quot;;--button_typography-font-style:normal;--button_typography-font-weight:600;--button_margin-bottom:6PX;\" data-animationType=\"fadeInDown\" data-animationDuration=\"0.8\" data-animationDelay=\"1.8\" data-animationOffset=\"top-into-view\" target=\"_self\" href=\"https:\/\/alasiberia.com\/web\/logistica\/\"><span class=\"fusion-button-text awb-button__text awb-button__text--default\">LOG\u00cdSTICA<\/span><\/a><\/div><div style=\"text-align:center;\"><a class=\"fusion-button button-flat fusion-button-default-size button-custom fusion-button-default button-7 fusion-button-span-yes fusion-button-default-type fusion-animated\" style=\"--button_accent_color:var(--awb-color7);--button_border_color:var(--awb-color7);--button_accent_hover_color:var(--awb-color1);--button_border_hover_color:var(--awb-color4);--button_border_width-top:2px;--button_border_width-right:2px;--button_border_width-bottom:2px;--button_border_width-left:2px;--button-border-radius-top-left:0px;--button-border-radius-top-right:0px;--button-border-radius-bottom-right:90PX;--button-border-radius-bottom-left:0px;--button_gradient_top_color:var(--awb-color3);--button_gradient_bottom_color:var(--awb-color3);--button_gradient_top_color_hover:var(--awb-color4);--button_gradient_bottom_color_hover:var(--awb-color4);--button_font_size:20px;--button_typography-font-family:&quot;Barlow Condensed&quot;;--button_typography-font-style:normal;--button_typography-font-weight:600;\" data-animationType=\"fadeInDown\" data-animationDuration=\"0.8\" data-animationDelay=\"2.1\" data-animationOffset=\"top-into-view\" target=\"_self\" href=\"https:\/\/alasiberia.com\/web\/procesos\/innovacion-seguridad-y-sostenibilidad\/\"><span class=\"fusion-button-text awb-button__text awb-button__text--default\">INNOVACI\u00d3N, SEGURIDAD Y SOSTENIBILIDAD<\/span><\/a><\/div><\/div><\/div><\/div><\/div>\n","protected":false},"excerpt":{"rendered":"","protected":false},"author":1,"featured_media":0,"parent":486,"menu_order":0,"comment_status":"closed","ping_status":"closed","template":"100-width.php","meta":{"footnotes":""},"class_list":["post-197","page","type-page","status-publish","hentry"],"_links":{"self":[{"href":"https:\/\/alasiberia.com\/web\/wp-json\/wp\/v2\/pages\/197","targetHints":{"allow":["GET"]}}],"collection":[{"href":"https:\/\/alasiberia.com\/web\/wp-json\/wp\/v2\/pages"}],"about":[{"href":"https:\/\/alasiberia.com\/web\/wp-json\/wp\/v2\/types\/page"}],"author":[{"embeddable":true,"href":"https:\/\/alasiberia.com\/web\/wp-json\/wp\/v2\/users\/1"}],"replies":[{"embeddable":true,"href":"https:\/\/alasiberia.com\/web\/wp-json\/wp\/v2\/comments?post=197"}],"version-history":[{"count":14,"href":"https:\/\/alasiberia.com\/web\/wp-json\/wp\/v2\/pages\/197\/revisions"}],"predecessor-version":[{"id":1129,"href":"https:\/\/alasiberia.com\/web\/wp-json\/wp\/v2\/pages\/197\/revisions\/1129"}],"up":[{"embeddable":true,"href":"https:\/\/alasiberia.com\/web\/wp-json\/wp\/v2\/pages\/486"}],"wp:attachment":[{"href":"https:\/\/alasiberia.com\/web\/wp-json\/wp\/v2\/media?parent=197"}],"curies":[{"name":"wp","href":"https:\/\/api.w.org\/{rel}","templated":true}]}}