{"id":283,"date":"2023-06-26T18:52:14","date_gmt":"2023-06-26T16:52:14","guid":{"rendered":"https:\/\/alasiberia.com\/web\/?page_id=283"},"modified":"2023-08-02T13:38:16","modified_gmt":"2023-08-02T11:38:16","slug":"aluminio-y-sus-aleaciones","status":"publish","type":"page","link":"https:\/\/alasiberia.com\/web\/industria\/aluminio-y-sus-aleaciones\/","title":{"rendered":"Aluminio y aleaciones"},"content":{"rendered":"<p><div class=\"fusion-fullwidth fullwidth-box fusion-builder-row-1 fusion-flex-container has-pattern-background has-mask-background nonhundred-percent-fullwidth non-hundred-percent-height-scrolling\" style=\"--awb-border-radius-top-left:0px;--awb-border-radius-top-right:0px;--awb-border-radius-bottom-right:0px;--awb-border-radius-bottom-left:0px;--awb-margin-top:130px;--awb-margin-bottom:40px;--awb-flex-wrap:wrap;\" ><div class=\"fusion-builder-row fusion-row fusion-flex-align-items-flex-end fusion-flex-content-wrap\" style=\"max-width:calc( 1200px + 90px );margin-left: calc(-90px \/ 2 );margin-right: calc(-90px \/ 2 );\"><div class=\"fusion-layout-column fusion_builder_column fusion-builder-column-0 fusion_builder_column_3_5 3_5 fusion-flex-column\" style=\"--awb-bg-size:cover;--awb-width-large:60%;--awb-margin-top-large:0px;--awb-spacing-right-large:45px;--awb-margin-bottom-large:20px;--awb-spacing-left-large:45px;--awb-width-medium:60%;--awb-order-medium:0;--awb-spacing-right-medium:45px;--awb-spacing-left-medium:45px;--awb-width-small:100%;--awb-order-small:0;--awb-spacing-right-small:45px;--awb-spacing-left-small:45px;\"><div class=\"fusion-column-wrapper fusion-column-has-shadow fusion-flex-justify-content-flex-start fusion-content-layout-column\"><div class=\"fusion-title title fusion-title-1 fusion-sep-none fusion-title-text fusion-title-size-one\" style=\"--awb-margin-top-small:10px;--awb-margin-right-small:0px;--awb-margin-bottom-small:10px;--awb-margin-left-small:0px;\"><h1 class=\"fusion-title-heading title-heading-left\" style=\"margin:0;\">ALUMINIO<\/h1><\/div><div class=\"fusion-separator\" style=\"align-self: flex-start;margin-right:auto;margin-top:30px;margin-bottom:30px;width:100%;max-width:20%;\"><div class=\"fusion-separator-border sep-single sep-solid\" style=\"--awb-height:20px;--awb-amount:20px;--awb-sep-color:var(--awb-color6);border-color:var(--awb-color6);border-top-width:3px;\"><\/div><\/div><div class=\"fusion-text fusion-text-1\" style=\"--awb-content-alignment:justify;\"><p>El <strong>aluminio<\/strong> es un metal no ferromagn\u00e9tico de s\u00edmbolo \u00abAl\u00bb y n\u00famero at\u00f3mico 13. Los compuestos del aluminio constituyen el 8% de los que forman la corteza terrestre siendo el tercer elemento m\u00e1s com\u00fan encontrado en dicha corteza y se encuentra presente en la mayor\u00eda de las rocas, de la vegetaci\u00f3n y de los animales.<\/p>\n<p>El <strong>aluminio<\/strong> se extrae \u00fanicamente del mineral conocido como bauxita mediante transformaci\u00f3n en al\u00famina, a trav\u00e9s del proceso Bayer, en un primer proceso y a continuaci\u00f3n en aluminio met\u00e1lico mediante el proceso de electr\u00f3lisis. Su baja densidad, 2.698,4 hg\/m<sup>3<\/sup> y su alta resistencia a la corrosi\u00f3n le proporcionan unas propiedades que lo hacen muy \u00fatil para diferentes sectores y para fines muy variados.<\/p>\n<\/div><div class=\"fusion-image-element \" style=\"--awb-max-width:;--awb-caption-title-font-family:var(--h2_typography-font-family);--awb-caption-title-font-weight:var(--h2_typography-font-weight);--awb-caption-title-font-style:var(--h2_typography-font-style);--awb-caption-title-size:var(--h2_typography-font-size);--awb-caption-title-transform:var(--h2_typography-text-transform);--awb-caption-title-line-height:var(--h2_typography-line-height);--awb-caption-title-letter-spacing:var(--h2_typography-letter-spacing);\"><span class=\" fusion-imageframe imageframe-none imageframe-1 hover-type-none\"><img decoding=\"async\" width=\"1024\" height=\"412\" title=\"ALLUMINIO-ALAS-IBERIA-LANGREO ASTURIAS\" src=\"https:\/\/alasiberia.com\/web\/wp-content\/uploads\/2023\/06\/ALLUMINIO-ALAS-IBERIA-LANGREO-ASTURIAS-e1687805093820-1024x412.jpg\" alt class=\"img-responsive wp-image-303\" srcset=\"https:\/\/alasiberia.com\/web\/wp-content\/uploads\/2023\/06\/ALLUMINIO-ALAS-IBERIA-LANGREO-ASTURIAS-e1687805093820-200x80.jpg 200w, https:\/\/alasiberia.com\/web\/wp-content\/uploads\/2023\/06\/ALLUMINIO-ALAS-IBERIA-LANGREO-ASTURIAS-e1687805093820-400x161.jpg 400w, https:\/\/alasiberia.com\/web\/wp-content\/uploads\/2023\/06\/ALLUMINIO-ALAS-IBERIA-LANGREO-ASTURIAS-e1687805093820-600x241.jpg 600w, https:\/\/alasiberia.com\/web\/wp-content\/uploads\/2023\/06\/ALLUMINIO-ALAS-IBERIA-LANGREO-ASTURIAS-e1687805093820-800x322.jpg 800w, https:\/\/alasiberia.com\/web\/wp-content\/uploads\/2023\/06\/ALLUMINIO-ALAS-IBERIA-LANGREO-ASTURIAS-e1687805093820-1200x482.jpg 1200w, https:\/\/alasiberia.com\/web\/wp-content\/uploads\/2023\/06\/ALLUMINIO-ALAS-IBERIA-LANGREO-ASTURIAS-e1687805093820.jpg 1500w\" sizes=\"(max-width: 640px) 100vw, 800px\" \/><\/span><\/div><div class=\"fusion-text fusion-text-2\" style=\"--awb-content-alignment:justify;--awb-margin-top:15PX;\"><p>A pesar de precisar un cantidad de energ\u00eda el\u00e9ctrica muy elevada para su obtenci\u00f3n, es un material maleable, ign\u00edfugo, buen conductor, de f\u00e1cil mecanizaci\u00f3n, barato y 100% reciclable sin p\u00e9rdida de calidad, por lo que tiene resultados excepcionales en sus infinitas vidas. Fue aislado por primera vez en 1825 por el f\u00edsico dan\u00e9s H. C. \u00d8rsted.<\/p>\n<\/div><div class=\"fusion-title title fusion-title-2 fusion-no-small-visibility fusion-sep-none fusion-title-text fusion-title-size-two\" style=\"--awb-text-color:var(--awb-color7);--awb-margin-top:40px;--awb-margin-left:20px;--awb-margin-top-small:10px;--awb-margin-right-small:0px;--awb-margin-bottom-small:10px;--awb-margin-left-small:0px;\"><h2 class=\"fusion-title-heading title-heading-left\" style=\"margin:0;\"><p>Material polivalente, de gran uso industrial<br \/>\ny numerosas aplicaciones en diferentes sectores.<\/p><\/h2><\/div><div class=\"fusion-title title fusion-title-3 fusion-no-medium-visibility fusion-no-large-visibility fusion-sep-none fusion-title-text fusion-title-size-two\" style=\"--awb-text-color:var(--awb-color7);--awb-margin-top:40px;--awb-margin-left:20px;--awb-margin-top-small:10px;--awb-margin-right-small:0px;--awb-margin-bottom-small:10px;--awb-margin-left-small:0px;\"><h2 class=\"fusion-title-heading title-heading-left\" style=\"margin:0;\">Material polivalente,<br \/>\nde gran uso industrial<br \/>\ny numerosas aplicaciones<br \/>\nen diferentes sectores.<\/h2><\/div><div class=\"fusion-separator\" style=\"align-self: flex-start;margin-right:auto;margin-top:30px;margin-bottom:30px;width:100%;max-width:20%;\"><div class=\"fusion-separator-border sep-single sep-solid\" style=\"--awb-height:20px;--awb-amount:20px;--awb-sep-color:var(--awb-color6);border-color:var(--awb-color6);border-top-width:3px;\"><\/div><\/div><div class=\"fusion-text fusion-text-3\" style=\"--awb-content-alignment:justify;--awb-margin-top:15px;\"><p>El uso industrial de este metal lo ha convertido en uno de los m\u00e1s importantes en \u00e1mbitos econ\u00f3micos muy diversos, s\u00f3lo superado a d\u00eda de hoy por el hierro \/ acero.\u00a0El aluminio se usa en forma pura, aleado con otros metales o en compuestos no met\u00e1licos.<\/p>\n<p>Se pueden aprovechar sus <strong>propiedades \u00f3pticas<\/strong> para fabricar espejos o telescopios reflectores; gracias a su <strong>maleabilidad<\/strong> es utilizado para la fabricaci\u00f3n de latas, tetrabricks o papel de aluminio como embalaje alimentario. Por sus <strong>propiedades el\u00e9ctricas<\/strong> es capaz de competir en coste y prestaciones con el cobre tradicional, y <strong>aleado con otros metales<\/strong> se usa para la creaci\u00f3n de estructuras para arquitectura, industria, automoci\u00f3n y calderer\u00eda entre otros.<\/p>\n<\/div><\/div><\/div><div class=\"fusion-layout-column fusion_builder_column fusion-builder-column-1 fusion_builder_column_1_3 1_3 fusion-flex-column\" style=\"--awb-bg-size:cover;--awb-width-large:33.333333333333%;--awb-margin-top-large:0px;--awb-spacing-right-large:45px;--awb-margin-bottom-large:20px;--awb-spacing-left-large:45px;--awb-width-medium:33.333333333333%;--awb-order-medium:0;--awb-spacing-right-medium:45px;--awb-spacing-left-medium:45px;--awb-width-small:100%;--awb-order-small:0;--awb-spacing-right-small:45px;--awb-spacing-left-small:45px;\" data-scroll-devices=\"small-visibility,medium-visibility,large-visibility\"><div class=\"fusion-column-wrapper fusion-column-has-shadow fusion-flex-justify-content-flex-end fusion-content-layout-column\"><div class=\"fusion-builder-row fusion-builder-row-inner fusion-row fusion-flex-align-items-flex-end fusion-flex-content-wrap\" style=\"--awb-flex-grow:0;--awb-flex-grow-medium:0;--awb-flex-grow-small:0;--awb-flex-shrink:0;--awb-flex-shrink-medium:0;--awb-flex-shrink-small:0;width:calc( 100% + 90px ) !important;max-width:calc( 100% + 90px ) !important;margin-left: calc(-90px \/ 2 );margin-right: calc(-90px \/ 2 );\"><div class=\"fusion-layout-column fusion_builder_column_inner fusion-builder-nested-column-0 fusion_builder_column_inner_1_1 1_1 fusion-flex-column\" style=\"--awb-padding-top:30px;--awb-padding-right:10px;--awb-padding-left:10px;--awb-overflow:hidden;--awb-bg-size:cover;--awb-border-color:var(--awb-color7);--awb-border-top:2px;--awb-border-right:2px;--awb-border-bottom:2px;--awb-border-left:2px;--awb-border-style:solid;--awb-border-radius:90px 0px 0px 0px;--awb-width-large:100%;--awb-margin-top-large:0px;--awb-spacing-right-large:45px;--awb-margin-bottom-large:6px;--awb-spacing-left-large:45px;--awb-width-medium:100%;--awb-order-medium:0;--awb-spacing-right-medium:45px;--awb-spacing-left-medium:45px;--awb-width-small:100%;--awb-order-small:0;--awb-spacing-right-small:45px;--awb-spacing-left-small:45px;\" data-scroll-devices=\"small-visibility,medium-visibility,large-visibility\"><div class=\"fusion-column-wrapper fusion-column-has-shadow fusion-flex-justify-content-flex-start fusion-content-layout-column\"><div class=\"fusion-title title fusion-title-4 fusion-sep-none fusion-title-center fusion-title-text fusion-title-size-three\" style=\"--awb-text-color:var(--awb-color7);--awb-margin-top:5PX;--awb-margin-top-small:10px;--awb-margin-right-small:0px;--awb-margin-bottom-small:10px;--awb-margin-left-small:0px;--awb-font-size:25PX;\"><h3 class=\"fusion-title-heading title-heading-center\" style=\"font-family:&quot;Barlow Condensed&quot;;font-style:normal;font-weight:600;margin:0;font-size:1em;\"><p style=\"text-align: center;\">PROPIEDADES F\u00cdSICAS<\/p><\/h3><\/div><div class=\"fusion-separator\" style=\"align-self: center;margin-left: auto;margin-right: auto;margin-top:5PX;margin-bottom:10PX;width:100%;max-width:40%;\"><div class=\"fusion-separator-border sep-single sep-solid\" style=\"--awb-height:20px;--awb-amount:20px;--awb-sep-color:var(--awb-color6);border-color:var(--awb-color6);border-top-width:1px;\"><\/div><\/div><div class=\"fusion-text fusion-text-4\"><p style=\"text-align: center;\">Elemento muy abundante en la naturaleza, ligero, con densidad de 2700 kg\/m<sup>3<\/sup>, y bajo punto de fusi\u00f3n. Refleja la radiaci\u00f3n electromagn\u00e9tica del espectro visible, y es buen conductor el\u00e9ctrico y t\u00e9rmico.<\/p>\n<\/div><\/div><\/div><div class=\"fusion-layout-column fusion_builder_column_inner fusion-builder-nested-column-1 fusion_builder_column_inner_1_1 1_1 fusion-flex-column\" style=\"--awb-padding-top:30px;--awb-padding-right:10px;--awb-padding-left:10px;--awb-bg-size:cover;--awb-border-color:var(--awb-color7);--awb-border-top:2px;--awb-border-right:2px;--awb-border-bottom:2px;--awb-border-left:2px;--awb-border-style:solid;--awb-width-large:100%;--awb-margin-top-large:0px;--awb-spacing-right-large:45px;--awb-margin-bottom-large:6px;--awb-spacing-left-large:45px;--awb-width-medium:100%;--awb-order-medium:0;--awb-spacing-right-medium:45px;--awb-spacing-left-medium:45px;--awb-width-small:100%;--awb-order-small:0;--awb-spacing-right-small:45px;--awb-spacing-left-small:45px;\" data-scroll-devices=\"small-visibility,medium-visibility,large-visibility\"><div class=\"fusion-column-wrapper fusion-column-has-shadow fusion-flex-justify-content-flex-start fusion-content-layout-column\"><div class=\"fusion-title title fusion-title-5 fusion-sep-none fusion-title-center fusion-title-text fusion-title-size-three\" style=\"--awb-text-color:var(--awb-color7);--awb-margin-top:5PX;--awb-margin-top-small:10px;--awb-margin-right-small:0px;--awb-margin-bottom-small:10px;--awb-margin-left-small:0px;--awb-font-size:25PX;\"><h3 class=\"fusion-title-heading title-heading-center\" style=\"font-family:&quot;Barlow Condensed&quot;;font-style:normal;font-weight:600;margin:0;font-size:1em;\"><p style=\"text-align: center;\">PROPIEDADES MEC\u00c1NICAS<\/p><\/h3><\/div><div class=\"fusion-separator\" style=\"align-self: center;margin-left: auto;margin-right: auto;margin-top:5PX;margin-bottom:10PX;width:100%;max-width:40%;\"><div class=\"fusion-separator-border sep-single sep-solid\" style=\"--awb-height:20px;--awb-amount:20px;--awb-sep-color:var(--awb-color6);border-color:var(--awb-color6);border-top-width:1px;\"><\/div><\/div><div class=\"fusion-text fusion-text-5\"><p style=\"text-align: center;\">Material blando y maleable que tiene la capacidad de servir como aislante del proceso de oxidaci\u00f3n lo que le hace id\u00f3neo para la fabricaci\u00f3n de cables el\u00e9ctricos y l\u00e1minas delgadas. Se alea con otros metales, lo que permite realizar operaciones de fundici\u00f3n,\u00a0 forja y extrusi\u00f3n.<\/p>\n<\/div><\/div><\/div><div class=\"fusion-layout-column fusion_builder_column_inner fusion-builder-nested-column-2 fusion_builder_column_inner_1_1 1_1 fusion-flex-column\" style=\"--awb-padding-top:30px;--awb-padding-right:10px;--awb-padding-left:10px;--awb-overflow:hidden;--awb-bg-size:cover;--awb-border-color:var(--awb-color7);--awb-border-top:2px;--awb-border-right:2px;--awb-border-bottom:2px;--awb-border-left:2px;--awb-border-style:solid;--awb-border-radius:0px 0px 90px 0px;--awb-width-large:100%;--awb-margin-top-large:0px;--awb-spacing-right-large:45px;--awb-margin-bottom-large:6px;--awb-spacing-left-large:45px;--awb-width-medium:100%;--awb-order-medium:0;--awb-spacing-right-medium:45px;--awb-spacing-left-medium:45px;--awb-width-small:100%;--awb-order-small:0;--awb-spacing-right-small:45px;--awb-spacing-left-small:45px;\" data-scroll-devices=\"small-visibility,medium-visibility,large-visibility\"><div class=\"fusion-column-wrapper fusion-column-has-shadow fusion-flex-justify-content-flex-start fusion-content-layout-column\"><div class=\"fusion-title title fusion-title-6 fusion-sep-none fusion-title-center fusion-title-text fusion-title-size-three\" style=\"--awb-text-color:var(--awb-color7);--awb-margin-top:5PX;--awb-margin-top-small:10px;--awb-margin-right-small:0px;--awb-margin-bottom-small:10px;--awb-margin-left-small:0px;--awb-font-size:25PX;\"><h3 class=\"fusion-title-heading title-heading-center\" style=\"font-family:&quot;Barlow Condensed&quot;;font-style:normal;font-weight:600;margin:0;font-size:1em;\"><p style=\"text-align: center;\">PROPIEDADES QU\u00cdMICAS<\/p><\/h3><\/div><div class=\"fusion-separator\" style=\"align-self: center;margin-left: auto;margin-right: auto;margin-top:5PX;margin-bottom:10PX;width:100%;max-width:40%;\"><div class=\"fusion-separator-border sep-single sep-solid\" style=\"--awb-height:20px;--awb-amount:20px;--awb-sep-color:var(--awb-color6);border-color:var(--awb-color6);border-top-width:1px;\"><\/div><\/div><div class=\"fusion-text fusion-text-6\"><p style=\"text-align: center;\">Reacciona con el ox\u00edgeno de la atm\u00f3sfera formando con rapidez una fina capa de al\u00famina, que recubre el material, aisl\u00e1ndolo de posteriores corrosiones. Esto es una caracter\u00edstica \u00fanica del aluminio frente a otros materiales.<\/p>\n<\/div><\/div><\/div><\/div><\/div><\/div><\/div><\/div><div class=\"fusion-bg-parallax\" data-bg-align=\"center center\" data-direction=\"up\" data-mute=\"false\" data-opacity=\"100\" data-velocity=\"-0.5\" data-mobile-enabled=\"true\" data-break_parents=\"0\" data-bg-image=\"https:\/\/alasiberia.com\/web\/wp-content\/uploads\/2023\/06\/aleaciones-del-aluminio-1024x683.jpg\" data-bg-repeat=\"false\" data-bg-color=\"rgba(137,137,137,0.76)\" data-blend-mode=\"overlay\" ><\/div><div class=\"fusion-fullwidth fullwidth-box fusion-builder-row-2 fusion-flex-container has-pattern-background has-mask-background fusion-parallax-up nonhundred-percent-fullwidth non-hundred-percent-height-scrolling\" style=\"--awb-background-blend-mode:overlay;--awb-border-radius-top-left:0px;--awb-border-radius-top-right:0px;--awb-border-radius-bottom-right:0px;--awb-border-radius-bottom-left:0px;--awb-padding-top:150px;--awb-padding-bottom:200PX;--awb-background-color:rgba(137,137,137,0.76);--awb-background-image:url(&quot;https:\/\/alasiberia.com\/web\/wp-content\/uploads\/2023\/06\/aleaciones-del-aluminio-1024x683.jpg&quot;);--awb-background-size:cover;--awb-flex-wrap:wrap;\" ><div class=\"fusion-builder-row fusion-row fusion-flex-align-items-flex-start fusion-flex-content-wrap\" style=\"max-width:1248px;margin-left: calc(-4% \/ 2 );margin-right: calc(-4% \/ 2 );\"><div class=\"fusion-layout-column fusion_builder_column fusion-builder-column-2 fusion_builder_column_1_1 1_1 fusion-flex-column\" style=\"--awb-bg-size:cover;--awb-width-large:100%;--awb-margin-top-large:0px;--awb-spacing-right-large:1.92%;--awb-margin-bottom-large:20px;--awb-spacing-left-large:1.92%;--awb-width-medium:100%;--awb-order-medium:0;--awb-spacing-right-medium:1.92%;--awb-spacing-left-medium:1.92%;--awb-width-small:100%;--awb-order-small:0;--awb-spacing-right-small:1.92%;--awb-spacing-left-small:1.92%;\"><div class=\"fusion-column-wrapper fusion-column-has-shadow fusion-flex-justify-content-flex-start fusion-content-layout-column\"><div class=\"fusion-title title fusion-title-7 fusion-sep-none fusion-title-center fusion-title-text fusion-title-size-two\" style=\"--awb-text-color:var(--awb-color1);--awb-margin-top-small:10px;--awb-margin-right-small:0px;--awb-margin-bottom-small:10px;--awb-margin-left-small:0px;--awb-font-size:40PX;\"><h2 class=\"fusion-title-heading title-heading-center\" style=\"margin:0;font-size:1em;text-shadow:3PX 3PX 7px var(--awb-color8);\">ALEACIONES DEL ALUMINIO<\/h2><\/div><\/div><\/div><\/div><\/div><div class=\"fusion-fullwidth fullwidth-box fusion-builder-row-3 fusion-flex-container has-pattern-background has-mask-background hundred-percent-fullwidth non-hundred-percent-height-scrolling\" style=\"--awb-border-radius-top-left:0px;--awb-border-radius-top-right:0px;--awb-border-radius-bottom-right:0px;--awb-border-radius-bottom-left:0px;--awb-flex-wrap:wrap;\" ><div class=\"fusion-builder-row fusion-row fusion-flex-align-items-flex-start fusion-flex-justify-content-center fusion-flex-content-wrap\" style=\"width:104% !important;max-width:104% !important;margin-left: calc(-4% \/ 2 );margin-right: calc(-4% \/ 2 );\"><div class=\"fusion-layout-column fusion_builder_column fusion-builder-column-3 fusion_builder_column_3_4 3_4 fusion-flex-column\" style=\"--awb-padding-top:40px;--awb-padding-right:30px;--awb-padding-bottom:40px;--awb-padding-left:30px;--awb-overflow:hidden;--awb-bg-color:rgba(249,249,251,0.94);--awb-bg-color-hover:rgba(249,249,251,0.94);--awb-bg-size:cover;--awb-box-shadow:3px 3px 6px 0px var(--awb-color7);;--awb-border-color:var(--awb-color7);--awb-border-top:2px;--awb-border-right:2px;--awb-border-bottom:2px;--awb-border-left:2px;--awb-border-style:solid;--awb-border-radius:90px 0px 90px 0px;--awb-width-large:75%;--awb-margin-top-large:-150px;--awb-spacing-right-large:2.56%;--awb-margin-bottom-large:20px;--awb-spacing-left-large:2.56%;--awb-width-medium:75%;--awb-order-medium:0;--awb-spacing-right-medium:2.56%;--awb-spacing-left-medium:2.56%;--awb-width-small:100%;--awb-order-small:0;--awb-spacing-right-small:1.92%;--awb-spacing-left-small:1.92%;\" data-scroll-devices=\"small-visibility,medium-visibility,large-visibility\"><div class=\"fusion-column-wrapper fusion-column-has-shadow fusion-flex-justify-content-flex-start fusion-content-layout-column\"><div class=\"fusion-text fusion-text-7 fusion-no-small-visibility\" style=\"--awb-font-size:20px;--awb-text-color:var(--awb-color7);\"><p style=\"text-align: center;\">La resistencia y ligereza del aluminio le convierten en un metal cada vez m\u00e1s imprescindible para multitud de industrias,<br \/>\npero no se usa en estado puro, por lo que tras el proceso de extracci\u00f3n del mismo se hace necesario<br \/>\nun posterior proceso de aleaci\u00f3n con otros metales para poder utilizarlo en distintos usos industriales.<\/p>\n<p style=\"text-align: center;\">Las aleaciones com\u00fanmente utilizadas en la extrusi\u00f3n de perfiles pertenecen a la serie 6000,<br \/>\nque utiliza Silicio y Magnesio como elementos aleantes. Son aleaciones endurecibles mediante diversos tratamientos<br \/>\nt\u00e9rmicos espec\u00edficos, con el objeto de alcanzar las propiedades requeridas en cada aplicaci\u00f3n.<\/p>\n<\/div><div class=\"fusion-text fusion-text-8 fusion-no-medium-visibility fusion-no-large-visibility\" style=\"--awb-font-size:18px;--awb-text-color:var(--awb-color7);\"><p style=\"text-align: center;\">La resistencia y ligereza del aluminio le convierten en un metal cada vez m\u00e1s imprescindible para multitud de industrias, pero no se usa en estado puro, por lo que tras el proceso de extracci\u00f3n del mismo se hace necesario un posterior proceso de aleaci\u00f3n con otros metales para poder utilizarlo en distintos usos industriales.<\/p>\n<p style=\"text-align: center;\">Las aleaciones com\u00fanmente utilizadas en la extrusi\u00f3n de perfiles pertenecen a la serie 6000, que utiliza Silicio y Magnesio como elementos aleantes. Son aleaciones endurecibles mediante diversos tratamientos t\u00e9rmicos espec\u00edficos, con el objeto de alcanzar las propiedades requeridas en cada aplicaci\u00f3n.<\/p>\n<p style=\"text-align: center;\"><strong><em>Despl\u00e1zate izquierda y derecha<br \/>\npor la siguiente tabla<\/em><\/strong><\/p>\n<\/div>\n<div class=\"table-1\">\n<table width=\"100%\">\n<thead>\n<tr>\n<th align=\"left\"><strong>SERIE<\/strong><\/th>\n<th align=\"left\"><strong>ALEANTE<\/strong><\/th>\n<th align=\"left\"><strong>USOS<\/strong><\/th>\n<\/tr>\n<\/thead>\n<tbody>\n<tr>\n<td align=\"left\">1000<\/td>\n<td align=\"left\">Aluminio con impurezas<\/td>\n<td align=\"left\">Laminaci\u00f3n en fr\u00edo<\/td>\n<\/tr>\n<tr>\n<td align=\"left\">2000<\/td>\n<td align=\"left\">Cobre<\/td>\n<td align=\"left\">Automoci\u00f3n, Electrodom\u00e9sticos, Ingenier\u00eda Aeroespacial y Artiller\u00eda.<\/td>\n<\/tr>\n<tr>\n<td align=\"left\">3000<\/td>\n<td align=\"left\">Manganeso<\/td>\n<td align=\"left\">Envases, L\u00e1minas, Decoraci\u00f3n en general<\/td>\n<\/tr>\n<tr>\n<td align=\"left\">4000<\/td>\n<td align=\"left\">Silicio<\/td>\n<td align=\"left\">Soldadura<\/td>\n<\/tr>\n<tr>\n<td align=\"left\">5000<\/td>\n<td align=\"left\">Magnesio<\/td>\n<td align=\"left\">Infraestructuras marinas, Aeroespacial y Arquitectura<\/td>\n<\/tr>\n<tr>\n<td align=\"left\">6000<\/td>\n<td align=\"left\">Magnesio + Silicio<\/td>\n<td align=\"left\">Ingenier\u00eda aeroespacial y naval, Automoci\u00f3n, Industria Alimentaria y Arquitectura<\/td>\n<\/tr>\n<tr>\n<td align=\"left\">7000<\/td>\n<td align=\"left\">Zinc<\/td>\n<td align=\"left\">Ingenier\u00eda Aeroespacial<\/td>\n<\/tr>\n<\/tbody>\n<\/table>\n<\/div>\n<\/div><\/div><\/div><\/div><\/p>\n","protected":false},"excerpt":{"rendered":"","protected":false},"author":1,"featured_media":0,"parent":730,"menu_order":0,"comment_status":"closed","ping_status":"closed","template":"100-width.php","meta":{"footnotes":""},"class_list":["post-283","page","type-page","status-publish","hentry"],"_links":{"self":[{"href":"https:\/\/alasiberia.com\/web\/wp-json\/wp\/v2\/pages\/283","targetHints":{"allow":["GET"]}}],"collection":[{"href":"https:\/\/alasiberia.com\/web\/wp-json\/wp\/v2\/pages"}],"about":[{"href":"https:\/\/alasiberia.com\/web\/wp-json\/wp\/v2\/types\/page"}],"author":[{"embeddable":true,"href":"https:\/\/alasiberia.com\/web\/wp-json\/wp\/v2\/users\/1"}],"replies":[{"embeddable":true,"href":"https:\/\/alasiberia.com\/web\/wp-json\/wp\/v2\/comments?post=283"}],"version-history":[{"count":50,"href":"https:\/\/alasiberia.com\/web\/wp-json\/wp\/v2\/pages\/283\/revisions"}],"predecessor-version":[{"id":1144,"href":"https:\/\/alasiberia.com\/web\/wp-json\/wp\/v2\/pages\/283\/revisions\/1144"}],"up":[{"embeddable":true,"href":"https:\/\/alasiberia.com\/web\/wp-json\/wp\/v2\/pages\/730"}],"wp:attachment":[{"href":"https:\/\/alasiberia.com\/web\/wp-json\/wp\/v2\/media?parent=283"}],"curies":[{"name":"wp","href":"https:\/\/api.w.org\/{rel}","templated":true}]}}